{"id":6754,"date":"2016-03-08T07:52:47","date_gmt":"2016-03-08T07:52:47","guid":{"rendered":"http:\/\/rocafariners.com\/product\/mixandino\/?lang=ca"},"modified":"2021-12-30T15:39:17","modified_gmt":"2021-12-30T15:39:17","slug":"mixandino","status":"publish","type":"product","link":"https:\/\/rocafariners.com\/ca\/producte\/mixandino\/","title":{"rendered":"Mix And\u00ed"},"content":{"rendered":"<p>Barreja de quinoa blanca, quinoa vermella i chia<\/p>\n<p><a href=\"http:\/\/rocafariners.com\/ca\/pa-rostoll-andi\/\">Recepta pa rostoll and\u00ed<\/a><\/p>\n<p><a href=\"http:\/\/rocafariners.com\/ca\/crackers-mix-6-semillas-semola-de-trigo-duro-y-mix-andino\/\">Recepta crackers mix 6 llavors i mix and\u00ed<\/a><\/p>\n","protected":false},"excerpt":{"rendered":"<ul>\n<li>Quinoa vermella, quinoa blanca i ch\u00eda<\/li>\n<li>El preu no inclou IVA ni <a href=\"\/entrega-2\/?lang=ca\" rel=\"nofollow\">entrega<\/a><\/li>\n<\/ul>\n<p><a href=\"http:\/\/rocafariners.com\/pa-rostoll-andi\/?lang=ca\">Recepta pa rostoll and\u00ed<\/a><\/p>\n<p><a href=\"http:\/\/rocafariners.com\/crackers-mix-6-semillas-semola-de-trigo-duro-y-mix-andino\/?lang=ca\"> Recepta crackers mix and\u00ed\u00a0i mix llavors<\/a><\/p>\n","protected":false},"featured_media":53785,"comment_status":"open","ping_status":"closed","template":"","meta":{"_monsterinsights_skip_tracking":false,"_monsterinsights_sitenote_active":false,"_monsterinsights_sitenote_note":"","_monsterinsights_sitenote_category":0},"product_cat":[56],"product_tag":[],"yoast_head":"<!-- This site is optimized with the Yoast SEO plugin v15.4 - https:\/\/yoast.com\/wordpress\/plugins\/seo\/ -->\n<title>Mix And\u00ed - Farinera Roca<\/title>\n<meta name=\"robots\" content=\"index, follow, max-snippet:-1, max-image-preview:large, max-video-preview:-1\" \/>\n<link rel=\"canonical\" href=\"https:\/\/rocafariners.com\/ca\/producte\/mixandino\/\" \/>\n<meta property=\"og:locale\" content=\"ca_ES\" \/>\n<meta property=\"og:type\" content=\"article\" \/>\n<meta property=\"og:title\" content=\"Mix And\u00ed - Farinera Roca\" \/>\n<meta property=\"og:description\" content=\"Quinoa vermella, quinoa blanca i ch\u00eda  El preu no inclou IVA ni entrega  Recepta pa rostoll and\u00ed   Recepta crackers mix and\u00ed\u00a0i mix llavors\" \/>\n<meta property=\"og:url\" content=\"https:\/\/rocafariners.com\/ca\/producte\/mixandino\/\" \/>\n<meta property=\"og:site_name\" content=\"Farinera Roca\" \/>\n<meta property=\"article:modified_time\" content=\"2021-12-30T15:39:17+00:00\" \/>\n<meta property=\"og:image\" content=\"https:\/\/rocafariners.com\/wp-content\/uploads\/2016\/03\/sacs-roca-mix-andino-eco-cropejats-10-kg.png\" \/>\n\t<meta property=\"og:image:width\" content=\"2112\" \/>\n\t<meta property=\"og:image:height\" content=\"2816\" \/>\n<meta name=\"twitter:card\" content=\"summary_large_image\" \/>\n<meta name=\"twitter:label1\" content=\"Escrit per\">\n\t<meta name=\"twitter:data1\" content=\"Remei Farinera roca\">\n\t<meta name=\"twitter:label2\" content=\"Temps estimat de lectura\">\n\t<meta name=\"twitter:data2\" content=\"0 minuts\">\n<script type=\"application\/ld+json\" class=\"yoast-schema-graph\">{\"@context\":\"https:\/\/schema.org\",\"@graph\":[{\"@type\":\"WebSite\",\"@id\":\"http:\/\/rocafariners.com\/#website\",\"url\":\"http:\/\/rocafariners.com\/\",\"name\":\"Farinera Roca\",\"description\":\"buen trigo, buena harina, buen pan\",\"potentialAction\":[{\"@type\":\"SearchAction\",\"target\":\"http:\/\/rocafariners.com\/?s={search_term_string}\",\"query-input\":\"required name=search_term_string\"}],\"inLanguage\":\"ca\"},{\"@type\":\"ImageObject\",\"@id\":\"https:\/\/rocafariners.com\/ca\/producte\/mixandino\/#primaryimage\",\"inLanguage\":\"ca\",\"url\":\"https:\/\/rocafariners.com\/wp-content\/uploads\/2016\/03\/sacs-roca-mix-andino-eco-cropejats-10-kg.png\",\"width\":2112,\"height\":2816},{\"@type\":\"WebPage\",\"@id\":\"https:\/\/rocafariners.com\/ca\/producte\/mixandino\/#webpage\",\"url\":\"https:\/\/rocafariners.com\/ca\/producte\/mixandino\/\",\"name\":\"Mix And\\u00ed - Farinera Roca\",\"isPartOf\":{\"@id\":\"http:\/\/rocafariners.com\/#website\"},\"primaryImageOfPage\":{\"@id\":\"https:\/\/rocafariners.com\/ca\/producte\/mixandino\/#primaryimage\"},\"datePublished\":\"2016-03-08T07:52:47+00:00\",\"dateModified\":\"2021-12-30T15:39:17+00:00\",\"inLanguage\":\"ca\",\"potentialAction\":[{\"@type\":\"ReadAction\",\"target\":[\"https:\/\/rocafariners.com\/ca\/producte\/mixandino\/\"]}]}]}<\/script>\n<!-- \/ Yoast SEO plugin. -->","_links":{"self":[{"href":"https:\/\/rocafariners.com\/ca\/wp-json\/wp\/v2\/product\/6754\/"}],"collection":[{"href":"https:\/\/rocafariners.com\/ca\/wp-json\/wp\/v2\/product\/"}],"about":[{"href":"https:\/\/rocafariners.com\/ca\/wp-json\/wp\/v2\/types\/product\/"}],"replies":[{"embeddable":true,"href":"https:\/\/rocafariners.com\/ca\/wp-json\/wp\/v2\/comments\/?post=6754"}],"wp:featuredmedia":[{"embeddable":true,"href":"https:\/\/rocafariners.com\/ca\/wp-json\/wp\/v2\/media\/53785\/"}],"wp:attachment":[{"href":"https:\/\/rocafariners.com\/ca\/wp-json\/wp\/v2\/media\/?parent=6754"}],"wp:term":[{"taxonomy":"product_cat","embeddable":true,"href":"https:\/\/rocafariners.com\/ca\/wp-json\/wp\/v2\/product_cat\/?post=6754"},{"taxonomy":"product_tag","embeddable":true,"href":"https:\/\/rocafariners.com\/ca\/wp-json\/wp\/v2\/product_tag\/?post=6754"}],"curies":[{"name":"wp","href":"https:\/\/api.w.org\/{rel}","templated":true}]}}