{"id":67312,"date":"2025-11-19T12:39:44","date_gmt":"2025-11-19T12:39:44","guid":{"rendered":"https:\/\/rocafariners.com\/?post_type=product&#038;p=67312"},"modified":"2025-11-19T15:33:29","modified_gmt":"2025-11-19T15:33:29","slug":"farina-ecologica-meteil","status":"publish","type":"product","link":"https:\/\/rocafariners.com\/ca\/producte\/farina-ecologica-meteil\/","title":{"rendered":"Farina ecol\u00f2gica M\u00e9teil"},"content":{"rendered":"<p>Barreja de farines ecol\u00f2giques de blat, s\u00e8gol i maltes torrades.<\/p>\n<p>Molt sabor, perfecte per pans amb molt car\u00e0cter i profunditat. Llarga durabilitat per a creacions que mantenen la seva frescura i textura per m\u00e9s temps.<\/p>\n<p>Eleva els teus pans afegint llavors i\/o flocs de civada.<\/p>\n<p>&nbsp;<\/p>\n<p>&nbsp;<\/p>\n<p>&nbsp;<\/p>\n","protected":false},"excerpt":{"rendered":"<ul>\n<li>El preu no inclou IVA ni <a href=\"http:\/\/rocafariners.com\/?page_id=59\" rel=\"nofollow\">entrega<\/a><\/li>\n<\/ul>\n","protected":false},"featured_media":67316,"comment_status":"open","ping_status":"closed","template":"","meta":{"_monsterinsights_skip_tracking":false,"_monsterinsights_sitenote_active":false,"_monsterinsights_sitenote_note":"","_monsterinsights_sitenote_category":0},"product_cat":[29,31],"product_tag":[80],"yoast_head":"<!-- This site is optimized with the Yoast SEO plugin v15.4 - https:\/\/yoast.com\/wordpress\/plugins\/seo\/ -->\n<title>Farina ecol\u00f2gica M\u00e9teil - Farinera Roca<\/title>\n<meta name=\"description\" content=\"Barreja de farines ecol\u00f2giques de blat, s\u00e8gol i maltes torrades.Molt sabor, perfecte per pans amb molt car\u00e0cter i profunditat. Llarga durabilitat per a creacions que mantenen la seva frescura i textura per m\u00e9s temps.Eleva els teus pans afegint llavors i\/o flocs de civada.\" \/>\n<meta name=\"robots\" content=\"index, follow, max-snippet:-1, max-image-preview:large, max-video-preview:-1\" \/>\n<link rel=\"canonical\" href=\"https:\/\/rocafariners.com\/ca\/producte\/farina-ecologica-meteil\/\" \/>\n<meta property=\"og:locale\" content=\"ca_ES\" \/>\n<meta property=\"og:type\" content=\"article\" \/>\n<meta property=\"og:title\" content=\"Farina ecol\u00f2gica M\u00e9teil - Farinera Roca\" \/>\n<meta property=\"og:description\" content=\"Barreja de farines ecol\u00f2giques de blat, s\u00e8gol i maltes torrades.Molt sabor, perfecte per pans amb molt car\u00e0cter i profunditat. Llarga durabilitat per a creacions que mantenen la seva frescura i textura per m\u00e9s temps.Eleva els teus pans afegint llavors i\/o flocs de civada.\" \/>\n<meta property=\"og:url\" content=\"https:\/\/rocafariners.com\/ca\/producte\/farina-ecologica-meteil\/\" \/>\n<meta property=\"og:site_name\" content=\"Farinera Roca\" \/>\n<meta property=\"article:modified_time\" content=\"2025-11-19T15:33:29+00:00\" \/>\n<meta property=\"og:image\" content=\"https:\/\/rocafariners.com\/wp-content\/uploads\/2025\/11\/me\u0301teil_-002-1.png\" \/>\n\t<meta property=\"og:image:width\" content=\"2112\" \/>\n\t<meta property=\"og:image:height\" content=\"2816\" \/>\n<meta name=\"twitter:card\" content=\"summary_large_image\" \/>\n<meta name=\"twitter:label1\" content=\"Escrit per\">\n\t<meta name=\"twitter:data1\" content=\"Remei Farinera roca\">\n\t<meta name=\"twitter:label2\" content=\"Temps estimat de lectura\">\n\t<meta name=\"twitter:data2\" content=\"0 minuts\">\n<script type=\"application\/ld+json\" class=\"yoast-schema-graph\">{\"@context\":\"https:\/\/schema.org\",\"@graph\":[{\"@type\":\"WebSite\",\"@id\":\"http:\/\/rocafariners.com\/#website\",\"url\":\"http:\/\/rocafariners.com\/\",\"name\":\"Farinera Roca\",\"description\":\"buen trigo, buena harina, buen pan\",\"potentialAction\":[{\"@type\":\"SearchAction\",\"target\":\"http:\/\/rocafariners.com\/?s={search_term_string}\",\"query-input\":\"required name=search_term_string\"}],\"inLanguage\":\"ca\"},{\"@type\":\"ImageObject\",\"@id\":\"https:\/\/rocafariners.com\/ca\/producte\/farina-ecologica-meteil\/#primaryimage\",\"inLanguage\":\"ca\",\"url\":\"https:\/\/rocafariners.com\/wp-content\/uploads\/2025\/11\/me\\u0301teil_-002-1.png\",\"width\":2112,\"height\":2816},{\"@type\":\"WebPage\",\"@id\":\"https:\/\/rocafariners.com\/ca\/producte\/farina-ecologica-meteil\/#webpage\",\"url\":\"https:\/\/rocafariners.com\/ca\/producte\/farina-ecologica-meteil\/\",\"name\":\"Farina ecol\\u00f2gica M\\u00e9teil - Farinera Roca\",\"isPartOf\":{\"@id\":\"http:\/\/rocafariners.com\/#website\"},\"primaryImageOfPage\":{\"@id\":\"https:\/\/rocafariners.com\/ca\/producte\/farina-ecologica-meteil\/#primaryimage\"},\"datePublished\":\"2025-11-19T12:39:44+00:00\",\"dateModified\":\"2025-11-19T15:33:29+00:00\",\"description\":\"Barreja de farines ecol\\u00f2giques de blat, s\\u00e8gol i maltes torrades.Molt sabor, perfecte per pans amb molt car\\u00e0cter i profunditat. Llarga durabilitat per a creacions que mantenen la seva frescura i textura per m\\u00e9s temps.Eleva els teus pans afegint llavors i\/o flocs de civada.\",\"inLanguage\":\"ca\",\"potentialAction\":[{\"@type\":\"ReadAction\",\"target\":[\"https:\/\/rocafariners.com\/ca\/producte\/farina-ecologica-meteil\/\"]}]}]}<\/script>\n<!-- \/ Yoast SEO plugin. -->","_links":{"self":[{"href":"https:\/\/rocafariners.com\/ca\/wp-json\/wp\/v2\/product\/67312\/"}],"collection":[{"href":"https:\/\/rocafariners.com\/ca\/wp-json\/wp\/v2\/product\/"}],"about":[{"href":"https:\/\/rocafariners.com\/ca\/wp-json\/wp\/v2\/types\/product\/"}],"replies":[{"embeddable":true,"href":"https:\/\/rocafariners.com\/ca\/wp-json\/wp\/v2\/comments\/?post=67312"}],"wp:featuredmedia":[{"embeddable":true,"href":"https:\/\/rocafariners.com\/ca\/wp-json\/wp\/v2\/media\/67316\/"}],"wp:attachment":[{"href":"https:\/\/rocafariners.com\/ca\/wp-json\/wp\/v2\/media\/?parent=67312"}],"wp:term":[{"taxonomy":"product_cat","embeddable":true,"href":"https:\/\/rocafariners.com\/ca\/wp-json\/wp\/v2\/product_cat\/?post=67312"},{"taxonomy":"product_tag","embeddable":true,"href":"https:\/\/rocafariners.com\/ca\/wp-json\/wp\/v2\/product_tag\/?post=67312"}],"curies":[{"name":"wp","href":"https:\/\/api.w.org\/{rel}","templated":true}]}}