{"id":58389,"date":"2023-01-11T15:23:08","date_gmt":"2023-01-11T15:23:08","guid":{"rendered":"https:\/\/rocafariners.com\/?post_type=product&#038;p=58389"},"modified":"2023-01-11T16:42:31","modified_gmt":"2023-01-11T16:42:31","slug":"farina-ecologica-pizza","status":"publish","type":"product","link":"https:\/\/rocafariners.com\/ca\/producte\/farina-ecologica-pizza\/","title":{"rendered":"Farina ecol\u00f2gica Pizza"},"content":{"rendered":"<p>Farina extensible de for\u00e7a per a llargues fermentacions en c\u00e0mara.<\/p>\n<p>Per a pizzes lleugeres i cruixents. El secret est\u00e0 en una bona massa.<\/p>\n<p>&nbsp;<\/p>\n<p>&nbsp;<\/p>\n<p>&nbsp;<\/p>\n<p>&nbsp;<\/p>\n","protected":false},"excerpt":{"rendered":"<ul>\n<li>El preu no inclou IVA ni <a href=\"http:\/\/rocafariners.com\/?page_id=59\" rel=\"nofollow\">entrega<\/a><\/li>\n<\/ul>\n","protected":false},"featured_media":58393,"comment_status":"open","ping_status":"closed","template":"","meta":{"_monsterinsights_skip_tracking":false,"_monsterinsights_sitenote_active":false,"_monsterinsights_sitenote_note":"","_monsterinsights_sitenote_category":0},"product_cat":[29,31],"product_tag":[80],"yoast_head":"<!-- This site is optimized with the Yoast SEO plugin v15.4 - https:\/\/yoast.com\/wordpress\/plugins\/seo\/ -->\n<title>Farina ecol\u00f2gica Pizza - Farinera Roca<\/title>\n<meta name=\"description\" content=\"Farina extensible de for\u00e7a per a llargues fermentacions en c\u00e0mara. Per a pizzes lleugeres i cruixents. El secret est\u00e0 en una bona massa.\" \/>\n<meta name=\"robots\" content=\"index, follow, max-snippet:-1, max-image-preview:large, max-video-preview:-1\" \/>\n<link rel=\"canonical\" href=\"https:\/\/rocafariners.com\/ca\/producte\/farina-ecologica-pizza\/\" \/>\n<meta property=\"og:locale\" content=\"ca_ES\" \/>\n<meta property=\"og:type\" content=\"article\" \/>\n<meta property=\"og:title\" content=\"Farina ecol\u00f2gica Pizza - Farinera Roca\" \/>\n<meta property=\"og:description\" content=\"Farina extensible de for\u00e7a per a llargues fermentacions en c\u00e0mara. Per a pizzes lleugeres i cruixents. El secret est\u00e0 en una bona massa.\" \/>\n<meta property=\"og:url\" content=\"https:\/\/rocafariners.com\/ca\/producte\/farina-ecologica-pizza\/\" \/>\n<meta property=\"og:site_name\" content=\"Farinera Roca\" \/>\n<meta property=\"article:modified_time\" content=\"2023-01-11T16:42:31+00:00\" \/>\n<meta property=\"og:image\" content=\"https:\/\/rocafariners.com\/wp-content\/uploads\/2023\/01\/sacpizza.jpg\" \/>\n\t<meta property=\"og:image:width\" content=\"1200\" \/>\n\t<meta property=\"og:image:height\" content=\"1600\" \/>\n<meta name=\"twitter:card\" content=\"summary_large_image\" \/>\n<meta name=\"twitter:label1\" content=\"Escrit per\">\n\t<meta name=\"twitter:data1\" content=\"Remei Farinera roca\">\n\t<meta name=\"twitter:label2\" content=\"Temps estimat de lectura\">\n\t<meta name=\"twitter:data2\" content=\"0 minuts\">\n<script type=\"application\/ld+json\" class=\"yoast-schema-graph\">{\"@context\":\"https:\/\/schema.org\",\"@graph\":[{\"@type\":\"WebSite\",\"@id\":\"http:\/\/rocafariners.com\/#website\",\"url\":\"http:\/\/rocafariners.com\/\",\"name\":\"Farinera Roca\",\"description\":\"buen trigo, buena harina, buen pan\",\"potentialAction\":[{\"@type\":\"SearchAction\",\"target\":\"http:\/\/rocafariners.com\/?s={search_term_string}\",\"query-input\":\"required name=search_term_string\"}],\"inLanguage\":\"ca\"},{\"@type\":\"ImageObject\",\"@id\":\"https:\/\/rocafariners.com\/ca\/producte\/farina-ecologica-pizza\/#primaryimage\",\"inLanguage\":\"ca\",\"url\":\"https:\/\/rocafariners.com\/wp-content\/uploads\/2023\/01\/sacpizza.jpg\",\"width\":1200,\"height\":1600},{\"@type\":\"WebPage\",\"@id\":\"https:\/\/rocafariners.com\/ca\/producte\/farina-ecologica-pizza\/#webpage\",\"url\":\"https:\/\/rocafariners.com\/ca\/producte\/farina-ecologica-pizza\/\",\"name\":\"Farina ecol\\u00f2gica Pizza - Farinera Roca\",\"isPartOf\":{\"@id\":\"http:\/\/rocafariners.com\/#website\"},\"primaryImageOfPage\":{\"@id\":\"https:\/\/rocafariners.com\/ca\/producte\/farina-ecologica-pizza\/#primaryimage\"},\"datePublished\":\"2023-01-11T15:23:08+00:00\",\"dateModified\":\"2023-01-11T16:42:31+00:00\",\"description\":\"Farina extensible de for\\u00e7a per a llargues fermentacions en c\\u00e0mara. Per a pizzes lleugeres i cruixents. El secret est\\u00e0 en una bona massa.\",\"inLanguage\":\"ca\",\"potentialAction\":[{\"@type\":\"ReadAction\",\"target\":[\"https:\/\/rocafariners.com\/ca\/producte\/farina-ecologica-pizza\/\"]}]}]}<\/script>\n<!-- \/ Yoast SEO plugin. -->","_links":{"self":[{"href":"https:\/\/rocafariners.com\/ca\/wp-json\/wp\/v2\/product\/58389\/"}],"collection":[{"href":"https:\/\/rocafariners.com\/ca\/wp-json\/wp\/v2\/product\/"}],"about":[{"href":"https:\/\/rocafariners.com\/ca\/wp-json\/wp\/v2\/types\/product\/"}],"replies":[{"embeddable":true,"href":"https:\/\/rocafariners.com\/ca\/wp-json\/wp\/v2\/comments\/?post=58389"}],"wp:featuredmedia":[{"embeddable":true,"href":"https:\/\/rocafariners.com\/ca\/wp-json\/wp\/v2\/media\/58393\/"}],"wp:attachment":[{"href":"https:\/\/rocafariners.com\/ca\/wp-json\/wp\/v2\/media\/?parent=58389"}],"wp:term":[{"taxonomy":"product_cat","embeddable":true,"href":"https:\/\/rocafariners.com\/ca\/wp-json\/wp\/v2\/product_cat\/?post=58389"},{"taxonomy":"product_tag","embeddable":true,"href":"https:\/\/rocafariners.com\/ca\/wp-json\/wp\/v2\/product_tag\/?post=58389"}],"curies":[{"name":"wp","href":"https:\/\/api.w.org\/{rel}","templated":true}]}}