{"id":57563,"date":"2022-10-24T14:38:40","date_gmt":"2022-10-24T14:38:41","guid":{"rendered":"https:\/\/rocafariners.com\/?post_type=product&#038;p=57563"},"modified":"2022-10-24T15:34:23","modified_gmt":"2022-10-24T15:34:23","slug":"farina-panettone","status":"publish","type":"product","link":"https:\/\/rocafariners.com\/ca\/producte\/farina-panettone\/","title":{"rendered":"Farina ecol\u00f2gica especial Panettone"},"content":{"rendered":"<p>Farina ecol\u00f2gica de gran for\u00e7a amb extensibilitat. Gran absorci\u00f3 i gran capacitat per soportar la addicci\u00f3 de grasses, sucres i ingredients pesats com la fruita i la xocolata, aixi com llargues fermentacions.\u00a0 Extracci\u00f3 77% .Farina de W- 380, equilibri P\/L &#8211; 0.5-0.6. Prote\u00efna 14%, \u00a0Ideal para l&#8217;elaboraci\u00f3 de Panettones.<\/p>\n<p>&nbsp;<\/p>\n<p>&nbsp;<\/p>\n<p>&nbsp;<\/p>\n","protected":false},"excerpt":{"rendered":"<ul>\n<li>El preu no inclou IVA ni <a href=\"http:\/\/rocafariners.com\/?page_id=59\" rel=\"nofollow\">lliurament<\/a><\/li>\n<\/ul>\n","protected":false},"featured_media":57597,"comment_status":"open","ping_status":"closed","template":"","meta":{"_monsterinsights_skip_tracking":false,"_monsterinsights_sitenote_active":false,"_monsterinsights_sitenote_note":"","_monsterinsights_sitenote_category":0},"product_cat":[29,31],"product_tag":[80],"yoast_head":"<!-- This site is optimized with the Yoast SEO plugin v15.4 - https:\/\/yoast.com\/wordpress\/plugins\/seo\/ -->\n<title>Farina ecol\u00f2gica especial Panettone - Farinera Roca<\/title>\n<meta name=\"description\" content=\"Farina ecol\u00f2gica de gran for\u00e7a amb extensibilitat. Gran absorci\u00f3 i gran capacitat per soportar la addicci\u00f3 de grasses, sucres i ingredients pesats com la fruita i la xocolata, aixi com llargues fermentacions.\u00a0 Extracci\u00f3 77% .Farina de W- 380, equilibri P\/L - 0.5-0.6. Prote\u00efna 14%, \u00a0Ideal para l&#039;elaboraci\u00f3 de Panettones.\" \/>\n<meta name=\"robots\" content=\"index, follow, max-snippet:-1, max-image-preview:large, max-video-preview:-1\" \/>\n<link rel=\"canonical\" href=\"https:\/\/rocafariners.com\/ca\/producte\/farina-panettone\/\" \/>\n<meta property=\"og:locale\" content=\"ca_ES\" \/>\n<meta property=\"og:type\" content=\"article\" \/>\n<meta property=\"og:title\" content=\"Farina ecol\u00f2gica especial Panettone - Farinera Roca\" \/>\n<meta property=\"og:description\" content=\"Farina ecol\u00f2gica de gran for\u00e7a amb extensibilitat. Gran absorci\u00f3 i gran capacitat per soportar la addicci\u00f3 de grasses, sucres i ingredients pesats com la fruita i la xocolata, aixi com llargues fermentacions.\u00a0 Extracci\u00f3 77% .Farina de W- 380, equilibri P\/L - 0.5-0.6. Prote\u00efna 14%, \u00a0Ideal para l&#039;elaboraci\u00f3 de Panettones.\" \/>\n<meta property=\"og:url\" content=\"https:\/\/rocafariners.com\/ca\/producte\/farina-panettone\/\" \/>\n<meta property=\"og:site_name\" content=\"Farinera Roca\" \/>\n<meta property=\"article:modified_time\" content=\"2022-10-24T15:34:23+00:00\" \/>\n<meta property=\"og:image\" content=\"https:\/\/rocafariners.com\/wp-content\/uploads\/2022\/10\/panettone.jpg\" \/>\n\t<meta property=\"og:image:width\" content=\"1600\" \/>\n\t<meta property=\"og:image:height\" content=\"1600\" \/>\n<meta name=\"twitter:card\" content=\"summary_large_image\" \/>\n<meta name=\"twitter:label1\" content=\"Escrit per\">\n\t<meta name=\"twitter:data1\" content=\"Remei Farinera roca\">\n\t<meta name=\"twitter:label2\" content=\"Temps estimat de lectura\">\n\t<meta name=\"twitter:data2\" content=\"0 minuts\">\n<script type=\"application\/ld+json\" class=\"yoast-schema-graph\">{\"@context\":\"https:\/\/schema.org\",\"@graph\":[{\"@type\":\"WebSite\",\"@id\":\"http:\/\/rocafariners.com\/#website\",\"url\":\"http:\/\/rocafariners.com\/\",\"name\":\"Farinera Roca\",\"description\":\"buen trigo, buena harina, buen pan\",\"potentialAction\":[{\"@type\":\"SearchAction\",\"target\":\"http:\/\/rocafariners.com\/?s={search_term_string}\",\"query-input\":\"required name=search_term_string\"}],\"inLanguage\":\"ca\"},{\"@type\":\"ImageObject\",\"@id\":\"https:\/\/rocafariners.com\/ca\/producte\/farina-panettone\/#primaryimage\",\"inLanguage\":\"ca\",\"url\":\"https:\/\/rocafariners.com\/wp-content\/uploads\/2022\/10\/panettoneonline-scaled.jpg\",\"width\":1920,\"height\":2560},{\"@type\":\"WebPage\",\"@id\":\"https:\/\/rocafariners.com\/ca\/producte\/farina-panettone\/#webpage\",\"url\":\"https:\/\/rocafariners.com\/ca\/producte\/farina-panettone\/\",\"name\":\"Farina ecol\\u00f2gica especial Panettone - Farinera Roca\",\"isPartOf\":{\"@id\":\"http:\/\/rocafariners.com\/#website\"},\"primaryImageOfPage\":{\"@id\":\"https:\/\/rocafariners.com\/ca\/producte\/farina-panettone\/#primaryimage\"},\"datePublished\":\"2022-10-24T14:38:41+00:00\",\"dateModified\":\"2022-10-24T15:34:23+00:00\",\"description\":\"Farina ecol\\u00f2gica de gran for\\u00e7a amb extensibilitat. Gran absorci\\u00f3 i gran capacitat per soportar la addicci\\u00f3 de grasses, sucres i ingredients pesats com la fruita i la xocolata, aixi com llargues fermentacions.\\u00a0 Extracci\\u00f3 77% .Farina de W- 380, equilibri P\/L - 0.5-0.6. Prote\\u00efna 14%, \\u00a0Ideal para l'elaboraci\\u00f3 de Panettones.\",\"inLanguage\":\"ca\",\"potentialAction\":[{\"@type\":\"ReadAction\",\"target\":[\"https:\/\/rocafariners.com\/ca\/producte\/farina-panettone\/\"]}]}]}<\/script>\n<!-- \/ Yoast SEO plugin. -->","_links":{"self":[{"href":"https:\/\/rocafariners.com\/ca\/wp-json\/wp\/v2\/product\/57563\/"}],"collection":[{"href":"https:\/\/rocafariners.com\/ca\/wp-json\/wp\/v2\/product\/"}],"about":[{"href":"https:\/\/rocafariners.com\/ca\/wp-json\/wp\/v2\/types\/product\/"}],"replies":[{"embeddable":true,"href":"https:\/\/rocafariners.com\/ca\/wp-json\/wp\/v2\/comments\/?post=57563"}],"wp:featuredmedia":[{"embeddable":true,"href":"https:\/\/rocafariners.com\/ca\/wp-json\/wp\/v2\/media\/57597\/"}],"wp:attachment":[{"href":"https:\/\/rocafariners.com\/ca\/wp-json\/wp\/v2\/media\/?parent=57563"}],"wp:term":[{"taxonomy":"product_cat","embeddable":true,"href":"https:\/\/rocafariners.com\/ca\/wp-json\/wp\/v2\/product_cat\/?post=57563"},{"taxonomy":"product_tag","embeddable":true,"href":"https:\/\/rocafariners.com\/ca\/wp-json\/wp\/v2\/product_tag\/?post=57563"}],"curies":[{"name":"wp","href":"https:\/\/api.w.org\/{rel}","templated":true}]}}