{"id":42074,"date":"2020-11-10T10:20:54","date_gmt":"2020-11-10T10:20:54","guid":{"rendered":"http:\/\/rocafariners.com\/?post_type=product&#038;p=42074"},"modified":"2021-12-30T13:20:27","modified_gmt":"2021-12-30T13:20:27","slug":"farina-seleccio","status":"publish","type":"product","link":"https:\/\/rocafariners.com\/ca\/producte\/farina-seleccio\/","title":{"rendered":"Farina Selecci\u00f3"},"content":{"rendered":"<p>Farina <span class=\"JLqJ4b ChMk0b\" data-language-for-alternatives=\"ca\" data-language-to-translate-into=\"es\" data-phrase-index=\"1\">ecol\u00f2gica elaborada amb diferents tipus de blat i molturaciones. 100%, procedent d&#8217;agricultura ecol\u00f2gica, Extracci\u00f3 77%. Farina de mitja for\u00e7a 230-250W. Equilibri P \/ L &#8211; 0,5-0,6. Prote\u00efna 12,5%, Ideal per a l&#8217;elaboraci\u00f3 de pa de pag\u00e8s i barres r\u00fastiques.<\/span><\/p>\n<p><a href=\"http:\/\/rocafariners.com\/barras-rusticas-seleccion\/\">Recepta <\/a><span class=\"JLqJ4b ChMk0b\" data-language-for-alternatives=\"ca\" data-language-to-translate-into=\"es\" data-phrase-index=\"1\"><a href=\"http:\/\/rocafariners.com\/barras-rusticas-seleccion\/\">Barra R\u00fastica<\/a> <\/span><\/p>\n<p><a href=\"http:\/\/rocafariners.com\/ca\/pa-de-pages-seleccio\/\">Recepta Pa de Pag\u00e8s<\/a><\/p>\n<p><a href=\"http:\/\/rocafariners.com\/harina-seleccion-\u2192\/\"><span class=\"JLqJ4b ChMk0b\" data-language-for-alternatives=\"ca\" data-language-to-translate-into=\"es\" data-phrase-index=\"1\"><span class=\"JLqJ4b\" data-language-for-alternatives=\"ca\" data-language-to-translate-into=\"es\" data-phrase-index=\"3\">Fitxa Producte<\/span><\/span><\/a><\/p>\n","protected":false},"excerpt":{"rendered":"<ul>\n<li>El preu no inclou IVA ni <a href=\"http:\/\/rocafariners.com\/?page_id=59\" rel=\"nofollow\">lliurament<\/a><\/li>\n<\/ul>\n","protected":false},"featured_media":53818,"comment_status":"open","ping_status":"closed","template":"","meta":{"_monsterinsights_skip_tracking":false,"_monsterinsights_sitenote_active":false,"_monsterinsights_sitenote_note":"","_monsterinsights_sitenote_category":0},"product_cat":[29,30,31],"product_tag":[80],"yoast_head":"<!-- This site is optimized with the Yoast SEO plugin v15.4 - https:\/\/yoast.com\/wordpress\/plugins\/seo\/ -->\n<title>Farina Selecci\u00f3 - Farinera Roca<\/title>\n<meta name=\"description\" content=\"Farina ecol\u00f2gica elaborada amb diferents varietats de blat tou i de blat dur m\u00f2lts en molins de cilindres i de pedra.\" \/>\n<meta name=\"robots\" content=\"index, follow, max-snippet:-1, max-image-preview:large, max-video-preview:-1\" \/>\n<link rel=\"canonical\" href=\"https:\/\/rocafariners.com\/ca\/producte\/farina-seleccio\/\" \/>\n<meta property=\"og:locale\" content=\"ca_ES\" \/>\n<meta property=\"og:type\" content=\"article\" \/>\n<meta property=\"og:title\" content=\"Farina Selecci\u00f3 - Farinera Roca\" \/>\n<meta property=\"og:description\" content=\"Farina ecol\u00f2gica elaborada amb diferents varietats de blat tou i de blat dur m\u00f2lts en molins de cilindres i de pedra.\" \/>\n<meta property=\"og:url\" content=\"https:\/\/rocafariners.com\/ca\/producte\/farina-seleccio\/\" \/>\n<meta property=\"og:site_name\" content=\"Farinera Roca\" \/>\n<meta property=\"article:modified_time\" content=\"2021-12-30T13:20:27+00:00\" \/>\n<meta property=\"og:image\" content=\"https:\/\/rocafariners.com\/wp-content\/uploads\/2020\/11\/sacs-roca-seleccion-1.png\" \/>\n\t<meta property=\"og:image:width\" content=\"2112\" \/>\n\t<meta property=\"og:image:height\" content=\"2816\" \/>\n<meta name=\"twitter:card\" content=\"summary_large_image\" \/>\n<meta name=\"twitter:label1\" content=\"Escrit per\">\n\t<meta name=\"twitter:data1\" content=\"admin\">\n\t<meta name=\"twitter:label2\" content=\"Temps estimat de lectura\">\n\t<meta name=\"twitter:data2\" content=\"0 minuts\">\n<script type=\"application\/ld+json\" class=\"yoast-schema-graph\">{\"@context\":\"https:\/\/schema.org\",\"@graph\":[{\"@type\":\"WebSite\",\"@id\":\"http:\/\/rocafariners.com\/#website\",\"url\":\"http:\/\/rocafariners.com\/\",\"name\":\"Farinera Roca\",\"description\":\"buen trigo, buena harina, buen pan\",\"potentialAction\":[{\"@type\":\"SearchAction\",\"target\":\"http:\/\/rocafariners.com\/?s={search_term_string}\",\"query-input\":\"required name=search_term_string\"}],\"inLanguage\":\"ca\"},{\"@type\":\"ImageObject\",\"@id\":\"https:\/\/rocafariners.com\/ca\/producte\/farina-seleccio\/#primaryimage\",\"inLanguage\":\"ca\",\"url\":\"https:\/\/rocafariners.com\/wp-content\/uploads\/2020\/11\/sacs-roca-seleccion-1.png\",\"width\":2112,\"height\":2816},{\"@type\":\"WebPage\",\"@id\":\"https:\/\/rocafariners.com\/ca\/producte\/farina-seleccio\/#webpage\",\"url\":\"https:\/\/rocafariners.com\/ca\/producte\/farina-seleccio\/\",\"name\":\"Farina Selecci\\u00f3 - Farinera Roca\",\"isPartOf\":{\"@id\":\"http:\/\/rocafariners.com\/#website\"},\"primaryImageOfPage\":{\"@id\":\"https:\/\/rocafariners.com\/ca\/producte\/farina-seleccio\/#primaryimage\"},\"datePublished\":\"2020-11-10T10:20:54+00:00\",\"dateModified\":\"2021-12-30T13:20:27+00:00\",\"description\":\"Farina ecol\\u00f2gica elaborada amb diferents varietats de blat tou i de blat dur m\\u00f2lts en molins de cilindres i de pedra.\",\"inLanguage\":\"ca\",\"potentialAction\":[{\"@type\":\"ReadAction\",\"target\":[\"https:\/\/rocafariners.com\/ca\/producte\/farina-seleccio\/\"]}]}]}<\/script>\n<!-- \/ Yoast SEO plugin. -->","_links":{"self":[{"href":"https:\/\/rocafariners.com\/ca\/wp-json\/wp\/v2\/product\/42074\/"}],"collection":[{"href":"https:\/\/rocafariners.com\/ca\/wp-json\/wp\/v2\/product\/"}],"about":[{"href":"https:\/\/rocafariners.com\/ca\/wp-json\/wp\/v2\/types\/product\/"}],"replies":[{"embeddable":true,"href":"https:\/\/rocafariners.com\/ca\/wp-json\/wp\/v2\/comments\/?post=42074"}],"wp:featuredmedia":[{"embeddable":true,"href":"https:\/\/rocafariners.com\/ca\/wp-json\/wp\/v2\/media\/53818\/"}],"wp:attachment":[{"href":"https:\/\/rocafariners.com\/ca\/wp-json\/wp\/v2\/media\/?parent=42074"}],"wp:term":[{"taxonomy":"product_cat","embeddable":true,"href":"https:\/\/rocafariners.com\/ca\/wp-json\/wp\/v2\/product_cat\/?post=42074"},{"taxonomy":"product_tag","embeddable":true,"href":"https:\/\/rocafariners.com\/ca\/wp-json\/wp\/v2\/product_tag\/?post=42074"}],"curies":[{"name":"wp","href":"https:\/\/api.w.org\/{rel}","templated":true}]}}