{"id":2379,"date":"2014-12-14T15:37:22","date_gmt":"2014-12-14T15:37:22","guid":{"rendered":"http:\/\/rocafariners.com\/?product=harina-de-trigo-integral-ecologica-100-10kg-2"},"modified":"2021-12-30T14:03:31","modified_gmt":"2021-12-30T14:03:31","slug":"harina-de-trigo-integral-ecologica-100-10kg","status":"publish","type":"product","link":"https:\/\/rocafariners.com\/ca\/producte\/harina-de-trigo-integral-ecologica-100-10kg\/","title":{"rendered":"Farina de blat integral ecol\u00f2gica"},"content":{"rendered":"<p>Farina de blat amb una extracci\u00f3 del 100%, For\u00e7a W-290\/310. Equilibri P\/L- 0,6-0,7. Per pans integrals o per barrejar i donar fibra a altres farines. Gluten humit min 32%<\/p>\n<p><a href=\"http:\/\/rocafariners.com\/ca\/brioche-con-harina-integral-y-masa-madre\/\">Recepta de brioix amb farina integral i massa mare<\/a><\/p>\n<p><a href=\"http:\/\/rocafariners.com\/ca\/tortell-de-reis\/\">Recepta Tortell de Reis<\/a><\/p>\n<p><a href=\"http:\/\/rocafariners.com\/ca\/pa-de-segol-blat-amb-pipes-de-carbassa-nous-nabius\/\">Recepta Pa de S\u00e8gol\/Blat Amb Pipes de Carabassa, Nous i Nabius<\/a><\/p>\n<p>&nbsp;<\/p>\n","protected":false},"excerpt":{"rendered":"<ul>\n<li>El preu no inclou IVA ni <a href=\"http:\/\/rocafariners.com\/?page_id=59\" rel=\"nofollow\">entrega<\/a><\/li>\n<\/ul>\n","protected":false},"featured_media":53696,"comment_status":"open","ping_status":"closed","template":"","meta":{"_monsterinsights_skip_tracking":false,"_monsterinsights_sitenote_active":false,"_monsterinsights_sitenote_note":"","_monsterinsights_sitenote_category":0},"product_cat":[29,31],"product_tag":[80],"yoast_head":"<!-- This site is optimized with the Yoast SEO plugin v15.4 - https:\/\/yoast.com\/wordpress\/plugins\/seo\/ -->\n<title>Farina de blat integral ecol\u00f2gica - Farinera Roca<\/title>\n<meta name=\"robots\" content=\"index, follow, max-snippet:-1, max-image-preview:large, max-video-preview:-1\" \/>\n<link rel=\"canonical\" href=\"https:\/\/rocafariners.com\/ca\/producte\/harina-de-trigo-integral-ecologica-100-10kg\/\" \/>\n<meta property=\"og:locale\" content=\"ca_ES\" \/>\n<meta property=\"og:type\" content=\"article\" \/>\n<meta property=\"og:title\" content=\"Farina de blat integral ecol\u00f2gica - Farinera Roca\" \/>\n<meta property=\"og:description\" content=\"El preu no inclou IVA ni entrega\" \/>\n<meta property=\"og:url\" content=\"https:\/\/rocafariners.com\/ca\/producte\/harina-de-trigo-integral-ecologica-100-10kg\/\" \/>\n<meta property=\"og:site_name\" content=\"Farinera Roca\" \/>\n<meta property=\"article:modified_time\" content=\"2021-12-30T14:03:31+00:00\" \/>\n<meta property=\"og:image\" content=\"https:\/\/rocafariners.com\/wp-content\/uploads\/2014\/12\/sacs-roca-blancs-ecologica-integral.png\" \/>\n\t<meta property=\"og:image:width\" content=\"2112\" \/>\n\t<meta property=\"og:image:height\" content=\"2816\" \/>\n<meta name=\"twitter:card\" content=\"summary_large_image\" \/>\n<meta name=\"twitter:label1\" content=\"Escrit per\">\n\t<meta name=\"twitter:data1\" content=\"admin\">\n\t<meta name=\"twitter:label2\" content=\"Temps estimat de lectura\">\n\t<meta name=\"twitter:data2\" content=\"0 minuts\">\n<script type=\"application\/ld+json\" class=\"yoast-schema-graph\">{\"@context\":\"https:\/\/schema.org\",\"@graph\":[{\"@type\":\"WebSite\",\"@id\":\"http:\/\/rocafariners.com\/#website\",\"url\":\"http:\/\/rocafariners.com\/\",\"name\":\"Farinera Roca\",\"description\":\"buen trigo, buena harina, buen pan\",\"potentialAction\":[{\"@type\":\"SearchAction\",\"target\":\"http:\/\/rocafariners.com\/?s={search_term_string}\",\"query-input\":\"required name=search_term_string\"}],\"inLanguage\":\"ca\"},{\"@type\":\"ImageObject\",\"@id\":\"https:\/\/rocafariners.com\/ca\/producte\/harina-de-trigo-integral-ecologica-100-10kg\/#primaryimage\",\"inLanguage\":\"ca\",\"url\":\"https:\/\/rocafariners.com\/wp-content\/uploads\/2014\/12\/sacs-roca-blancs-ecologica-integral.png\",\"width\":2112,\"height\":2816},{\"@type\":\"WebPage\",\"@id\":\"https:\/\/rocafariners.com\/ca\/producte\/harina-de-trigo-integral-ecologica-100-10kg\/#webpage\",\"url\":\"https:\/\/rocafariners.com\/ca\/producte\/harina-de-trigo-integral-ecologica-100-10kg\/\",\"name\":\"Farina de blat integral ecol\\u00f2gica - Farinera Roca\",\"isPartOf\":{\"@id\":\"http:\/\/rocafariners.com\/#website\"},\"primaryImageOfPage\":{\"@id\":\"https:\/\/rocafariners.com\/ca\/producte\/harina-de-trigo-integral-ecologica-100-10kg\/#primaryimage\"},\"datePublished\":\"2014-12-14T15:37:22+00:00\",\"dateModified\":\"2021-12-30T14:03:31+00:00\",\"inLanguage\":\"ca\",\"potentialAction\":[{\"@type\":\"ReadAction\",\"target\":[\"https:\/\/rocafariners.com\/ca\/producte\/harina-de-trigo-integral-ecologica-100-10kg\/\"]}]}]}<\/script>\n<!-- \/ Yoast SEO plugin. -->","_links":{"self":[{"href":"https:\/\/rocafariners.com\/ca\/wp-json\/wp\/v2\/product\/2379\/"}],"collection":[{"href":"https:\/\/rocafariners.com\/ca\/wp-json\/wp\/v2\/product\/"}],"about":[{"href":"https:\/\/rocafariners.com\/ca\/wp-json\/wp\/v2\/types\/product\/"}],"replies":[{"embeddable":true,"href":"https:\/\/rocafariners.com\/ca\/wp-json\/wp\/v2\/comments\/?post=2379"}],"wp:featuredmedia":[{"embeddable":true,"href":"https:\/\/rocafariners.com\/ca\/wp-json\/wp\/v2\/media\/53696\/"}],"wp:attachment":[{"href":"https:\/\/rocafariners.com\/ca\/wp-json\/wp\/v2\/media\/?parent=2379"}],"wp:term":[{"taxonomy":"product_cat","embeddable":true,"href":"https:\/\/rocafariners.com\/ca\/wp-json\/wp\/v2\/product_cat\/?post=2379"},{"taxonomy":"product_tag","embeddable":true,"href":"https:\/\/rocafariners.com\/ca\/wp-json\/wp\/v2\/product_tag\/?post=2379"}],"curies":[{"name":"wp","href":"https:\/\/api.w.org\/{rel}","templated":true}]}}