{"id":2376,"date":"2015-01-05T15:40:53","date_gmt":"2015-01-05T15:40:53","guid":{"rendered":"http:\/\/rocafariners.com\/?product=harina-de-trigo-ecologico-10kg-2"},"modified":"2021-12-30T13:57:01","modified_gmt":"2021-12-30T13:57:01","slug":"harina-de-trigo-ecologico-10kg","status":"publish","type":"product","link":"https:\/\/rocafariners.com\/ca\/producte\/harina-de-trigo-ecologico-10kg\/","title":{"rendered":"Farina de blat ecol\u00f2gica"},"content":{"rendered":"<p>Farina de blat amb una extracci\u00f3 72%. For\u00e7a W-170-190 per a l&#8217;elaboraci\u00f3 de pa, productes de bolleria i galetes. Equilibri P\/L &#8211; 0,5.-0,6. Gluten humit min 30%<\/p>\n<p><a href=\"http:\/\/rocafariners.com\/ca\/bunuelos-de-viento\/\">Recepta bunyols de vent<\/a><\/p>\n<p><a href=\"http:\/\/rocafariners.com\/ca\/bica-gallega\/\">Recepta bica gallega<\/a><\/p>\n<p><a href=\"http:\/\/rocafariners.com\/ca\/pa-de-pages\/\">Recepta pa de pag\u00e8s<\/a><\/p>\n<p><a href=\"http:\/\/rocafariners.com\/ca\/orelletes\/\">Recepta d&#8217;orelletes<\/a><\/p>\n<p><a href=\"http:\/\/rocafariners.com\/ca\/nevaditos-oli-oliva\/\">Recepta &#8220;Nevaditos&#8221; amb Oli d&#8217;Oliva<\/a><\/p>\n<p><a href=\"http:\/\/rocafariners.com\/ca\/galetes-de-gingebre\/\">Recepta Galetes de Gingebre<\/a><\/p>\n","protected":false},"excerpt":{"rendered":"<ul>\n<li>El preu no inclou IVA ni <a href=\"http:\/\/rocafariners.com\/?page_id=59\" rel=\"nofollow\">entrega<\/a><\/li>\n<\/ul>\n","protected":false},"featured_media":53647,"comment_status":"open","ping_status":"closed","template":"","meta":{"_monsterinsights_skip_tracking":false,"_monsterinsights_sitenote_active":false,"_monsterinsights_sitenote_note":"","_monsterinsights_sitenote_category":0},"product_cat":[29,31],"product_tag":[80],"yoast_head":"<!-- This site is optimized with the Yoast SEO plugin v15.4 - https:\/\/yoast.com\/wordpress\/plugins\/seo\/ -->\n<title>Farina de blat ecol\u00f2gica - Farinera Roca<\/title>\n<meta name=\"robots\" content=\"index, follow, max-snippet:-1, max-image-preview:large, max-video-preview:-1\" \/>\n<link rel=\"canonical\" href=\"https:\/\/rocafariners.com\/ca\/producte\/harina-de-trigo-ecologico-10kg\/\" \/>\n<meta property=\"og:locale\" content=\"ca_ES\" \/>\n<meta property=\"og:type\" content=\"article\" \/>\n<meta property=\"og:title\" content=\"Farina de blat ecol\u00f2gica - Farinera Roca\" \/>\n<meta property=\"og:description\" content=\"El preu no inclou IVA ni entrega\" \/>\n<meta property=\"og:url\" content=\"https:\/\/rocafariners.com\/ca\/producte\/harina-de-trigo-ecologico-10kg\/\" \/>\n<meta property=\"og:site_name\" content=\"Farinera Roca\" \/>\n<meta property=\"article:modified_time\" content=\"2021-12-30T13:57:01+00:00\" \/>\n<meta property=\"og:image\" content=\"https:\/\/rocafariners.com\/wp-content\/uploads\/2015\/01\/roca-fariners-sacs-25kg-ecologica-blat-1.png\" \/>\n\t<meta property=\"og:image:width\" content=\"2112\" \/>\n\t<meta property=\"og:image:height\" content=\"2816\" \/>\n<meta name=\"twitter:card\" content=\"summary_large_image\" \/>\n<meta name=\"twitter:label1\" content=\"Escrit per\">\n\t<meta name=\"twitter:data1\" content=\"admin\">\n\t<meta name=\"twitter:label2\" content=\"Temps estimat de lectura\">\n\t<meta name=\"twitter:data2\" content=\"0 minuts\">\n<script type=\"application\/ld+json\" class=\"yoast-schema-graph\">{\"@context\":\"https:\/\/schema.org\",\"@graph\":[{\"@type\":\"WebSite\",\"@id\":\"http:\/\/rocafariners.com\/#website\",\"url\":\"http:\/\/rocafariners.com\/\",\"name\":\"Farinera Roca\",\"description\":\"buen trigo, buena harina, buen pan\",\"potentialAction\":[{\"@type\":\"SearchAction\",\"target\":\"http:\/\/rocafariners.com\/?s={search_term_string}\",\"query-input\":\"required name=search_term_string\"}],\"inLanguage\":\"ca\"},{\"@type\":\"ImageObject\",\"@id\":\"https:\/\/rocafariners.com\/ca\/producte\/harina-de-trigo-ecologico-10kg\/#primaryimage\",\"inLanguage\":\"ca\",\"url\":\"https:\/\/rocafariners.com\/wp-content\/uploads\/2015\/01\/roca-fariners-sacs-25kg-ecologica-blat-1.png\",\"width\":2112,\"height\":2816},{\"@type\":\"WebPage\",\"@id\":\"https:\/\/rocafariners.com\/ca\/producte\/harina-de-trigo-ecologico-10kg\/#webpage\",\"url\":\"https:\/\/rocafariners.com\/ca\/producte\/harina-de-trigo-ecologico-10kg\/\",\"name\":\"Farina de blat ecol\\u00f2gica - Farinera Roca\",\"isPartOf\":{\"@id\":\"http:\/\/rocafariners.com\/#website\"},\"primaryImageOfPage\":{\"@id\":\"https:\/\/rocafariners.com\/ca\/producte\/harina-de-trigo-ecologico-10kg\/#primaryimage\"},\"datePublished\":\"2015-01-05T15:40:53+00:00\",\"dateModified\":\"2021-12-30T13:57:01+00:00\",\"inLanguage\":\"ca\",\"potentialAction\":[{\"@type\":\"ReadAction\",\"target\":[\"https:\/\/rocafariners.com\/ca\/producte\/harina-de-trigo-ecologico-10kg\/\"]}]}]}<\/script>\n<!-- \/ Yoast SEO plugin. -->","_links":{"self":[{"href":"https:\/\/rocafariners.com\/ca\/wp-json\/wp\/v2\/product\/2376\/"}],"collection":[{"href":"https:\/\/rocafariners.com\/ca\/wp-json\/wp\/v2\/product\/"}],"about":[{"href":"https:\/\/rocafariners.com\/ca\/wp-json\/wp\/v2\/types\/product\/"}],"replies":[{"embeddable":true,"href":"https:\/\/rocafariners.com\/ca\/wp-json\/wp\/v2\/comments\/?post=2376"}],"wp:featuredmedia":[{"embeddable":true,"href":"https:\/\/rocafariners.com\/ca\/wp-json\/wp\/v2\/media\/53647\/"}],"wp:attachment":[{"href":"https:\/\/rocafariners.com\/ca\/wp-json\/wp\/v2\/media\/?parent=2376"}],"wp:term":[{"taxonomy":"product_cat","embeddable":true,"href":"https:\/\/rocafariners.com\/ca\/wp-json\/wp\/v2\/product_cat\/?post=2376"},{"taxonomy":"product_tag","embeddable":true,"href":"https:\/\/rocafariners.com\/ca\/wp-json\/wp\/v2\/product_tag\/?post=2376"}],"curies":[{"name":"wp","href":"https:\/\/api.w.org\/{rel}","templated":true}]}}