{"id":2371,"date":"2015-04-10T10:43:21","date_gmt":"2015-04-10T10:43:21","guid":{"rendered":"http:\/\/rocafariners.com\/?product=harina-de-tritordeum-2"},"modified":"2021-12-30T13:49:26","modified_gmt":"2021-12-30T13:49:26","slug":"harina-de-tritordeum","status":"publish","type":"product","link":"https:\/\/rocafariners.com\/ca\/producte\/harina-de-tritordeum\/","title":{"rendered":"Farina de Tritordeum ecol\u00f2gica"},"content":{"rendered":"<p>Tritordeum,<br \/>\nEL NOU CEREAL ECOL\u00d2GIC<br \/>\nFruit de la combinaci\u00f3 de blat dur i ordi, aquest nou cereal natural t\u00e9 unes propietats nutricionals que el fan especialment saludable.<br \/>\nTritordeum \u00e9s m\u00e9s digestible que altres cereals convencionals. Senta b\u00e9 a tothom i \u00e9s una bona opci\u00f3 per a aquelles persones amb intoler\u00e0ncies aliment\u00e0ries no cel\u00edaques. No apte per a cel\u00edacs.<br \/>\nCont\u00e9 m\u00e9s fibra diet\u00e8tica, \u00e0cid oleic i lute\u00efna -un antioxidant relacionat amb la salut ocular- que el blat. Combina minerals essencials i fructanos que ajuden a mantenir en bon estat la flora bacteriana.<\/p>\n<p><a href=\"http:\/\/rocafariners.com\/ca\/banettones-4-cereales\/\">Recepta Banettones 4 cereals<\/a><\/p>\n<p><a href=\"http:\/\/rocafariners.com\/ca\/monya-gallega-de-tritordeum\/\">Recepta monya gallega de tritordeum<\/a><\/p>\n","protected":false},"excerpt":{"rendered":"<ul>\n<li>El preu no inclou IVA ni <a href=\"http:\/\/rocafariners.com\/?page_id=59\" rel=\"nofollow\">entrega<\/a><\/li>\n<\/ul>\n<p><a href=\"http:\/\/rocafariners.com\/monya-gallega-de-tritordeum\/?lang=ca\">Recepta monya gallega de tritordeum<\/a><\/p>\n","protected":false},"featured_media":53844,"comment_status":"open","ping_status":"closed","template":"","meta":{"_monsterinsights_skip_tracking":false,"_monsterinsights_sitenote_active":false,"_monsterinsights_sitenote_note":"","_monsterinsights_sitenote_category":0},"product_cat":[29,31],"product_tag":[],"yoast_head":"<!-- This site is optimized with the Yoast SEO plugin v15.4 - https:\/\/yoast.com\/wordpress\/plugins\/seo\/ -->\n<title>Farina de Tritordeum ecol\u00f2gica - Farinera Roca<\/title>\n<meta name=\"robots\" content=\"index, follow, max-snippet:-1, max-image-preview:large, max-video-preview:-1\" \/>\n<link rel=\"canonical\" href=\"https:\/\/rocafariners.com\/ca\/producte\/harina-de-tritordeum\/\" \/>\n<meta property=\"og:locale\" content=\"ca_ES\" \/>\n<meta property=\"og:type\" content=\"article\" \/>\n<meta property=\"og:title\" content=\"Farina de Tritordeum ecol\u00f2gica - Farinera Roca\" \/>\n<meta property=\"og:description\" content=\"El preu no inclou IVA ni entrega  Recepta monya gallega de tritordeum\" \/>\n<meta property=\"og:url\" content=\"https:\/\/rocafariners.com\/ca\/producte\/harina-de-tritordeum\/\" \/>\n<meta property=\"og:site_name\" content=\"Farinera Roca\" \/>\n<meta property=\"article:modified_time\" content=\"2021-12-30T13:49:26+00:00\" \/>\n<meta property=\"og:image\" content=\"https:\/\/rocafariners.com\/wp-content\/uploads\/2015\/04\/sacs-roca-generic-tritordeum-02.png\" \/>\n\t<meta property=\"og:image:width\" content=\"2112\" \/>\n\t<meta property=\"og:image:height\" content=\"2816\" \/>\n<meta name=\"twitter:card\" content=\"summary_large_image\" \/>\n<meta name=\"twitter:label1\" content=\"Escrit per\">\n\t<meta name=\"twitter:data1\" content=\"Remei Farinera roca\">\n\t<meta name=\"twitter:label2\" content=\"Temps estimat de lectura\">\n\t<meta name=\"twitter:data2\" content=\"0 minuts\">\n<script type=\"application\/ld+json\" class=\"yoast-schema-graph\">{\"@context\":\"https:\/\/schema.org\",\"@graph\":[{\"@type\":\"WebSite\",\"@id\":\"http:\/\/rocafariners.com\/#website\",\"url\":\"http:\/\/rocafariners.com\/\",\"name\":\"Farinera Roca\",\"description\":\"buen trigo, buena harina, buen pan\",\"potentialAction\":[{\"@type\":\"SearchAction\",\"target\":\"http:\/\/rocafariners.com\/?s={search_term_string}\",\"query-input\":\"required name=search_term_string\"}],\"inLanguage\":\"ca\"},{\"@type\":\"ImageObject\",\"@id\":\"https:\/\/rocafariners.com\/ca\/producte\/harina-de-tritordeum\/#primaryimage\",\"inLanguage\":\"ca\",\"url\":\"https:\/\/rocafariners.com\/wp-content\/uploads\/2015\/04\/sacs-roca-generic-tritordeum-02.png\",\"width\":2112,\"height\":2816},{\"@type\":\"WebPage\",\"@id\":\"https:\/\/rocafariners.com\/ca\/producte\/harina-de-tritordeum\/#webpage\",\"url\":\"https:\/\/rocafariners.com\/ca\/producte\/harina-de-tritordeum\/\",\"name\":\"Farina de Tritordeum ecol\\u00f2gica - Farinera Roca\",\"isPartOf\":{\"@id\":\"http:\/\/rocafariners.com\/#website\"},\"primaryImageOfPage\":{\"@id\":\"https:\/\/rocafariners.com\/ca\/producte\/harina-de-tritordeum\/#primaryimage\"},\"datePublished\":\"2015-04-10T10:43:21+00:00\",\"dateModified\":\"2021-12-30T13:49:26+00:00\",\"inLanguage\":\"ca\",\"potentialAction\":[{\"@type\":\"ReadAction\",\"target\":[\"https:\/\/rocafariners.com\/ca\/producte\/harina-de-tritordeum\/\"]}]}]}<\/script>\n<!-- \/ Yoast SEO plugin. -->","_links":{"self":[{"href":"https:\/\/rocafariners.com\/ca\/wp-json\/wp\/v2\/product\/2371\/"}],"collection":[{"href":"https:\/\/rocafariners.com\/ca\/wp-json\/wp\/v2\/product\/"}],"about":[{"href":"https:\/\/rocafariners.com\/ca\/wp-json\/wp\/v2\/types\/product\/"}],"replies":[{"embeddable":true,"href":"https:\/\/rocafariners.com\/ca\/wp-json\/wp\/v2\/comments\/?post=2371"}],"wp:featuredmedia":[{"embeddable":true,"href":"https:\/\/rocafariners.com\/ca\/wp-json\/wp\/v2\/media\/53844\/"}],"wp:attachment":[{"href":"https:\/\/rocafariners.com\/ca\/wp-json\/wp\/v2\/media\/?parent=2371"}],"wp:term":[{"taxonomy":"product_cat","embeddable":true,"href":"https:\/\/rocafariners.com\/ca\/wp-json\/wp\/v2\/product_cat\/?post=2371"},{"taxonomy":"product_tag","embeddable":true,"href":"https:\/\/rocafariners.com\/ca\/wp-json\/wp\/v2\/product_tag\/?post=2371"}],"curies":[{"name":"wp","href":"https:\/\/api.w.org\/{rel}","templated":true}]}}