{"id":2358,"date":"2014-12-15T17:52:39","date_gmt":"2014-12-15T17:52:39","guid":{"rendered":"http:\/\/rocafariners.com\/?product=harina-de-trigo-t-80-10kg-2"},"modified":"2018-04-11T11:47:30","modified_gmt":"2018-04-11T11:47:30","slug":"harina-de-trigo-t-80-10kg","status":"publish","type":"product","link":"https:\/\/rocafariners.com\/ca\/producte\/harina-de-trigo-t-80-10kg\/","title":{"rendered":"Farina de blat T-80 ecol\u00f2gica"},"content":{"rendered":"<p>Farina de blat 100% semi integral. Extracci\u00f3 del 80% For\u00e7a W-200-220 P\/l- 0.5-0,6 Especial per a tot tipus de pa. Gluten humit min 30%<\/p>\n<p><a href=\"http:\/\/rocafariners.com\/ca\/coca-forner\/\">Recepta coca de forner<\/a><\/p>\n<p><a href=\"http:\/\/rocafariners.com\/ca\/pan-respectus-panis\/\">Recepta pa &#8220;Respectus Panis&#8221;<\/a><\/p>\n<p><a href=\"http:\/\/rocafariners.com\/ca\/banettones-4-cereales\/\">Recepta Banettones 4 cereals<\/a><\/p>\n<p><a href=\"http:\/\/rocafariners.com\/ca\/payes-t80\/\">Recepta pa de pag\u00e8s blat T80<\/a><\/p>\n<p><a href=\"http:\/\/rocafariners.com\/ca\/roscon-de-reyes\/\">Recepta Tortell de reis<\/a><\/p>\n<p><a href=\"http:\/\/rocafariners.com\/ca\/barra-de-trigo-t80\/\">Recepta barra blat T80<\/a><\/p>\n<p><a href=\"http:\/\/rocafariners.com\/ca\/pa-rostoll-andi\/\">Recepta pa rostoll and\u00ed<\/a><\/p>\n<p><a href=\"http:\/\/rocafariners.com\/ca\/crackers-mix-6-semillas-semola-de-trigo-duro-y-mix-andino\/\">Recepta crackers mix 6 llavors i mix and\u00ed<\/a><\/p>\n","protected":false},"excerpt":{"rendered":"<ul>\n<li>El preu no inclou IVA ni <a href=\"http:\/\/rocafariners.com\/?page_id=59\" rel=\"nofollow\">entrega<\/a><\/li>\n<\/ul>\n<p>&nbsp;<\/p>\n","protected":false},"featured_media":53750,"comment_status":"open","ping_status":"closed","template":"","meta":{"_monsterinsights_skip_tracking":false,"_monsterinsights_sitenote_active":false,"_monsterinsights_sitenote_note":"","_monsterinsights_sitenote_category":0},"product_cat":[29,30],"product_tag":[80],"yoast_head":"<!-- This site is optimized with the Yoast SEO plugin v15.4 - https:\/\/yoast.com\/wordpress\/plugins\/seo\/ -->\n<title>Farina de blat T-80 ecol\u00f2gica - Farinera Roca<\/title>\n<meta name=\"robots\" content=\"index, follow, max-snippet:-1, max-image-preview:large, max-video-preview:-1\" \/>\n<link rel=\"canonical\" href=\"http:\/\/rocafariners.com\/ca\/producte\/harina-de-trigo-t-80-10kg\/\" \/>\n<meta property=\"og:locale\" content=\"ca_ES\" \/>\n<meta property=\"og:type\" content=\"article\" \/>\n<meta property=\"og:title\" content=\"Farina de blat T-80 ecol\u00f2gica - Farinera Roca\" \/>\n<meta property=\"og:description\" content=\"El preu no inclou IVA ni entrega  &nbsp;\" \/>\n<meta property=\"og:url\" content=\"http:\/\/rocafariners.com\/ca\/producte\/harina-de-trigo-t-80-10kg\/\" \/>\n<meta property=\"og:site_name\" content=\"Farinera Roca\" \/>\n<meta property=\"article:modified_time\" content=\"2018-04-11T11:47:30+00:00\" \/>\n<meta property=\"og:image\" content=\"https:\/\/rocafariners.com\/wp-content\/uploads\/2014\/12\/trigo_t-80_ml.jpeg\" \/>\n\t<meta property=\"og:image:width\" content=\"703\" \/>\n\t<meta property=\"og:image:height\" content=\"1000\" \/>\n<meta name=\"twitter:card\" content=\"summary_large_image\" \/>\n<meta name=\"twitter:label1\" content=\"Escrit per\">\n\t<meta name=\"twitter:data1\" content=\"admin\">\n\t<meta name=\"twitter:label2\" content=\"Temps estimat de lectura\">\n\t<meta name=\"twitter:data2\" content=\"0 minuts\">\n<script type=\"application\/ld+json\" class=\"yoast-schema-graph\">{\"@context\":\"https:\/\/schema.org\",\"@graph\":[{\"@type\":\"WebSite\",\"@id\":\"http:\/\/rocafariners.com\/#website\",\"url\":\"http:\/\/rocafariners.com\/\",\"name\":\"Farinera Roca\",\"description\":\"buen trigo, buena harina, buen pan\",\"potentialAction\":[{\"@type\":\"SearchAction\",\"target\":\"http:\/\/rocafariners.com\/?s={search_term_string}\",\"query-input\":\"required name=search_term_string\"}],\"inLanguage\":\"ca\"},{\"@type\":\"ImageObject\",\"@id\":\"http:\/\/rocafariners.com\/ca\/producte\/harina-de-trigo-t-80-10kg\/#primaryimage\",\"inLanguage\":\"ca\",\"url\":\"https:\/\/rocafariners.com\/wp-content\/uploads\/2014\/12\/sacs-roca-blat-eco-molida-a-la-piedra-TRIGO-t-80-02.png\",\"width\":2112,\"height\":2816},{\"@type\":\"WebPage\",\"@id\":\"http:\/\/rocafariners.com\/ca\/producte\/harina-de-trigo-t-80-10kg\/#webpage\",\"url\":\"http:\/\/rocafariners.com\/ca\/producte\/harina-de-trigo-t-80-10kg\/\",\"name\":\"Farina de blat T-80 ecol\\u00f2gica - Farinera Roca\",\"isPartOf\":{\"@id\":\"http:\/\/rocafariners.com\/#website\"},\"primaryImageOfPage\":{\"@id\":\"http:\/\/rocafariners.com\/ca\/producte\/harina-de-trigo-t-80-10kg\/#primaryimage\"},\"datePublished\":\"2014-12-15T17:52:39+00:00\",\"dateModified\":\"2018-04-11T11:47:30+00:00\",\"inLanguage\":\"ca\",\"potentialAction\":[{\"@type\":\"ReadAction\",\"target\":[\"http:\/\/rocafariners.com\/ca\/producte\/harina-de-trigo-t-80-10kg\/\"]}]}]}<\/script>\n<!-- \/ Yoast SEO plugin. -->","_links":{"self":[{"href":"https:\/\/rocafariners.com\/ca\/wp-json\/wp\/v2\/product\/2358\/"}],"collection":[{"href":"https:\/\/rocafariners.com\/ca\/wp-json\/wp\/v2\/product\/"}],"about":[{"href":"https:\/\/rocafariners.com\/ca\/wp-json\/wp\/v2\/types\/product\/"}],"replies":[{"embeddable":true,"href":"https:\/\/rocafariners.com\/ca\/wp-json\/wp\/v2\/comments\/?post=2358"}],"wp:featuredmedia":[{"embeddable":true,"href":"https:\/\/rocafariners.com\/ca\/wp-json\/wp\/v2\/media\/53750\/"}],"wp:attachment":[{"href":"https:\/\/rocafariners.com\/ca\/wp-json\/wp\/v2\/media\/?parent=2358"}],"wp:term":[{"taxonomy":"product_cat","embeddable":true,"href":"https:\/\/rocafariners.com\/ca\/wp-json\/wp\/v2\/product_cat\/?post=2358"},{"taxonomy":"product_tag","embeddable":true,"href":"https:\/\/rocafariners.com\/ca\/wp-json\/wp\/v2\/product_tag\/?post=2358"}],"curies":[{"name":"wp","href":"https:\/\/api.w.org\/{rel}","templated":true}]}}