{"id":1859,"date":"2014-12-13T16:29:41","date_gmt":"2015-06-02T11:54:43","guid":{"rendered":"http:\/\/rocafariners.com\/?post_type=product&#038;p=1859"},"modified":"2022-03-07T06:44:25","modified_gmt":"2022-03-07T06:44:25","slug":"farina-de-blat-eco-forca","status":"publish","type":"product","link":"https:\/\/rocafariners.com\/ca\/producte\/farina-de-blat-eco-forca\/","title":{"rendered":"Farina de blat eco for\u00e7a"},"content":{"rendered":"<p>Farina de blat 100%, procedent d&#8217;agricultura ecol\u00f2gica, Extracci\u00f3 72%. For\u00e7a W- 290-310 Equilibri P \/ L &#8211; 0,5 Per bolleria i pans especials -. Gluten humit min 32 (prote\u00efna).<\/p>\n<p><a href=\"http:\/\/rocafariners.com\/pa-de-flocs-de-civada\/?lang=ca\">Recepta de pa de flocs de civada<\/a><\/p>\n<p><a href=\"http:\/\/rocafariners.com\/ca\/bunuelos-de-lemporda\/\">Recepta de bunyols de l\u00b4Empord\u00e0<\/a><\/p>\n<p><a href=\"http:\/\/rocafariners.com\/ca\/coca-forner\/\">Recepta coca de forner<\/a><\/p>\n<p><a href=\"http:\/\/rocafariners.com\/ca\/roscon-de-reyes\/\">Recepta Tortell de reis<\/a><\/p>\n<p><a href=\"http:\/\/rocafariners.com\/ca\/brioix-de-fajol-o-de-blat-sarrai\/\">Recepta de brioix amb fajol o blat sarra\u00ed<\/a><\/p>\n<p><a href=\"http:\/\/rocafariners.com\/ca\/coca-de-san-juan\/\">Recepta de coca de Sant Joan<\/a><\/p>\n<p><a href=\"http:\/\/rocafariners.com\/ca\/bretzel\/\">Recepta Bretzel<\/a><\/p>\n<p><a href=\"http:\/\/rocafariners.com\/ca\/palitos-grisines\/\">Recepta bastonets de pa<\/a><\/p>\n<p>&nbsp;<\/p>\n","protected":false},"excerpt":{"rendered":"<ul>\n<li>El preu no inclou IVA ni <a href=\"\/?page_id=1782&amp;lang=ca\">lliurament<\/a><\/li>\n<\/ul>\n","protected":false},"featured_media":53734,"comment_status":"open","ping_status":"closed","template":"","meta":{"_monsterinsights_skip_tracking":false,"_monsterinsights_sitenote_active":false,"_monsterinsights_sitenote_note":"","_monsterinsights_sitenote_category":0},"product_cat":[29,31],"product_tag":[80],"yoast_head":"<!-- This site is optimized with the Yoast SEO plugin v15.4 - https:\/\/yoast.com\/wordpress\/plugins\/seo\/ -->\n<title>Farina de blat eco for\u00e7a - Farinera Roca<\/title>\n<meta name=\"robots\" content=\"index, follow, max-snippet:-1, max-image-preview:large, max-video-preview:-1\" \/>\n<link rel=\"canonical\" href=\"http:\/\/rocafariners.com\/ca\/producte\/farina-de-blat-eco-forca\/\" \/>\n<meta property=\"og:locale\" content=\"ca_ES\" \/>\n<meta property=\"og:type\" content=\"article\" \/>\n<meta property=\"og:title\" content=\"Farina de blat eco for\u00e7a - Farinera Roca\" \/>\n<meta property=\"og:description\" content=\"El preu no inclou IVA ni lliurament\" \/>\n<meta property=\"og:url\" content=\"http:\/\/rocafariners.com\/ca\/producte\/farina-de-blat-eco-forca\/\" \/>\n<meta property=\"og:site_name\" content=\"Farinera Roca\" \/>\n<meta property=\"article:modified_time\" content=\"2022-03-07T06:44:25+00:00\" \/>\n<meta property=\"og:image\" content=\"https:\/\/rocafariners.com\/wp-content\/uploads\/2014\/12\/eco_forca_ml.jpeg\" \/>\n\t<meta property=\"og:image:width\" content=\"675\" \/>\n\t<meta property=\"og:image:height\" content=\"1000\" \/>\n<meta name=\"twitter:card\" content=\"summary_large_image\" \/>\n<meta name=\"twitter:label1\" content=\"Escrit per\">\n\t<meta name=\"twitter:data1\" content=\"admin\">\n\t<meta name=\"twitter:label2\" content=\"Temps estimat de lectura\">\n\t<meta name=\"twitter:data2\" content=\"0 minuts\">\n<script type=\"application\/ld+json\" class=\"yoast-schema-graph\">{\"@context\":\"https:\/\/schema.org\",\"@graph\":[{\"@type\":\"WebSite\",\"@id\":\"http:\/\/rocafariners.com\/#website\",\"url\":\"http:\/\/rocafariners.com\/\",\"name\":\"Farinera Roca\",\"description\":\"buen trigo, buena harina, buen pan\",\"potentialAction\":[{\"@type\":\"SearchAction\",\"target\":\"http:\/\/rocafariners.com\/?s={search_term_string}\",\"query-input\":\"required name=search_term_string\"}],\"inLanguage\":\"ca\"},{\"@type\":\"ImageObject\",\"@id\":\"http:\/\/rocafariners.com\/ca\/producte\/farina-de-blat-eco-forca\/#primaryimage\",\"inLanguage\":\"ca\",\"url\":\"https:\/\/rocafariners.com\/wp-content\/uploads\/2014\/12\/sacs-roca-blancs-ecologica-forca.png\",\"width\":2112,\"height\":2816},{\"@type\":\"WebPage\",\"@id\":\"http:\/\/rocafariners.com\/ca\/producte\/farina-de-blat-eco-forca\/#webpage\",\"url\":\"http:\/\/rocafariners.com\/ca\/producte\/farina-de-blat-eco-forca\/\",\"name\":\"Farina de blat eco for\\u00e7a - Farinera Roca\",\"isPartOf\":{\"@id\":\"http:\/\/rocafariners.com\/#website\"},\"primaryImageOfPage\":{\"@id\":\"http:\/\/rocafariners.com\/ca\/producte\/farina-de-blat-eco-forca\/#primaryimage\"},\"datePublished\":\"2015-06-02T11:54:43+00:00\",\"dateModified\":\"2022-03-07T06:44:25+00:00\",\"inLanguage\":\"ca\",\"potentialAction\":[{\"@type\":\"ReadAction\",\"target\":[\"http:\/\/rocafariners.com\/ca\/producte\/farina-de-blat-eco-forca\/\"]}]}]}<\/script>\n<!-- \/ Yoast SEO plugin. -->","_links":{"self":[{"href":"https:\/\/rocafariners.com\/ca\/wp-json\/wp\/v2\/product\/1859\/"}],"collection":[{"href":"https:\/\/rocafariners.com\/ca\/wp-json\/wp\/v2\/product\/"}],"about":[{"href":"https:\/\/rocafariners.com\/ca\/wp-json\/wp\/v2\/types\/product\/"}],"replies":[{"embeddable":true,"href":"https:\/\/rocafariners.com\/ca\/wp-json\/wp\/v2\/comments\/?post=1859"}],"wp:featuredmedia":[{"embeddable":true,"href":"https:\/\/rocafariners.com\/ca\/wp-json\/wp\/v2\/media\/53734\/"}],"wp:attachment":[{"href":"https:\/\/rocafariners.com\/ca\/wp-json\/wp\/v2\/media\/?parent=1859"}],"wp:term":[{"taxonomy":"product_cat","embeddable":true,"href":"https:\/\/rocafariners.com\/ca\/wp-json\/wp\/v2\/product_cat\/?post=1859"},{"taxonomy":"product_tag","embeddable":true,"href":"https:\/\/rocafariners.com\/ca\/wp-json\/wp\/v2\/product_tag\/?post=1859"}],"curies":[{"name":"wp","href":"https:\/\/api.w.org\/{rel}","templated":true}]}}