{"id":1843,"date":"2014-12-11T18:06:42","date_gmt":"2015-06-02T11:13:27","guid":{"rendered":"http:\/\/rocafariners.com\/?post_type=product&#038;p=1843"},"modified":"2021-12-30T15:25:37","modified_gmt":"2021-12-30T15:25:37","slug":"farina-de-segol-ecologic-t-80","status":"publish","type":"product","link":"https:\/\/rocafariners.com\/ca\/producte\/farina-de-segol-ecologic-t-80\/","title":{"rendered":"Farina de s\u00e8gol ecol\u00f2gic T- 80"},"content":{"rendered":"<p>Extracci\u00f3 80% &#8211; Farina semi integral<br \/>\nEl s\u00e8gol admet m\u00e9s aigua que el blat<br \/>\nEns aporta sabor i olor.<br \/>\nS\u00f3n productes que es mantenen frescos m\u00e9s temps.<br \/>\nT\u00e9 gluten en la seva composici\u00f3<\/p>\n<p><a href=\"http:\/\/rocafariners.com\/ca\/pan-de-centeno-con-frutas-y-pipas-de-girasol\/\">Recepta pa s\u00e8gol T80 amb fruita i pipes de girasol<\/a><\/p>\n<p><a href=\"http:\/\/rocafariners.com\/ca\/pa-de-segol-t80-amb-massa-mare\/\">Recepta de pa s\u00e8gol T80 amb massa mare<\/a><\/p>\n","protected":false},"excerpt":{"rendered":"<ul>\n<li>Extracci\u00f3 80%<\/li>\n<li>El s\u00e8gol admet m\u00e9s aigua que el blat<\/li>\n<li>Ens aporta sabor i olor.<\/li>\n<li>S\u00f3n productes que es mantenen frescos m\u00e9s temps.<\/li>\n<li>T\u00e9 gluten en la seva composici\u00f3<\/li>\n<li>El preu no inclou IVA ni <a href=\"\/?page_id=1782&amp;lang=ca\">lliurament<\/a><\/li>\n<\/ul>\n","protected":false},"featured_media":53940,"comment_status":"open","ping_status":"closed","template":"","meta":{"_monsterinsights_skip_tracking":false,"_monsterinsights_sitenote_active":false,"_monsterinsights_sitenote_note":"","_monsterinsights_sitenote_category":0},"product_cat":[29,30],"product_tag":[],"yoast_head":"<!-- This site is optimized with the Yoast SEO plugin v15.4 - https:\/\/yoast.com\/wordpress\/plugins\/seo\/ -->\n<title>Farina de s\u00e8gol ecol\u00f2gic T- 80 - Farinera Roca<\/title>\n<meta name=\"robots\" content=\"index, follow, max-snippet:-1, max-image-preview:large, max-video-preview:-1\" \/>\n<link rel=\"canonical\" href=\"https:\/\/rocafariners.com\/ca\/producte\/farina-de-segol-ecologic-t-80\/\" \/>\n<meta property=\"og:locale\" content=\"ca_ES\" \/>\n<meta property=\"og:type\" content=\"article\" \/>\n<meta property=\"og:title\" content=\"Farina de s\u00e8gol ecol\u00f2gic T- 80 - Farinera Roca\" \/>\n<meta property=\"og:description\" content=\"Extracci\u00f3 80%  El s\u00e8gol admet m\u00e9s aigua que el blat  Ens aporta sabor i olor.  S\u00f3n productes que es mantenen frescos m\u00e9s temps.  T\u00e9 gluten en la seva composici\u00f3  El preu no inclou IVA ni lliurament\" \/>\n<meta property=\"og:url\" content=\"https:\/\/rocafariners.com\/ca\/producte\/farina-de-segol-ecologic-t-80\/\" \/>\n<meta property=\"og:site_name\" content=\"Farinera Roca\" \/>\n<meta property=\"article:modified_time\" content=\"2021-12-30T15:25:37+00:00\" \/>\n<meta property=\"og:image\" content=\"https:\/\/rocafariners.com\/wp-content\/uploads\/2014\/12\/sacs-roca-blat-eco-molida-a-la-piedra-centeno-t-80-02-510x680-1.png\" \/>\n\t<meta property=\"og:image:width\" content=\"510\" \/>\n\t<meta property=\"og:image:height\" content=\"680\" \/>\n<meta name=\"twitter:card\" content=\"summary_large_image\" \/>\n<meta name=\"twitter:label1\" content=\"Escrit per\">\n\t<meta name=\"twitter:data1\" content=\"admin\">\n\t<meta name=\"twitter:label2\" content=\"Temps estimat de lectura\">\n\t<meta name=\"twitter:data2\" content=\"0 minuts\">\n<script type=\"application\/ld+json\" class=\"yoast-schema-graph\">{\"@context\":\"https:\/\/schema.org\",\"@graph\":[{\"@type\":\"WebSite\",\"@id\":\"http:\/\/rocafariners.com\/#website\",\"url\":\"http:\/\/rocafariners.com\/\",\"name\":\"Farinera Roca\",\"description\":\"buen trigo, buena harina, buen pan\",\"potentialAction\":[{\"@type\":\"SearchAction\",\"target\":\"http:\/\/rocafariners.com\/?s={search_term_string}\",\"query-input\":\"required name=search_term_string\"}],\"inLanguage\":\"ca\"},{\"@type\":\"ImageObject\",\"@id\":\"https:\/\/rocafariners.com\/ca\/producte\/farina-de-segol-ecologic-t-80\/#primaryimage\",\"inLanguage\":\"ca\",\"url\":\"https:\/\/rocafariners.com\/wp-content\/uploads\/2014\/12\/sacs-roca-blat-eco-molida-a-la-piedra-centeno-t-80-02-510x680-1.png\",\"width\":510,\"height\":680},{\"@type\":\"WebPage\",\"@id\":\"https:\/\/rocafariners.com\/ca\/producte\/farina-de-segol-ecologic-t-80\/#webpage\",\"url\":\"https:\/\/rocafariners.com\/ca\/producte\/farina-de-segol-ecologic-t-80\/\",\"name\":\"Farina de s\\u00e8gol ecol\\u00f2gic T- 80 - Farinera Roca\",\"isPartOf\":{\"@id\":\"http:\/\/rocafariners.com\/#website\"},\"primaryImageOfPage\":{\"@id\":\"https:\/\/rocafariners.com\/ca\/producte\/farina-de-segol-ecologic-t-80\/#primaryimage\"},\"datePublished\":\"2015-06-02T11:13:27+00:00\",\"dateModified\":\"2021-12-30T15:25:37+00:00\",\"inLanguage\":\"ca\",\"potentialAction\":[{\"@type\":\"ReadAction\",\"target\":[\"https:\/\/rocafariners.com\/ca\/producte\/farina-de-segol-ecologic-t-80\/\"]}]}]}<\/script>\n<!-- \/ Yoast SEO plugin. -->","_links":{"self":[{"href":"https:\/\/rocafariners.com\/ca\/wp-json\/wp\/v2\/product\/1843\/"}],"collection":[{"href":"https:\/\/rocafariners.com\/ca\/wp-json\/wp\/v2\/product\/"}],"about":[{"href":"https:\/\/rocafariners.com\/ca\/wp-json\/wp\/v2\/types\/product\/"}],"replies":[{"embeddable":true,"href":"https:\/\/rocafariners.com\/ca\/wp-json\/wp\/v2\/comments\/?post=1843"}],"wp:featuredmedia":[{"embeddable":true,"href":"https:\/\/rocafariners.com\/ca\/wp-json\/wp\/v2\/media\/53940\/"}],"wp:attachment":[{"href":"https:\/\/rocafariners.com\/ca\/wp-json\/wp\/v2\/media\/?parent=1843"}],"wp:term":[{"taxonomy":"product_cat","embeddable":true,"href":"https:\/\/rocafariners.com\/ca\/wp-json\/wp\/v2\/product_cat\/?post=1843"},{"taxonomy":"product_tag","embeddable":true,"href":"https:\/\/rocafariners.com\/ca\/wp-json\/wp\/v2\/product_tag\/?post=1843"}],"curies":[{"name":"wp","href":"https:\/\/api.w.org\/{rel}","templated":true}]}}