{"id":1831,"date":"2014-12-10T16:36:40","date_gmt":"2015-06-02T11:03:38","guid":{"rendered":"http:\/\/rocafariners.com\/?post_type=product&#038;p=1831"},"modified":"2015-10-05T15:15:05","modified_gmt":"2015-10-05T15:15:05","slug":"farina-de-segol-ecologic","status":"publish","type":"product","link":"https:\/\/rocafariners.com\/ca\/producte\/farina-de-segol-ecologic\/","title":{"rendered":"Farina de s\u00e8gol ecol\u00f2gic"},"content":{"rendered":"<p>Extracci\u00f3 del 65%<\/p>\n<p>La farina de s\u00e8gol admet m\u00e9s aigua a la massa que el blat<\/p>\n<p>Ens aporta sabor i olor si ho barregem amb altres cereals<\/p>\n<p>Els productes resultants es mantenen frescos m\u00e9s temps.<\/p>\n<p>T\u00e9 gluten en la seva composici\u00f3.<\/p>\n","protected":false},"excerpt":{"rendered":"<ul>\n<li>Extracci\u00f3 del 65%<\/li>\n<li>La farina de s\u00e8gol admet m\u00e9s aigua a la massa que el blat<\/li>\n<li>Ens aporta sabor i olor si ho barregem amb altres cereals<\/li>\n<li>Els productes resultants es mantenen frescos m\u00e9s temps.<\/li>\n<li>T\u00e9 gluten en la seva composici\u00f3.<\/li>\n<li>El preu no inclou IVA ni <a href=\"\/?page_id=1782&amp;lang=ca\">lliurament<\/a><\/li>\n<\/ul>\n","protected":false},"featured_media":53876,"comment_status":"open","ping_status":"closed","template":"","meta":{"_monsterinsights_skip_tracking":false,"_monsterinsights_sitenote_active":false,"_monsterinsights_sitenote_note":"","_monsterinsights_sitenote_category":0},"product_cat":[29,31],"product_tag":[],"yoast_head":"<!-- This site is optimized with the Yoast SEO plugin v15.4 - https:\/\/yoast.com\/wordpress\/plugins\/seo\/ -->\n<title>Farina de s\u00e8gol ecol\u00f2gic - Farinera Roca<\/title>\n<meta name=\"robots\" content=\"index, follow, max-snippet:-1, max-image-preview:large, max-video-preview:-1\" \/>\n<link rel=\"canonical\" href=\"http:\/\/rocafariners.com\/ca\/producte\/farina-de-segol-ecologic\/\" \/>\n<meta property=\"og:locale\" content=\"ca_ES\" \/>\n<meta property=\"og:type\" content=\"article\" \/>\n<meta property=\"og:title\" content=\"Farina de s\u00e8gol ecol\u00f2gic - Farinera Roca\" \/>\n<meta property=\"og:description\" content=\"Extracci\u00f3 del 65%  La farina de s\u00e8gol admet m\u00e9s aigua a la massa que el blat  Ens aporta sabor i olor si ho barregem amb altres cereals  Els productes resultants es mantenen frescos m\u00e9s temps.  T\u00e9 gluten en la seva composici\u00f3.  El preu no inclou IVA ni lliurament\" \/>\n<meta property=\"og:url\" content=\"http:\/\/rocafariners.com\/ca\/producte\/farina-de-segol-ecologic\/\" \/>\n<meta property=\"og:site_name\" content=\"Farinera Roca\" \/>\n<meta property=\"article:modified_time\" content=\"2015-10-05T15:15:05+00:00\" \/>\n<meta property=\"og:image\" content=\"https:\/\/rocafariners.com\/wp-content\/uploads\/2014\/12\/centeno_eco_ml.jpeg\" \/>\n\t<meta property=\"og:image:width\" content=\"703\" \/>\n\t<meta property=\"og:image:height\" content=\"1000\" \/>\n<meta name=\"twitter:card\" content=\"summary_large_image\" \/>\n<meta name=\"twitter:label1\" content=\"Escrit per\">\n\t<meta name=\"twitter:data1\" content=\"admin\">\n\t<meta name=\"twitter:label2\" content=\"Temps estimat de lectura\">\n\t<meta name=\"twitter:data2\" content=\"0 minuts\">\n<script type=\"application\/ld+json\" class=\"yoast-schema-graph\">{\"@context\":\"https:\/\/schema.org\",\"@graph\":[{\"@type\":\"WebSite\",\"@id\":\"http:\/\/rocafariners.com\/#website\",\"url\":\"http:\/\/rocafariners.com\/\",\"name\":\"Farinera Roca\",\"description\":\"buen trigo, buena harina, buen pan\",\"potentialAction\":[{\"@type\":\"SearchAction\",\"target\":\"http:\/\/rocafariners.com\/?s={search_term_string}\",\"query-input\":\"required name=search_term_string\"}],\"inLanguage\":\"ca\"},{\"@type\":\"ImageObject\",\"@id\":\"http:\/\/rocafariners.com\/ca\/producte\/farina-de-segol-ecologic\/#primaryimage\",\"inLanguage\":\"ca\",\"url\":\"https:\/\/rocafariners.com\/wp-content\/uploads\/2014\/12\/sacs-roca-marro-ecologica-segol.png\",\"width\":2112,\"height\":2816},{\"@type\":\"WebPage\",\"@id\":\"http:\/\/rocafariners.com\/ca\/producte\/farina-de-segol-ecologic\/#webpage\",\"url\":\"http:\/\/rocafariners.com\/ca\/producte\/farina-de-segol-ecologic\/\",\"name\":\"Farina de s\\u00e8gol ecol\\u00f2gic - Farinera Roca\",\"isPartOf\":{\"@id\":\"http:\/\/rocafariners.com\/#website\"},\"primaryImageOfPage\":{\"@id\":\"http:\/\/rocafariners.com\/ca\/producte\/farina-de-segol-ecologic\/#primaryimage\"},\"datePublished\":\"2015-06-02T11:03:38+00:00\",\"dateModified\":\"2015-10-05T15:15:05+00:00\",\"inLanguage\":\"ca\",\"potentialAction\":[{\"@type\":\"ReadAction\",\"target\":[\"http:\/\/rocafariners.com\/ca\/producte\/farina-de-segol-ecologic\/\"]}]}]}<\/script>\n<!-- \/ Yoast SEO plugin. -->","_links":{"self":[{"href":"https:\/\/rocafariners.com\/ca\/wp-json\/wp\/v2\/product\/1831\/"}],"collection":[{"href":"https:\/\/rocafariners.com\/ca\/wp-json\/wp\/v2\/product\/"}],"about":[{"href":"https:\/\/rocafariners.com\/ca\/wp-json\/wp\/v2\/types\/product\/"}],"replies":[{"embeddable":true,"href":"https:\/\/rocafariners.com\/ca\/wp-json\/wp\/v2\/comments\/?post=1831"}],"wp:featuredmedia":[{"embeddable":true,"href":"https:\/\/rocafariners.com\/ca\/wp-json\/wp\/v2\/media\/53876\/"}],"wp:attachment":[{"href":"https:\/\/rocafariners.com\/ca\/wp-json\/wp\/v2\/media\/?parent=1831"}],"wp:term":[{"taxonomy":"product_cat","embeddable":true,"href":"https:\/\/rocafariners.com\/ca\/wp-json\/wp\/v2\/product_cat\/?post=1831"},{"taxonomy":"product_tag","embeddable":true,"href":"https:\/\/rocafariners.com\/ca\/wp-json\/wp\/v2\/product_tag\/?post=1831"}],"curies":[{"name":"wp","href":"https:\/\/api.w.org\/{rel}","templated":true}]}}