{"id":1828,"date":"2014-12-09T16:33:02","date_gmt":"2015-06-02T11:01:26","guid":{"rendered":"http:\/\/rocafariners.com\/?post_type=product&#038;p=1828"},"modified":"2020-12-28T10:36:39","modified_gmt":"2020-12-28T10:36:39","slug":"farina-de-segol-integral-ecologic-100","status":"publish","type":"product","link":"https:\/\/rocafariners.com\/ca\/producte\/farina-de-segol-integral-ecologic-100\/","title":{"rendered":"Farina de s\u00e8gol integral ecol\u00f2gic"},"content":{"rendered":"<p>Extracci\u00f3 del 100%<br \/>\nEl s\u00e8gol admet m\u00e9s aigua que el blat<br \/>\nEns aporta sabor i olor.<br \/>\nS\u00f3n productes que es mantenen frescos m\u00e9s temps.<br \/>\nT\u00e9 gluten en la seva composici\u00f3<\/p>\n<p><a href=\"http:\/\/rocafariners.com\/ca\/pa-rostoll-andi\/\">Recepta pa rostoll and\u00ed<\/a><\/p>\n<p><a href=\"http:\/\/rocafariners.com\/ca\/pa-de-segol-blat-amb-pipes-de-carbassa-nous-nabius\/\">Recepta Pa de S\u00e8gol\/Blat amb Pipes de Carbassa, Nous i Nabius<\/a><\/p>\n","protected":false},"excerpt":{"rendered":"<ul>\n<li>Extracci\u00f3 del 100%<\/li>\n<li>El s\u00e8gol admet m\u00e9s aigua que el blat<\/li>\n<li>Ens aporta sabor i olor.<\/li>\n<li>S\u00f3n productes que es mantenen frescos m\u00e9s temps.<\/li>\n<li>T\u00e9 gluten en la seva composici\u00f3<\/li>\n<li>El preu no inclou IVA ni <a href=\"\/?page_id=1782&amp;lang=ca\">lliurament<\/a><\/li>\n<\/ul>\n","protected":false},"featured_media":53886,"comment_status":"open","ping_status":"closed","template":"","meta":{"_monsterinsights_skip_tracking":false,"_monsterinsights_sitenote_active":false,"_monsterinsights_sitenote_note":"","_monsterinsights_sitenote_category":0},"product_cat":[29,31],"product_tag":[],"yoast_head":"<!-- This site is optimized with the Yoast SEO plugin v15.4 - https:\/\/yoast.com\/wordpress\/plugins\/seo\/ -->\n<title>Farina de s\u00e8gol integral ecol\u00f2gic - Farinera Roca<\/title>\n<meta name=\"robots\" content=\"index, follow, max-snippet:-1, max-image-preview:large, max-video-preview:-1\" \/>\n<link rel=\"canonical\" href=\"http:\/\/rocafariners.com\/ca\/producte\/farina-de-segol-integral-ecologic-100\/\" \/>\n<meta property=\"og:locale\" content=\"ca_ES\" \/>\n<meta property=\"og:type\" content=\"article\" \/>\n<meta property=\"og:title\" content=\"Farina de s\u00e8gol integral ecol\u00f2gic - Farinera Roca\" \/>\n<meta property=\"og:description\" content=\"Extracci\u00f3 del 100%  El s\u00e8gol admet m\u00e9s aigua que el blat  Ens aporta sabor i olor.  S\u00f3n productes que es mantenen frescos m\u00e9s temps.  T\u00e9 gluten en la seva composici\u00f3  El preu no inclou IVA ni lliurament\" \/>\n<meta property=\"og:url\" content=\"http:\/\/rocafariners.com\/ca\/producte\/farina-de-segol-integral-ecologic-100\/\" \/>\n<meta property=\"og:site_name\" content=\"Farinera Roca\" \/>\n<meta property=\"article:modified_time\" content=\"2020-12-28T10:36:39+00:00\" \/>\n<meta property=\"og:image\" content=\"https:\/\/rocafariners.com\/wp-content\/uploads\/2014\/12\/eco_centeno_integral_ml.jpeg\" \/>\n\t<meta property=\"og:image:width\" content=\"696\" \/>\n\t<meta property=\"og:image:height\" content=\"1000\" \/>\n<meta name=\"twitter:card\" content=\"summary_large_image\" \/>\n<meta name=\"twitter:label1\" content=\"Escrit per\">\n\t<meta name=\"twitter:data1\" content=\"admin\">\n\t<meta name=\"twitter:label2\" content=\"Temps estimat de lectura\">\n\t<meta name=\"twitter:data2\" content=\"0 minuts\">\n<script type=\"application\/ld+json\" class=\"yoast-schema-graph\">{\"@context\":\"https:\/\/schema.org\",\"@graph\":[{\"@type\":\"WebSite\",\"@id\":\"http:\/\/rocafariners.com\/#website\",\"url\":\"http:\/\/rocafariners.com\/\",\"name\":\"Farinera Roca\",\"description\":\"buen trigo, buena harina, buen pan\",\"potentialAction\":[{\"@type\":\"SearchAction\",\"target\":\"http:\/\/rocafariners.com\/?s={search_term_string}\",\"query-input\":\"required name=search_term_string\"}],\"inLanguage\":\"ca\"},{\"@type\":\"ImageObject\",\"@id\":\"http:\/\/rocafariners.com\/ca\/producte\/farina-de-segol-integral-ecologic-100\/#primaryimage\",\"inLanguage\":\"ca\",\"url\":\"https:\/\/rocafariners.com\/wp-content\/uploads\/2014\/12\/sacs-roca-marro-segol-integral-1.png\",\"width\":2112,\"height\":2816},{\"@type\":\"WebPage\",\"@id\":\"http:\/\/rocafariners.com\/ca\/producte\/farina-de-segol-integral-ecologic-100\/#webpage\",\"url\":\"http:\/\/rocafariners.com\/ca\/producte\/farina-de-segol-integral-ecologic-100\/\",\"name\":\"Farina de s\\u00e8gol integral ecol\\u00f2gic - Farinera Roca\",\"isPartOf\":{\"@id\":\"http:\/\/rocafariners.com\/#website\"},\"primaryImageOfPage\":{\"@id\":\"http:\/\/rocafariners.com\/ca\/producte\/farina-de-segol-integral-ecologic-100\/#primaryimage\"},\"datePublished\":\"2015-06-02T11:01:26+00:00\",\"dateModified\":\"2020-12-28T10:36:39+00:00\",\"inLanguage\":\"ca\",\"potentialAction\":[{\"@type\":\"ReadAction\",\"target\":[\"http:\/\/rocafariners.com\/ca\/producte\/farina-de-segol-integral-ecologic-100\/\"]}]}]}<\/script>\n<!-- \/ Yoast SEO plugin. -->","_links":{"self":[{"href":"https:\/\/rocafariners.com\/ca\/wp-json\/wp\/v2\/product\/1828\/"}],"collection":[{"href":"https:\/\/rocafariners.com\/ca\/wp-json\/wp\/v2\/product\/"}],"about":[{"href":"https:\/\/rocafariners.com\/ca\/wp-json\/wp\/v2\/types\/product\/"}],"replies":[{"embeddable":true,"href":"https:\/\/rocafariners.com\/ca\/wp-json\/wp\/v2\/comments\/?post=1828"}],"wp:featuredmedia":[{"embeddable":true,"href":"https:\/\/rocafariners.com\/ca\/wp-json\/wp\/v2\/media\/53886\/"}],"wp:attachment":[{"href":"https:\/\/rocafariners.com\/ca\/wp-json\/wp\/v2\/media\/?parent=1828"}],"wp:term":[{"taxonomy":"product_cat","embeddable":true,"href":"https:\/\/rocafariners.com\/ca\/wp-json\/wp\/v2\/product_cat\/?post=1828"},{"taxonomy":"product_tag","embeddable":true,"href":"https:\/\/rocafariners.com\/ca\/wp-json\/wp\/v2\/product_tag\/?post=1828"}],"curies":[{"name":"wp","href":"https:\/\/api.w.org\/{rel}","templated":true}]}}