{"id":1822,"date":"2014-12-07T15:54:24","date_gmt":"2015-06-02T10:55:43","guid":{"rendered":"http:\/\/rocafariners.com\/?post_type=product&#038;p=1822"},"modified":"2023-02-01T14:37:02","modified_gmt":"2023-02-01T14:37:02","slug":"farina-de-triticum-turgidum-ecologica-integral-100","status":"publish","type":"product","link":"https:\/\/rocafariners.com\/ca\/producte\/farina-de-triticum-turgidum-ecologica-integral-100\/","title":{"rendered":"Farina integral triticum durum ecol\u00f2gica"},"content":{"rendered":"<p>Extracci\u00f3 100%. Gluten humit min 30% (prote\u00efna)<\/p>\n","protected":false},"excerpt":{"rendered":"<ul>\n<li>Per a l&#8217;elaboraci\u00f3 de pans de triticum durum integrals, pans amb sabor caracter\u00edstic molla groga compacta i crosta daurada<\/li>\n<li>El preu no inclou IVA ni <a href=\"\/?page_id=1782&amp;lang=ca\">lliurament<\/a><\/li>\n<\/ul>\n","protected":false},"featured_media":53898,"comment_status":"open","ping_status":"closed","template":"","meta":{"_monsterinsights_skip_tracking":false,"_monsterinsights_sitenote_active":false,"_monsterinsights_sitenote_note":"","_monsterinsights_sitenote_category":0},"product_cat":[29,31],"product_tag":[],"yoast_head":"<!-- This site is optimized with the Yoast SEO plugin v15.4 - https:\/\/yoast.com\/wordpress\/plugins\/seo\/ -->\n<title>Farina integral triticum durum ecol\u00f2gica - Farinera Roca<\/title>\n<meta name=\"robots\" content=\"index, follow, max-snippet:-1, max-image-preview:large, max-video-preview:-1\" \/>\n<link rel=\"canonical\" href=\"https:\/\/rocafariners.com\/ca\/producte\/farina-de-triticum-turgidum-ecologica-integral-100\/\" \/>\n<meta property=\"og:locale\" content=\"ca_ES\" \/>\n<meta property=\"og:type\" content=\"article\" \/>\n<meta property=\"og:title\" content=\"Farina integral triticum durum ecol\u00f2gica - Farinera Roca\" \/>\n<meta property=\"og:description\" content=\"Per a l&#039;elaboraci\u00f3 de pans de triticum durum integrals, pans amb sabor caracter\u00edstic molla groga compacta i crosta daurada  El preu no inclou IVA ni lliurament\" \/>\n<meta property=\"og:url\" content=\"https:\/\/rocafariners.com\/ca\/producte\/farina-de-triticum-turgidum-ecologica-integral-100\/\" \/>\n<meta property=\"og:site_name\" content=\"Farinera Roca\" \/>\n<meta property=\"article:modified_time\" content=\"2023-02-01T14:37:02+00:00\" \/>\n<meta property=\"og:image\" content=\"https:\/\/rocafariners.com\/wp-content\/uploads\/2014\/12\/sacs-roca-triticum-durum-integral-1.png\" \/>\n\t<meta property=\"og:image:width\" content=\"2112\" \/>\n\t<meta property=\"og:image:height\" content=\"2816\" \/>\n<meta name=\"twitter:card\" content=\"summary_large_image\" \/>\n<meta name=\"twitter:label1\" content=\"Escrit per\">\n\t<meta name=\"twitter:data1\" content=\"admin\">\n\t<meta name=\"twitter:label2\" content=\"Temps estimat de lectura\">\n\t<meta name=\"twitter:data2\" content=\"0 minuts\">\n<script type=\"application\/ld+json\" class=\"yoast-schema-graph\">{\"@context\":\"https:\/\/schema.org\",\"@graph\":[{\"@type\":\"WebSite\",\"@id\":\"http:\/\/rocafariners.com\/#website\",\"url\":\"http:\/\/rocafariners.com\/\",\"name\":\"Farinera Roca\",\"description\":\"buen trigo, buena harina, buen pan\",\"potentialAction\":[{\"@type\":\"SearchAction\",\"target\":\"http:\/\/rocafariners.com\/?s={search_term_string}\",\"query-input\":\"required name=search_term_string\"}],\"inLanguage\":\"ca\"},{\"@type\":\"ImageObject\",\"@id\":\"https:\/\/rocafariners.com\/ca\/producte\/farina-de-triticum-turgidum-ecologica-integral-100\/#primaryimage\",\"inLanguage\":\"ca\",\"url\":\"https:\/\/rocafariners.com\/wp-content\/uploads\/2014\/12\/sacs-roca-triticum-durum-integral-1.png\",\"width\":2112,\"height\":2816},{\"@type\":\"WebPage\",\"@id\":\"https:\/\/rocafariners.com\/ca\/producte\/farina-de-triticum-turgidum-ecologica-integral-100\/#webpage\",\"url\":\"https:\/\/rocafariners.com\/ca\/producte\/farina-de-triticum-turgidum-ecologica-integral-100\/\",\"name\":\"Farina integral triticum durum ecol\\u00f2gica - Farinera Roca\",\"isPartOf\":{\"@id\":\"http:\/\/rocafariners.com\/#website\"},\"primaryImageOfPage\":{\"@id\":\"https:\/\/rocafariners.com\/ca\/producte\/farina-de-triticum-turgidum-ecologica-integral-100\/#primaryimage\"},\"datePublished\":\"2015-06-02T10:55:43+00:00\",\"dateModified\":\"2023-02-01T14:37:02+00:00\",\"inLanguage\":\"ca\",\"potentialAction\":[{\"@type\":\"ReadAction\",\"target\":[\"https:\/\/rocafariners.com\/ca\/producte\/farina-de-triticum-turgidum-ecologica-integral-100\/\"]}]}]}<\/script>\n<!-- \/ Yoast SEO plugin. -->","_links":{"self":[{"href":"https:\/\/rocafariners.com\/ca\/wp-json\/wp\/v2\/product\/1822\/"}],"collection":[{"href":"https:\/\/rocafariners.com\/ca\/wp-json\/wp\/v2\/product\/"}],"about":[{"href":"https:\/\/rocafariners.com\/ca\/wp-json\/wp\/v2\/types\/product\/"}],"replies":[{"embeddable":true,"href":"https:\/\/rocafariners.com\/ca\/wp-json\/wp\/v2\/comments\/?post=1822"}],"wp:featuredmedia":[{"embeddable":true,"href":"https:\/\/rocafariners.com\/ca\/wp-json\/wp\/v2\/media\/53898\/"}],"wp:attachment":[{"href":"https:\/\/rocafariners.com\/ca\/wp-json\/wp\/v2\/media\/?parent=1822"}],"wp:term":[{"taxonomy":"product_cat","embeddable":true,"href":"https:\/\/rocafariners.com\/ca\/wp-json\/wp\/v2\/product_cat\/?post=1822"},{"taxonomy":"product_tag","embeddable":true,"href":"https:\/\/rocafariners.com\/ca\/wp-json\/wp\/v2\/product_tag\/?post=1822"}],"curies":[{"name":"wp","href":"https:\/\/api.w.org\/{rel}","templated":true}]}}