{"id":15407,"date":"2019-04-25T07:59:34","date_gmt":"2019-04-25T07:59:34","guid":{"rendered":"http:\/\/rocafariners.com\/ca\/producte\/harina-maiz\/"},"modified":"2021-12-30T13:13:16","modified_gmt":"2021-12-30T13:13:16","slug":"farina-blat-de-moro","status":"publish","type":"product","link":"https:\/\/rocafariners.com\/ca\/producte\/farina-blat-de-moro\/","title":{"rendered":"Farina de blat de moro ecol\u00f2gica"},"content":{"rendered":"<p><span lang=\"ca\" style=\"font-family: georgia, palatino, serif;\">Farina elaborada amb blat de moro 100% ecol\u00f2gic. Amb un sabor caracter\u00edstic i un color groc. Es pot barrejar fins amb un 30% amb una farina panificable per a l&#8217;elaboraci\u00f3 de pans especials.<\/span><\/p>\n<p>Pot contenir traces de gluten<\/p>\n<p><a href=\"http:\/\/rocafariners.com\/ca\/pan-amb-blat-de-moro\/\">Recepta pa amb blat de moro<\/a><\/p>\n<p><a href=\"http:\/\/rocafariners.com\/wp-content\/uploads\/2020\/12\/FT_MAIZ.pdf\">Fitxa t\u00e8cnica<\/a><\/p>\n","protected":false},"excerpt":{"rendered":"<ul>\n<li>El preu no inclou IVA ni <a href=\"http:\/\/rocafariners.com\/?page_id=59\" rel=\"nofollow\">entrega<\/a><\/li>\n<\/ul>\n<p>&nbsp;<\/p>\n","protected":false},"featured_media":53832,"comment_status":"open","ping_status":"closed","template":"","meta":{"_monsterinsights_skip_tracking":false,"_monsterinsights_sitenote_active":false,"_monsterinsights_sitenote_note":"","_monsterinsights_sitenote_category":0},"product_cat":[29,31],"product_tag":[],"yoast_head":"<!-- This site is optimized with the Yoast SEO plugin v15.4 - https:\/\/yoast.com\/wordpress\/plugins\/seo\/ -->\n<title>Farina de blat de moro ecol\u00f2gica - Farinera Roca<\/title>\n<meta name=\"robots\" content=\"index, follow, max-snippet:-1, max-image-preview:large, max-video-preview:-1\" \/>\n<link rel=\"canonical\" href=\"https:\/\/rocafariners.com\/ca\/producte\/farina-blat-de-moro\/\" \/>\n<meta property=\"og:locale\" content=\"ca_ES\" \/>\n<meta property=\"og:type\" content=\"article\" \/>\n<meta property=\"og:title\" content=\"Farina de blat de moro ecol\u00f2gica - Farinera Roca\" \/>\n<meta property=\"og:description\" content=\"El preu no inclou IVA ni entrega  &nbsp;\" \/>\n<meta property=\"og:url\" content=\"https:\/\/rocafariners.com\/ca\/producte\/farina-blat-de-moro\/\" \/>\n<meta property=\"og:site_name\" content=\"Farinera Roca\" \/>\n<meta property=\"article:modified_time\" content=\"2021-12-30T13:13:16+00:00\" \/>\n<meta property=\"og:image\" content=\"https:\/\/rocafariners.com\/wp-content\/uploads\/2019\/04\/sacs-roca-cosits-maiz-cropejats.png\" \/>\n\t<meta property=\"og:image:width\" content=\"2112\" \/>\n\t<meta property=\"og:image:height\" content=\"2816\" \/>\n<meta name=\"twitter:card\" content=\"summary_large_image\" \/>\n<meta name=\"twitter:label1\" content=\"Escrit per\">\n\t<meta name=\"twitter:data1\" content=\"Remei Farinera roca\">\n\t<meta name=\"twitter:label2\" content=\"Temps estimat de lectura\">\n\t<meta name=\"twitter:data2\" content=\"0 minuts\">\n<script type=\"application\/ld+json\" class=\"yoast-schema-graph\">{\"@context\":\"https:\/\/schema.org\",\"@graph\":[{\"@type\":\"WebSite\",\"@id\":\"http:\/\/rocafariners.com\/#website\",\"url\":\"http:\/\/rocafariners.com\/\",\"name\":\"Farinera Roca\",\"description\":\"buen trigo, buena harina, buen pan\",\"potentialAction\":[{\"@type\":\"SearchAction\",\"target\":\"http:\/\/rocafariners.com\/?s={search_term_string}\",\"query-input\":\"required name=search_term_string\"}],\"inLanguage\":\"ca\"},{\"@type\":\"ImageObject\",\"@id\":\"https:\/\/rocafariners.com\/ca\/producte\/farina-blat-de-moro\/#primaryimage\",\"inLanguage\":\"ca\",\"url\":\"https:\/\/rocafariners.com\/wp-content\/uploads\/2019\/04\/sacs-roca-cosits-maiz-cropejats.png\",\"width\":2112,\"height\":2816},{\"@type\":\"WebPage\",\"@id\":\"https:\/\/rocafariners.com\/ca\/producte\/farina-blat-de-moro\/#webpage\",\"url\":\"https:\/\/rocafariners.com\/ca\/producte\/farina-blat-de-moro\/\",\"name\":\"Farina de blat de moro ecol\\u00f2gica - Farinera Roca\",\"isPartOf\":{\"@id\":\"http:\/\/rocafariners.com\/#website\"},\"primaryImageOfPage\":{\"@id\":\"https:\/\/rocafariners.com\/ca\/producte\/farina-blat-de-moro\/#primaryimage\"},\"datePublished\":\"2019-04-25T07:59:34+00:00\",\"dateModified\":\"2021-12-30T13:13:16+00:00\",\"inLanguage\":\"ca\",\"potentialAction\":[{\"@type\":\"ReadAction\",\"target\":[\"https:\/\/rocafariners.com\/ca\/producte\/farina-blat-de-moro\/\"]}]}]}<\/script>\n<!-- \/ Yoast SEO plugin. -->","_links":{"self":[{"href":"https:\/\/rocafariners.com\/ca\/wp-json\/wp\/v2\/product\/15407\/"}],"collection":[{"href":"https:\/\/rocafariners.com\/ca\/wp-json\/wp\/v2\/product\/"}],"about":[{"href":"https:\/\/rocafariners.com\/ca\/wp-json\/wp\/v2\/types\/product\/"}],"replies":[{"embeddable":true,"href":"https:\/\/rocafariners.com\/ca\/wp-json\/wp\/v2\/comments\/?post=15407"}],"wp:featuredmedia":[{"embeddable":true,"href":"https:\/\/rocafariners.com\/ca\/wp-json\/wp\/v2\/media\/53832\/"}],"wp:attachment":[{"href":"https:\/\/rocafariners.com\/ca\/wp-json\/wp\/v2\/media\/?parent=15407"}],"wp:term":[{"taxonomy":"product_cat","embeddable":true,"href":"https:\/\/rocafariners.com\/ca\/wp-json\/wp\/v2\/product_cat\/?post=15407"},{"taxonomy":"product_tag","embeddable":true,"href":"https:\/\/rocafariners.com\/ca\/wp-json\/wp\/v2\/product_tag\/?post=15407"}],"curies":[{"name":"wp","href":"https:\/\/api.w.org\/{rel}","templated":true}]}}