{"id":6872,"date":"2014-12-04T16:07:43","date_gmt":"2014-12-04T16:07:43","guid":{"rendered":"http:\/\/rocafariners.com\/harinas-ecologicas\/?lang=ca"},"modified":"2021-12-30T09:45:58","modified_gmt":"2021-12-30T09:45:58","slug":"harinas-ecologicas","status":"publish","type":"page","link":"https:\/\/rocafariners.com\/ca\/harinas-ecologicas\/","title":{"rendered":"Farines Ecol\u00f2giques"},"content":{"rendered":"<p>[vc_row][vc_column][\/vc_column][\/vc_row][vc_row][vc_column][vc_empty_space][\/vc_column][\/vc_row][vc_row][vc_column][vc_column_text]Farines elaborades seleccionant les millors varietats i qualitats de cereals ecol\u00f2gics cultivats seguint la normativa de cultiu ecol\u00f2gic i el respecte al medi ambient.[\/vc_column_text][\/vc_column][\/vc_row][vc_row][vc_column][vc_column_text]<\/p>\n<div class=\"wpb_text_column wpb_content_element \">\n<div class=\"wpb_wrapper\">\n<h2 style=\"margin-bottom: -30px; text-align: center;\"><strong>FARINES M\u00d2LTES EN CILINDRES <\/strong><\/h2>\n<\/div>\n<\/div>\n<p>[\/vc_column_text][vc_empty_space]<div class=\"woocommerce columns-4 \"><ul class=\"products columns-4\">\n\n\t<li class=\"product_item product type-product post-12329 status-publish first instock product_cat-harinas-ecologicas-ca product_cat-farines-moltes-en-cilindres product_tag-trigo-ca has-post-thumbnail featured taxable shipping-taxable purchasable product-type-variable has-default-attributes\">\n\n\t\t\n\t\t<div class=\"product_item_inner \">\n\n\t\t\t\t\t\t\t\n\t\t\n\t\t\t\n\t\t\n\t\t<div class=\"image_container\">\n\t\t\t<a href=\"https:\/\/rocafariners.com\/ca\/producte\/farina-blat-forca-magna-eco\/\" class=\"woocommerce-LoopProduct-link woocommerce-loop-product__link\">\n\n\t\t\t\t<div class=\"loop_products_thumbnail_img_wrapper front\"><img width=\"190\" height=\"243\" src=\"https:\/\/rocafariners.com\/wp-content\/uploads\/2018\/03\/sacs-roca-magna-190x243.png\" class=\"attachment-woocommerce_thumbnail size-woocommerce_thumbnail\" alt=\"\" \/><\/div>\n\n\t\t\t\t\n\t\t\t\t<div class=\"loop_products_additional_img_wrapper back\"><img width=\"190\" height=\"243\" src=\"https:\/\/rocafariners.com\/wp-content\/uploads\/2018\/03\/roca-fariners-magna-eco_Trigo-Eco-ESP-copia-6-1-190x243.png\" class=\"attachment-shop_catalog size-shop_catalog\" alt=\"\" \/><\/div>\n\t\t\t\t\n\t\t\t<\/a>\n\n\t\t\t<div class=\"clr\"><\/div>\n\t\t\t\t\t\t<div class=\"product_button\"><\/div>\n\t\t\t\n\t\t\t\n\t\t<\/div>\n\n\t\t\n\t\t\n\t\t<p class=\"product-title\"><a href=\"https:\/\/rocafariners.com\/ca\/producte\/farina-blat-forca-magna-eco\/\">Farina de blat de magna for\u00e7a ecol\u00f2gica<\/a><\/p>\n\n\t\t\n\t\t<\/div><!--.product_item_inner-->\n\t<\/li>\n\n\t<li class=\"product_item product type-product post-1859 status-publish instock product_cat-harinas-ecologicas-ca product_cat-farines-moltes-en-cilindres product_tag-trigo-ca has-post-thumbnail taxable shipping-taxable purchasable product-type-variable has-default-attributes\">\n\n\t\t\n\t\t<div class=\"product_item_inner \">\n\n\t\t\t\t\t\t\t\n\t\t\n\t\t\t\n\t\t\n\t\t<div class=\"image_container\">\n\t\t\t<a href=\"https:\/\/rocafariners.com\/ca\/producte\/farina-de-blat-eco-forca\/\" class=\"woocommerce-LoopProduct-link woocommerce-loop-product__link\">\n\n\t\t\t\t<div class=\"loop_products_thumbnail_img_wrapper front\"><img width=\"190\" height=\"243\" src=\"https:\/\/rocafariners.com\/wp-content\/uploads\/2014\/12\/sacs-roca-blancs-ecologica-forca-190x243.png\" class=\"attachment-woocommerce_thumbnail size-woocommerce_thumbnail\" alt=\"\" \/><\/div>\n\n\t\t\t\t\n\t\t\t\t<div class=\"loop_products_additional_img_wrapper back\"><img width=\"190\" height=\"243\" src=\"https:\/\/rocafariners.com\/wp-content\/uploads\/2014\/12\/Harina-Eco-Fuerza-1-1-190x243.png\" class=\"attachment-shop_catalog size-shop_catalog\" alt=\"\" \/><\/div>\n\t\t\t\t\n\t\t\t<\/a>\n\n\t\t\t<div class=\"clr\"><\/div>\n\t\t\t\t\t\t<div class=\"product_button\"><\/div>\n\t\t\t\n\t\t\t\n\t\t<\/div>\n\n\t\t\n\t\t\n\t\t<p class=\"product-title\"><a href=\"https:\/\/rocafariners.com\/ca\/producte\/farina-de-blat-eco-forca\/\">Farina de blat eco for\u00e7a<\/a><\/p>\n\n\t\t\n\t\t<\/div><!--.product_item_inner-->\n\t<\/li>\n\n\t<li class=\"product_item product type-product post-2376 status-publish instock product_cat-harinas-ecologicas-ca product_cat-farines-moltes-en-cilindres product_tag-trigo-ca has-post-thumbnail featured taxable shipping-taxable purchasable product-type-variable has-default-attributes\">\n\n\t\t\n\t\t<div class=\"product_item_inner \">\n\n\t\t\t\t\t\t\t\n\t\t\n\t\t\t\n\t\t\n\t\t<div class=\"image_container\">\n\t\t\t<a href=\"https:\/\/rocafariners.com\/ca\/producte\/harina-de-trigo-ecologico-10kg\/\" class=\"woocommerce-LoopProduct-link woocommerce-loop-product__link\">\n\n\t\t\t\t<div class=\"loop_products_thumbnail_img_wrapper front\"><img width=\"190\" height=\"243\" src=\"https:\/\/rocafariners.com\/wp-content\/uploads\/2015\/01\/roca-fariners-sacs-25kg-ecologica-blat-1-190x243.png\" class=\"attachment-woocommerce_thumbnail size-woocommerce_thumbnail\" alt=\"\" \/><\/div>\n\n\t\t\t\t\n\t\t\t\t<div class=\"loop_products_additional_img_wrapper back\"><img width=\"190\" height=\"243\" src=\"https:\/\/rocafariners.com\/wp-content\/uploads\/2015\/01\/Harina-de-Trigo-Eco-1-190x243.png\" class=\"attachment-shop_catalog size-shop_catalog\" alt=\"\" \/><\/div>\n\t\t\t\t\n\t\t\t<\/a>\n\n\t\t\t<div class=\"clr\"><\/div>\n\t\t\t\t\t\t<div class=\"product_button\"><\/div>\n\t\t\t\n\t\t\t\n\t\t<\/div>\n\n\t\t\n\t\t\n\t\t<p class=\"product-title\"><a href=\"https:\/\/rocafariners.com\/ca\/producte\/harina-de-trigo-ecologico-10kg\/\">Farina de blat ecol\u00f2gica<\/a><\/p>\n\n\t\t\n\t\t<\/div><!--.product_item_inner-->\n\t<\/li>\n\n\t<li class=\"product_item product type-product post-2379 status-publish last instock product_cat-harinas-ecologicas-ca product_cat-farines-moltes-en-cilindres product_tag-trigo-ca has-post-thumbnail taxable shipping-taxable purchasable product-type-variable has-default-attributes\">\n\n\t\t\n\t\t<div class=\"product_item_inner \">\n\n\t\t\t\t\t\t\t\n\t\t\n\t\t\t\n\t\t\n\t\t<div class=\"image_container\">\n\t\t\t<a href=\"https:\/\/rocafariners.com\/ca\/producte\/harina-de-trigo-integral-ecologica-100-10kg\/\" class=\"woocommerce-LoopProduct-link woocommerce-loop-product__link\">\n\n\t\t\t\t<div class=\"loop_products_thumbnail_img_wrapper front\"><img width=\"190\" height=\"243\" src=\"https:\/\/rocafariners.com\/wp-content\/uploads\/2014\/12\/sacs-roca-blancs-ecologica-integral-190x243.png\" class=\"attachment-woocommerce_thumbnail size-woocommerce_thumbnail\" alt=\"\" \/><\/div>\n\n\t\t\t\t\n\t\t\t\t<div class=\"loop_products_additional_img_wrapper back\"><img width=\"190\" height=\"243\" src=\"https:\/\/rocafariners.com\/wp-content\/uploads\/2014\/12\/Harina-trigo-Eco-Integral-2-190x243.png\" class=\"attachment-shop_catalog size-shop_catalog\" alt=\"\" \/><\/div>\n\t\t\t\t\n\t\t\t<\/a>\n\n\t\t\t<div class=\"clr\"><\/div>\n\t\t\t\t\t\t<div class=\"product_button\"><\/div>\n\t\t\t\n\t\t\t\n\t\t<\/div>\n\n\t\t\n\t\t\n\t\t<p class=\"product-title\"><a href=\"https:\/\/rocafariners.com\/ca\/producte\/harina-de-trigo-integral-ecologica-100-10kg\/\">Farina de blat integral ecol\u00f2gica<\/a><\/p>\n\n\t\t\n\t\t<\/div><!--.product_item_inner-->\n\t<\/li>\n<\/ul>\n<\/div>[vc_column_text]<\/p>\n<div class=\"vc_btn3-container vc_btn3-center\"><a class=\"vc_general vc_btn3 vc_btn3-size-md vc_btn3-shape-round vc_btn3-style-modern vc_btn3-color-success\" title=\"\" href=\"https:\/\/rocafariners.com\/ca\/categoria-producte\/farines-moltes-en-cilindres\/\">Veure totes les farines moltes en cilindres<\/a><\/div>\n<p>[\/vc_column_text][vc_empty_space][vc_empty_space][\/vc_column][\/vc_row][vc_row][vc_column width=&#8221;1\/2&#8243;][vc_column_text]<\/p>\n<div class=\"wpb_text_column wpb_content_element \">\n<div class=\"wpb_wrapper\">\n<h2 style=\"text-align: left;\"><strong>FARINES M\u00d2LTES<br \/>\nA LA PEDRA<\/strong><\/h2>\n<\/div>\n<\/div>\n<p>[\/vc_column_text][vc_column_text]<\/p>\n<div class=\"wpb_text_column wpb_content_element \">\n<div class=\"wpb_wrapper\">\n<p>La utilitzaci\u00f3 de processos naturals en la molturaci\u00f3 a la pedra fa que les farines adquireixen unes caracter\u00edstiques organol\u00e8ptiques que les fan \u00faniques i especialment ideals pels processos de panificaci\u00f3 artesanal.<\/p>\n<p>Un m\u00e8tode tradicional que permet obtenir farines m\u00e9s riques en elements nutricionals.<\/p>\n<h4>RECOMANEM\u2026<\/h4>\n<p>Per al seu proc\u00e9s recomanem fer una aut\u00f2lisi (reposar la farina amb l\u2019aigua). Degut a la diferent granulometria d\u2019aquest tipus de molturaci\u00f3, amb l\u2019aut\u00f2lisi podem aconseguir una millor hidrataci\u00f3 del gluten.<\/p>\n<\/div>\n<\/div>\n<p>[\/vc_column_text][vc_empty_space][vc_column_text]<\/p>\n<div class=\"vc_btn3-container vc_btn3-left\"><a class=\"vc_general vc_btn3 vc_btn3-size-md vc_btn3-shape-round vc_btn3-style-modern vc_btn3-color-success\" title=\"\" href=\"https:\/\/rocafariners.com\/ca\/categoria-producte\/harinas-ecologicas-ca\/farines-moltes-a-la-pedra\/\">veure totes les farines m\u00f2ltes a la pedra<\/a><\/div>\n<p>[\/vc_column_text][\/vc_column][vc_column width=&#8221;1\/2&#8243;]<div class=\"woocommerce columns-2 \"><ul class=\"products columns-2\">\n\n\t<li class=\"product_item product type-product post-1862 status-publish first instock product_cat-harinas-ecologicas-ca product_cat-farines-moltes-a-la-pedra product_tag-espelta-ca has-post-thumbnail taxable shipping-taxable purchasable product-type-variable has-default-attributes\">\n\n\t\t\n\t\t<div class=\"product_item_inner \">\n\n\t\t\t\t\t\t\t\n\t\t\n\t\t\t\n\t\t\n\t\t<div class=\"image_container\">\n\t\t\t<a href=\"https:\/\/rocafariners.com\/ca\/producte\/farina-despelta-t-80-resso\/\" class=\"woocommerce-LoopProduct-link woocommerce-loop-product__link\">\n\n\t\t\t\t<div class=\"loop_products_thumbnail_img_wrapper front\"><img width=\"190\" height=\"243\" src=\"https:\/\/rocafariners.com\/wp-content\/uploads\/2014\/12\/sacs-roca-blat-eco-molida-a-la-piedra-ESPELTA-t-80-02-190x243.png\" class=\"attachment-woocommerce_thumbnail size-woocommerce_thumbnail\" alt=\"\" \/><\/div>\n\n\t\t\t\t\n\t\t\t\t<div class=\"loop_products_additional_img_wrapper back\"><img width=\"190\" height=\"243\" src=\"https:\/\/rocafariners.com\/wp-content\/uploads\/2014\/12\/Harina-de-Espelta-1-190x243.png\" class=\"attachment-shop_catalog size-shop_catalog\" alt=\"\" \/><\/div>\n\t\t\t\t\n\t\t\t<\/a>\n\n\t\t\t<div class=\"clr\"><\/div>\n\t\t\t\t\t\t<div class=\"product_button\"><\/div>\n\t\t\t\n\t\t\t\n\t\t<\/div>\n\n\t\t\n\t\t\n\t\t<p class=\"product-title\"><a href=\"https:\/\/rocafariners.com\/ca\/producte\/farina-despelta-t-80-resso\/\">Farina d&#8217;espelta T-80 eco<\/a><\/p>\n\n\t\t\n\t\t<\/div><!--.product_item_inner-->\n\t<\/li>\n\n\t<li class=\"product_item product type-product post-2363 status-publish last instock product_cat-harinas-ecologicas-ca product_cat-farines-moltes-a-la-pedra product_tag-trigo-ca has-post-thumbnail taxable shipping-taxable purchasable product-type-variable has-default-attributes\">\n\n\t\t\n\t\t<div class=\"product_item_inner \">\n\n\t\t\t\t\t\t\t\n\t\t\n\t\t\t\n\t\t\n\t\t<div class=\"image_container\">\n\t\t\t<a href=\"https:\/\/rocafariners.com\/ca\/producte\/harina-integral-ecologica-t-150-100-10kg\/\" class=\"woocommerce-LoopProduct-link woocommerce-loop-product__link\">\n\n\t\t\t\t<div class=\"loop_products_thumbnail_img_wrapper front\"><img width=\"190\" height=\"243\" src=\"https:\/\/rocafariners.com\/wp-content\/uploads\/2014\/12\/sacs-roca-TRIGO-integral-molturada-a-la-pedra-02-190x243.png\" class=\"attachment-woocommerce_thumbnail size-woocommerce_thumbnail\" alt=\"\" \/><\/div>\n\n\t\t\t\t\n\t\t\t\t<div class=\"loop_products_additional_img_wrapper back\"><img width=\"190\" height=\"243\" src=\"https:\/\/rocafariners.com\/wp-content\/uploads\/2014\/12\/Harina-trigo-Eco-Integral-1-190x243.png\" class=\"attachment-shop_catalog size-shop_catalog\" alt=\"\" \/><\/div>\n\t\t\t\t\n\t\t\t<\/a>\n\n\t\t\t<div class=\"clr\"><\/div>\n\t\t\t\t\t\t<div class=\"product_button\"><\/div>\n\t\t\t\n\t\t\t\n\t\t<\/div>\n\n\t\t\n\t\t\n\t\t<p class=\"product-title\"><a href=\"https:\/\/rocafariners.com\/ca\/producte\/harina-integral-ecologica-t-150-100-10kg\/\">Farina de blat integral T-150 eco integral<\/a><\/p>\n\n\t\t\n\t\t<\/div><!--.product_item_inner-->\n\t<\/li>\n\n\t<li class=\"product_item product type-product post-2358 status-publish first instock product_cat-harinas-ecologicas-ca product_cat-farines-moltes-a-la-pedra product_tag-trigo-ca has-post-thumbnail taxable shipping-taxable purchasable product-type-variable has-default-attributes\">\n\n\t\t\n\t\t<div class=\"product_item_inner \">\n\n\t\t\t\t\t\t\t\n\t\t\n\t\t\t\n\t\t\n\t\t<div class=\"image_container\">\n\t\t\t<a href=\"https:\/\/rocafariners.com\/ca\/producte\/harina-de-trigo-t-80-10kg\/\" class=\"woocommerce-LoopProduct-link woocommerce-loop-product__link\">\n\n\t\t\t\t<div class=\"loop_products_thumbnail_img_wrapper front\"><img width=\"190\" height=\"243\" src=\"https:\/\/rocafariners.com\/wp-content\/uploads\/2014\/12\/sacs-roca-blat-eco-molida-a-la-piedra-TRIGO-t-80-02-190x243.png\" class=\"attachment-woocommerce_thumbnail size-woocommerce_thumbnail\" alt=\"\" \/><\/div>\n\n\t\t\t\t\n\t\t\t\t<div class=\"loop_products_additional_img_wrapper back\"><img width=\"190\" height=\"243\" src=\"https:\/\/rocafariners.com\/wp-content\/uploads\/2014\/12\/Harina-de-Trigo-Eco-190x243.png\" class=\"attachment-shop_catalog size-shop_catalog\" alt=\"\" \/><\/div>\n\t\t\t\t\n\t\t\t<\/a>\n\n\t\t\t<div class=\"clr\"><\/div>\n\t\t\t\t\t\t<div class=\"product_button\"><\/div>\n\t\t\t\n\t\t\t\n\t\t<\/div>\n\n\t\t\n\t\t\n\t\t<p class=\"product-title\"><a href=\"https:\/\/rocafariners.com\/ca\/producte\/harina-de-trigo-t-80-10kg\/\">Farina de blat T-80 ecol\u00f2gica<\/a><\/p>\n\n\t\t\n\t\t<\/div><!--.product_item_inner-->\n\t<\/li>\n\n\t<li class=\"product_item product type-product post-6083 status-publish last instock product_cat-harinas-ecologicas-ca product_cat-farines-moltes-a-la-pedra product_tag-trigo-ca has-post-thumbnail taxable shipping-taxable purchasable product-type-variable has-default-attributes\">\n\n\t\t\n\t\t<div class=\"product_item_inner \">\n\n\t\t\t\t\t\t\t\n\t\t\n\t\t\t\n\t\t\n\t\t<div class=\"image_container\">\n\t\t\t<a href=\"https:\/\/rocafariners.com\/ca\/producte\/xeixa-de-menorca-t-80\/\" class=\"woocommerce-LoopProduct-link woocommerce-loop-product__link\">\n\n\t\t\t\t<div class=\"loop_products_thumbnail_img_wrapper front\"><img width=\"190\" height=\"243\" src=\"https:\/\/rocafariners.com\/wp-content\/uploads\/2016\/02\/sacs-roca-blat-eco-molida-a-la-piedra-XEIXA-MENORCA-T-80-02-190x243.png\" class=\"attachment-woocommerce_thumbnail size-woocommerce_thumbnail\" alt=\"\" \/><\/div>\n\n\t\t\t\t\n\t\t\t\t<div class=\"loop_products_additional_img_wrapper back\"><img width=\"190\" height=\"243\" src=\"https:\/\/rocafariners.com\/wp-content\/uploads\/2016\/02\/xeixa-3-llesques-scaled-1-190x243.jpg\" class=\"attachment-shop_catalog size-shop_catalog\" alt=\"\" \/><\/div>\n\t\t\t\t\n\t\t\t<\/a>\n\n\t\t\t<div class=\"clr\"><\/div>\n\t\t\t\t\t\t<div class=\"product_button\"><\/div>\n\t\t\t\n\t\t\t\n\t\t<\/div>\n\n\t\t\n\t\t\n\t\t<p class=\"product-title\"><a href=\"https:\/\/rocafariners.com\/ca\/producte\/xeixa-de-menorca-t-80\/\">Farina Xeixa de Menorca T-80 ecol\u00f2gica<\/a><\/p>\n\n\t\t\n\t\t<\/div><!--.product_item_inner-->\n\t<\/li>\n<\/ul>\n<\/div>[\/vc_column][\/vc_row][vc_row][vc_column][vc_empty_space][vc_empty_space][vc_column_text]<\/p>\n<h2 style=\"margin-bottom: -30px; text-align: center;\"><strong>ALTRES PRODUCTES ECOL\u00d2GICS<\/strong><\/h2>\n<p>[\/vc_column_text][vc_empty_space][\/vc_column][\/vc_row][vc_row][vc_column]<div class=\"woocommerce columns-4 \"><ul class=\"products columns-4\">\n\n\t<li class=\"product_item product type-product post-1771 status-publish first instock product_cat-altres has-post-thumbnail taxable shipping-taxable purchasable product-type-variable has-default-attributes\">\n\n\t\t\n\t\t<div class=\"product_item_inner \">\n\n\t\t\t\t\t\t\t\n\t\t\n\t\t\t\n\t\t\n\t\t<div class=\"image_container\">\n\t\t\t<a href=\"https:\/\/rocafariners.com\/ca\/producte\/millorant-ecologic-resso-optim\/\" class=\"woocommerce-LoopProduct-link woocommerce-loop-product__link\">\n\n\t\t\t\t<div class=\"loop_products_thumbnail_img_wrapper front\"><img width=\"190\" height=\"243\" src=\"https:\/\/rocafariners.com\/wp-content\/uploads\/2014\/12\/sacs-eco-optim-cropejats-190x243.png\" class=\"attachment-woocommerce_thumbnail size-woocommerce_thumbnail\" alt=\"\" \/><\/div>\n\n\t\t\t\t\n\t\t\t\t<div class=\"loop_products_additional_img_wrapper back\"><img width=\"190\" height=\"243\" src=\"https:\/\/rocafariners.com\/wp-content\/uploads\/2018\/01\/IMG_1196-190x243.jpg\" class=\"attachment-shop_catalog size-shop_catalog\" alt=\"\" srcset=\"https:\/\/rocafariners.com\/wp-content\/uploads\/2018\/01\/IMG_1196-190x243.jpg 190w, https:\/\/rocafariners.com\/wp-content\/uploads\/2018\/01\/IMG_1196-1180x1500.jpg 1180w\" sizes=\"(max-width: 190px) 100vw, 190px\" \/><\/div>\n\t\t\t\t\n\t\t\t<\/a>\n\n\t\t\t<div class=\"clr\"><\/div>\n\t\t\t\t\t\t<div class=\"product_button\"><\/div>\n\t\t\t\n\t\t\t\n\t\t<\/div>\n\n\t\t\n\t\t\n\t\t<p class=\"product-title\"><a href=\"https:\/\/rocafariners.com\/ca\/producte\/millorant-ecologic-resso-optim\/\">Eco \u00f2ptim (millorant ecol\u00f2gic)<\/a><\/p>\n\n\t\t\n\t\t<\/div><!--.product_item_inner-->\n\t<\/li>\n\n\t<li class=\"product_item product type-product post-6754 status-publish instock product_cat-altres has-post-thumbnail taxable shipping-taxable purchasable product-type-variable\">\n\n\t\t\n\t\t<div class=\"product_item_inner \">\n\n\t\t\t\t\t\t\t\n\t\t\n\t\t\t\n\t\t\n\t\t<div class=\"image_container\">\n\t\t\t<a href=\"https:\/\/rocafariners.com\/ca\/producte\/mixandino\/\" class=\"woocommerce-LoopProduct-link woocommerce-loop-product__link\">\n\n\t\t\t\t<div class=\"loop_products_thumbnail_img_wrapper front\"><img width=\"190\" height=\"243\" src=\"https:\/\/rocafariners.com\/wp-content\/uploads\/2016\/03\/sacs-roca-mix-andino-eco-cropejats-10-kg-190x243.png\" class=\"attachment-woocommerce_thumbnail size-woocommerce_thumbnail\" alt=\"\" \/><\/div>\n\n\t\t\t\t\n\t\t\t\t<div class=\"loop_products_additional_img_wrapper back\"><img width=\"190\" height=\"243\" src=\"https:\/\/rocafariners.com\/wp-content\/uploads\/2015\/12\/IMG_3966-190x243.jpg\" class=\"attachment-shop_catalog size-shop_catalog\" alt=\"\" \/><\/div>\n\t\t\t\t\n\t\t\t<\/a>\n\n\t\t\t<div class=\"clr\"><\/div>\n\t\t\t\t\t\t<div class=\"product_button\"><\/div>\n\t\t\t\n\t\t\t\n\t\t<\/div>\n\n\t\t\n\t\t\n\t\t<p class=\"product-title\"><a href=\"https:\/\/rocafariners.com\/ca\/producte\/mixandino\/\">Mix And\u00ed<\/a><\/p>\n\n\t\t\n\t\t<\/div><!--.product_item_inner-->\n\t<\/li>\n\n\t<li class=\"product_item product type-product post-1786 status-publish instock product_cat-altres product_tag-semillas-ca has-post-thumbnail taxable shipping-taxable product-type-variable\">\n\n\t\t\n\t\t<div class=\"product_item_inner \">\n\n\t\t\t\t\t\t\t\n\t\t\n\t\t\t\n\t\t\n\t\t<div class=\"image_container\">\n\t\t\t<a href=\"https:\/\/rocafariners.com\/ca\/producte\/mix-de-6-cereals-ecologics-10kg\/\" class=\"woocommerce-LoopProduct-link woocommerce-loop-product__link\">\n\n\t\t\t\t<div class=\"loop_products_thumbnail_img_wrapper front\"><img width=\"190\" height=\"243\" src=\"https:\/\/rocafariners.com\/wp-content\/uploads\/2014\/12\/sacs-roca-mix-6-cereales-cropejats-10-kg-190x243.png\" class=\"attachment-woocommerce_thumbnail size-woocommerce_thumbnail\" alt=\"\" \/><\/div>\n\n\t\t\t\t\n\t\t\t\t<div class=\"loop_products_additional_img_wrapper back\"><img width=\"190\" height=\"243\" src=\"https:\/\/rocafariners.com\/wp-content\/uploads\/2018\/01\/IMG_4860-1-190x243.jpg\" class=\"attachment-shop_catalog size-shop_catalog\" alt=\"\" srcset=\"https:\/\/rocafariners.com\/wp-content\/uploads\/2018\/01\/IMG_4860-1-190x243.jpg 190w, https:\/\/rocafariners.com\/wp-content\/uploads\/2018\/01\/IMG_4860-1-1180x1500.jpg 1180w\" sizes=\"(max-width: 190px) 100vw, 190px\" \/><\/div>\n\t\t\t\t\n\t\t\t<\/a>\n\n\t\t\t<div class=\"clr\"><\/div>\n\t\t\t\t\t\t<div class=\"product_button\"><\/div>\n\t\t\t\n\t\t\t\n\t\t<\/div>\n\n\t\t\n\t\t\n\t\t<p class=\"product-title\"><a href=\"https:\/\/rocafariners.com\/ca\/producte\/mix-de-6-cereals-ecologics-10kg\/\">Mix de 6 llavors ecol\u00f2gic 8kg<\/a><\/p>\n\n\t\t\n\t\t<\/div><!--.product_item_inner-->\n\t<\/li>\n\n\t<li class=\"product_item product type-product post-1802 status-publish last instock product_cat-altres product_tag-trigo-ca has-post-thumbnail taxable shipping-taxable product-type-variable has-default-attributes\">\n\n\t\t\n\t\t<div class=\"product_item_inner \">\n\n\t\t\t\t\t\t\t\n\t\t\n\t\t\t\n\t\t\n\t\t<div class=\"image_container\">\n\t\t\t<a href=\"https:\/\/rocafariners.com\/ca\/producte\/farina-integral-100\/\" class=\"woocommerce-LoopProduct-link woocommerce-loop-product__link\">\n\n\t\t\t\t<div class=\"loop_products_thumbnail_img_wrapper front\"><img width=\"190\" height=\"243\" src=\"https:\/\/rocafariners.com\/wp-content\/uploads\/2014\/12\/Semola-de-trigo-duro-ecologica-190x243.png\" class=\"attachment-woocommerce_thumbnail size-woocommerce_thumbnail\" alt=\"\" \/><\/div>\n\n\t\t\t\t\n\t\t\t\t<div class=\"loop_products_additional_img_wrapper back\"><img width=\"190\" height=\"243\" src=\"https:\/\/rocafariners.com\/wp-content\/uploads\/2016\/08\/IMG_8079-2-190x243.jpg\" class=\"attachment-shop_catalog size-shop_catalog\" alt=\"\" srcset=\"https:\/\/rocafariners.com\/wp-content\/uploads\/2016\/08\/IMG_8079-2-190x243.jpg 190w, https:\/\/rocafariners.com\/wp-content\/uploads\/2016\/08\/IMG_8079-2-114x145.jpg 114w, https:\/\/rocafariners.com\/wp-content\/uploads\/2016\/08\/IMG_8079-2-510x652.jpg 510w\" sizes=\"(max-width: 190px) 100vw, 190px\" \/><\/div>\n\t\t\t\t\n\t\t\t<\/a>\n\n\t\t\t<div class=\"clr\"><\/div>\n\t\t\t\t\t\t<div class=\"product_button\"><\/div>\n\t\t\t\n\t\t\t\n\t\t<\/div>\n\n\t\t\n\t\t\n\t\t<p class=\"product-title\"><a href=\"https:\/\/rocafariners.com\/ca\/producte\/farina-integral-100\/\">S\u00e8mola de blat dur ecol\u00f2gica<\/a><\/p>\n\n\t\t\n\t\t<\/div><!--.product_item_inner-->\n\t<\/li>\n<\/ul>\n<\/div>[vc_empty_space][vc_column_text]<\/p>\n<div class=\"vc_btn3-container vc_btn3-center\"><a class=\"vc_general vc_btn3 vc_btn3-size-md vc_btn3-shape-round vc_btn3-style-modern vc_btn3-color-success\" title=\"\" href=\"https:\/\/rocafariners.com\/ca\/categoria-producte\/altres\/\">Veure els altres productes<\/a><\/div>\n<p>[\/vc_column_text][\/vc_column][\/vc_row]<\/p>\n","protected":false},"excerpt":{"rendered":"<p>[vc_row][vc_column][\/vc_column][\/vc_row][vc_row][vc_column][vc_empty_space][\/vc_column][\/vc_row][vc_row][vc_column][vc_column_text]Farines elaborades seleccionant les millors varietats i qualitats de cereals ecol\u00f2gics cultivats seguint la normativa de cultiu ecol\u00f2gic i el respecte al medi ambient.[\/vc_column_text][\/vc_column][\/vc_row][vc_row][vc_column][vc_column_text] FARINES M\u00d2LTES EN CILINDRES [\/vc_column_text][vc_empty_space][vc_column_text] Veure totes les farines moltes en cilindres [\/vc_column_text][vc_empty_space][vc_empty_space][\/vc_column][\/vc_row][vc_row][vc_column width=&#8221;1\/2&#8243;][vc_column_text] FARINES M\u00d2LTES A LA PEDRA [\/vc_column_text][vc_column_text] La utilitzaci\u00f3 de processos naturals en la molturaci\u00f3 a la pedra [&hellip;]<\/p>\n","protected":false},"author":1,"featured_media":0,"parent":0,"menu_order":0,"comment_status":"open","ping_status":"open","template":"","meta":{"_monsterinsights_skip_tracking":false,"_monsterinsights_sitenote_active":false,"_monsterinsights_sitenote_note":"","_monsterinsights_sitenote_category":0},"yoast_head":"<!-- This site is optimized with the Yoast SEO plugin v15.4 - https:\/\/yoast.com\/wordpress\/plugins\/seo\/ -->\n<title>Farines Ecol\u00f2giques - Farinera Roca<\/title>\n<meta name=\"robots\" content=\"index, follow, max-snippet:-1, max-image-preview:large, max-video-preview:-1\" \/>\n<link rel=\"canonical\" href=\"https:\/\/rocafariners.com\/ca\/harinas-ecologicas\/\" \/>\n<meta property=\"og:locale\" content=\"ca_ES\" \/>\n<meta property=\"og:type\" content=\"article\" \/>\n<meta property=\"og:title\" content=\"Farines Ecol\u00f2giques - Farinera Roca\" \/>\n<meta property=\"og:description\" content=\"[vc_row][vc_column][\/vc_column][\/vc_row][vc_row][vc_column][vc_empty_space][\/vc_column][\/vc_row][vc_row][vc_column][vc_column_text]Farines elaborades seleccionant les millors varietats i qualitats de cereals ecol\u00f2gics cultivats seguint la normativa de cultiu ecol\u00f2gic i el respecte al medi ambient.[\/vc_column_text][\/vc_column][\/vc_row][vc_row][vc_column][vc_column_text] FARINES M\u00d2LTES EN CILINDRES [\/vc_column_text][vc_empty_space][vc_column_text] Veure totes les farines moltes en cilindres [\/vc_column_text][vc_empty_space][vc_empty_space][\/vc_column][\/vc_row][vc_row][vc_column width=&#8221;1\/2&#8243;][vc_column_text] FARINES M\u00d2LTES A LA PEDRA [\/vc_column_text][vc_column_text] La utilitzaci\u00f3 de processos naturals en la molturaci\u00f3 a la pedra [&hellip;]\" \/>\n<meta property=\"og:url\" content=\"https:\/\/rocafariners.com\/ca\/harinas-ecologicas\/\" \/>\n<meta property=\"og:site_name\" content=\"Farinera Roca\" \/>\n<meta property=\"article:modified_time\" content=\"2021-12-30T09:45:58+00:00\" \/>\n<meta name=\"twitter:card\" content=\"summary_large_image\" \/>\n<meta name=\"twitter:label1\" content=\"Escrit per\">\n\t<meta name=\"twitter:data1\" content=\"admin\">\n\t<meta name=\"twitter:label2\" content=\"Temps estimat de lectura\">\n\t<meta name=\"twitter:data2\" content=\"1 minut\">\n<script type=\"application\/ld+json\" class=\"yoast-schema-graph\">{\"@context\":\"https:\/\/schema.org\",\"@graph\":[{\"@type\":\"WebSite\",\"@id\":\"http:\/\/rocafariners.com\/#website\",\"url\":\"http:\/\/rocafariners.com\/\",\"name\":\"Farinera Roca\",\"description\":\"buen trigo, buena harina, buen pan\",\"potentialAction\":[{\"@type\":\"SearchAction\",\"target\":\"http:\/\/rocafariners.com\/?s={search_term_string}\",\"query-input\":\"required name=search_term_string\"}],\"inLanguage\":\"ca\"},{\"@type\":\"WebPage\",\"@id\":\"https:\/\/rocafariners.com\/ca\/harinas-ecologicas\/#webpage\",\"url\":\"https:\/\/rocafariners.com\/ca\/harinas-ecologicas\/\",\"name\":\"Farines Ecol\\u00f2giques - Farinera Roca\",\"isPartOf\":{\"@id\":\"http:\/\/rocafariners.com\/#website\"},\"datePublished\":\"2014-12-04T16:07:43+00:00\",\"dateModified\":\"2021-12-30T09:45:58+00:00\",\"inLanguage\":\"ca\",\"potentialAction\":[{\"@type\":\"ReadAction\",\"target\":[\"https:\/\/rocafariners.com\/ca\/harinas-ecologicas\/\"]}]}]}<\/script>\n<!-- \/ Yoast SEO plugin. -->","_links":{"self":[{"href":"https:\/\/rocafariners.com\/ca\/wp-json\/wp\/v2\/pages\/6872\/"}],"collection":[{"href":"https:\/\/rocafariners.com\/ca\/wp-json\/wp\/v2\/pages\/"}],"about":[{"href":"https:\/\/rocafariners.com\/ca\/wp-json\/wp\/v2\/types\/page\/"}],"author":[{"embeddable":true,"href":"https:\/\/rocafariners.com\/ca\/wp-json\/wp\/v2\/users\/1\/"}],"replies":[{"embeddable":true,"href":"https:\/\/rocafariners.com\/ca\/wp-json\/wp\/v2\/comments\/?post=6872"}],"version-history":[{"count":19,"href":"https:\/\/rocafariners.com\/ca\/wp-json\/wp\/v2\/pages\/6872\/revisions\/"}],"predecessor-version":[{"id":54034,"href":"https:\/\/rocafariners.com\/ca\/wp-json\/wp\/v2\/pages\/6872\/revisions\/54034\/"}],"wp:attachment":[{"href":"https:\/\/rocafariners.com\/ca\/wp-json\/wp\/v2\/media\/?parent=6872"}],"curies":[{"name":"wp","href":"https:\/\/api.w.org\/{rel}","templated":true}]}}