{"id":45194,"date":"2021-01-29T08:57:14","date_gmt":"2021-01-29T08:57:14","guid":{"rendered":"http:\/\/rocafariners.com\/?page_id=45194"},"modified":"2021-02-02T12:16:42","modified_gmt":"2021-02-02T12:16:42","slug":"receptes-harinera","status":"publish","type":"page","link":"https:\/\/rocafariners.com\/ca\/receptes-harinera\/","title":{"rendered":"Receptes"},"content":{"rendered":"<p>[vc_row el_class=&#8221;contenedor_nuestras_recetas&#8221;][vc_column][vc_row_inner][vc_column_inner][vc_custom_heading text=&#8221;Receptes&#8221; font_container=&#8221;tag:h1|font_size:45|text_align:center|color:%230d815c&#8221; use_theme_fonts=&#8221;yes&#8221;][\/vc_column_inner][\/vc_row_inner][vc_row_inner][vc_column_inner el_class=&#8221;contenedor_receptes_grid&#8221; width=&#8221;3\/4&#8243;][vc_column_text]    <div id=\"post-grid-lazy-45552\" class=\"post-grid-lazy\"><img src=\"\"\/><\/div>\r\n    <script>\r\n        jQuery('#post-grid-lazy-45552').ready(function($){\r\n            jQuery('#post-grid-lazy-45552').fadeOut();\r\n            jQuery('#post-grid-45552').fadeIn();\r\n        })\r\n    <\/script>\r\n    <style type=\"text\/css\">\r\n        #post-grid-45552{display: none;}\r\n        .post-grid-lazy{\r\n            text-align: center;\r\n        }\r\n    <\/style>\r\n        <div data-options='{\"id\":\"45552\",\"lazy_load\":\"yes\",\"masonry_enable\":\"no\",\"view_type\":\"grid\"}' id=\"post-grid-45552\" class=\"post-grid grid\">\r\n                <div class=\"grid-items\">\r\n            \r\n    <div class=\"item item-58132 skin flat even 0 \">\r\n                <div class=\"layer-wrapper layout-\">\r\n                <div class=\"layer-media\"><a href=\"https:\/\/rocafariners.com\/ca\/receptes\/pan-arbol-de-navidad\/\"><img alt=\"\" src=\"https:\/\/rocafariners.com\/wp-content\/uploads\/2022\/12\/IMG_8409-793x1024.jpg\" \/><\/a><\/div>\r\n        <div class=\"layer-content\">\r\n            <div class=\"element element_0  title_link \">\r\n                    <a target=\"\" href=\"https:\/\/rocafariners.com\/ca\/receptes\/pan-arbol-de-navidad\/\">PAN ARBOL DE NAVIDAD<\/a>\r\n\t\t    <\/div>\r\n        <div class=\"element element_1  excerpt \">\r\n        &nbsp; Ingredientes Cantidad (g) Porcentaje (%) Harina Trigo Eco 1000 100 Levadura seca 4 0.4 Masa madre 200 20 Sal            <\/div>\r\n                <a class=\"element element_2  read_more \" target=\"\" href=\"https:\/\/rocafariners.com\/ca\/receptes\/pan-arbol-de-navidad\/\"><\/a>\r\n\t\r\n        <\/div>\r\n            <\/div>\r\n    <\/div>\r\n    \r\n    <div class=\"item item-56193 skin flat odd 1 \">\r\n                <div class=\"layer-wrapper layout-\">\r\n                <div class=\"layer-media\"><a href=\"https:\/\/rocafariners.com\/ca\/receptes\/ramadan-pita-ramazan-pidesi\/\"><img alt=\"\" src=\"https:\/\/rocafariners.com\/wp-content\/uploads\/2022\/04\/IMG_2818-768x1024.jpg\" \/><\/a><\/div>\r\n        <div class=\"layer-content\">\r\n            <div class=\"element element_0  title_link \">\r\n                    <a target=\"\" href=\"https:\/\/rocafariners.com\/ca\/receptes\/ramadan-pita-ramazan-pidesi\/\">RAMADAN PITA (RAMAZAN PIDESI)<\/a>\r\n\t\t    <\/div>\r\n        <div class=\"element element_1  excerpt \">\r\n        &nbsp; Ingredientes Cantidad (g) Porcentaje (%) MASA: Harina de Trigo eco \u00a01000 Masa madre 200 \u00a020% Agua 700 70% Levadura            <\/div>\r\n                <a class=\"element element_2  read_more \" target=\"\" href=\"https:\/\/rocafariners.com\/ca\/receptes\/ramadan-pita-ramazan-pidesi\/\"><\/a>\r\n\t\r\n        <\/div>\r\n            <\/div>\r\n    <\/div>\r\n    \r\n    <div class=\"item item-55975 skin flat even 2 \">\r\n                <div class=\"layer-wrapper layout-\">\r\n                <div class=\"layer-media\"><a href=\"https:\/\/rocafariners.com\/ca\/receptes\/bagels\/\"><img alt=\"\" src=\"https:\/\/rocafariners.com\/wp-content\/uploads\/2022\/04\/IMG_2592-1024x862.jpg\" \/><\/a><\/div>\r\n        <div class=\"layer-content\">\r\n            <div class=\"element element_0  title_link \">\r\n                    <a target=\"\" href=\"https:\/\/rocafariners.com\/ca\/receptes\/bagels\/\">BAGELS<\/a>\r\n\t\t    <\/div>\r\n        <div class=\"element element_1  excerpt \">\r\n        &nbsp; Ingredientes Cantidad (g) Porcentaje (%) Harina Fuerza Eco \u00a0500 \u00a0100 Levadura seca 7.5 \u00a01.5 Sal 10 2 Agua \u00a0290-300            <\/div>\r\n                <a class=\"element element_2  read_more \" target=\"\" href=\"https:\/\/rocafariners.com\/ca\/receptes\/bagels\/\"><\/a>\r\n\t\r\n        <\/div>\r\n            <\/div>\r\n    <\/div>\r\n    \r\n    <div class=\"item item-55878 skin flat odd 3 \">\r\n                <div class=\"layer-wrapper layout-\">\r\n                <div class=\"layer-media\"><a href=\"https:\/\/rocafariners.com\/ca\/receptes\/lenguas-de-gato\/\"><img alt=\"\" src=\"https:\/\/rocafariners.com\/wp-content\/uploads\/2022\/03\/lenguas-de-gato2.jpg\" \/><\/a><\/div>\r\n        <div class=\"layer-content\">\r\n            <div class=\"element element_0  title_link \">\r\n                    <a target=\"\" href=\"https:\/\/rocafariners.com\/ca\/receptes\/lenguas-de-gato\/\">LENGUAS DE GATO<\/a>\r\n\t\t    <\/div>\r\n        <div class=\"element element_1  excerpt \">\r\n        Ingredientes Cantidad\u00a0 Harina de Trigo Floja Eco 200 g Mantequilla 200 g Az\u00facar 200 g Claras 4 u Sal Una            <\/div>\r\n                <a class=\"element element_2  read_more \" target=\"\" href=\"https:\/\/rocafariners.com\/ca\/receptes\/lenguas-de-gato\/\"><\/a>\r\n\t\r\n        <\/div>\r\n            <\/div>\r\n    <\/div>\r\n    \r\n    <div class=\"item item-54008 skin flat even 4 \">\r\n                <div class=\"layer-wrapper layout-\">\r\n                <div class=\"layer-media\"><a href=\"https:\/\/rocafariners.com\/ca\/receptes\/batard-de-trigo-eco-y-trigo-t-80\/\"><img alt=\"\" src=\"https:\/\/rocafariners.com\/wp-content\/uploads\/2021\/12\/batard-de-trigo-eco.jpg\" \/><\/a><\/div>\r\n        <div class=\"layer-content\">\r\n            <div class=\"element element_0  title_link \">\r\n                    <a target=\"\" href=\"https:\/\/rocafariners.com\/ca\/receptes\/batard-de-trigo-eco-y-trigo-t-80\/\">BATARD DE BLAT ECO I BLAT T-80<\/a>\r\n\t\t    <\/div>\r\n        <div class=\"element element_1  excerpt \">\r\n        Ingredients Quantitat (g) Percentatge (%) Farina Blat ecol\u00f2gica 1600 80% Farina Blat t-80 400 20% Sal 40 2% Llevat (sec)            <\/div>\r\n                <a class=\"element element_2  read_more \" target=\"\" href=\"https:\/\/rocafariners.com\/ca\/receptes\/batard-de-trigo-eco-y-trigo-t-80\/\"><\/a>\r\n\t\r\n        <\/div>\r\n            <\/div>\r\n    <\/div>\r\n    \r\n    <div class=\"item item-54120 skin flat odd 5 \">\r\n                <div class=\"layer-wrapper layout-\">\r\n                <div class=\"layer-media\"><a href=\"https:\/\/rocafariners.com\/ca\/receptes\/coques-doli\/\"><img alt=\"\" src=\"https:\/\/rocafariners.com\/wp-content\/uploads\/2021\/12\/tortitas-aceite-510x419-1.jpg\" \/><\/a><\/div>\r\n        <div class=\"layer-content\">\r\n            <div class=\"element element_0  title_link \">\r\n                    <a target=\"\" href=\"https:\/\/rocafariners.com\/ca\/receptes\/coques-doli\/\">COQUES D&#8217;OLI<\/a>\r\n\t\t    <\/div>\r\n        <div class=\"element element_1  excerpt \">\r\n        Coques fines i cruixents tradicionals i de f\u00e0cil preparaci\u00f3. Poden ser dol\u00e7os o salades. En aquesta recepta l\u00b4hem fet dol\u00e7os,            <\/div>\r\n                <a class=\"element element_2  read_more \" target=\"\" href=\"https:\/\/rocafariners.com\/ca\/receptes\/coques-doli\/\"><\/a>\r\n\t\r\n        <\/div>\r\n            <\/div>\r\n    <\/div>\r\n    \r\n    <div class=\"item item-54234 skin flat even 6 \">\r\n                <div class=\"layer-wrapper layout-\">\r\n                <div class=\"layer-media\"><a href=\"https:\/\/rocafariners.com\/ca\/receptes\/comencar-la-nostra-massa-mare\/\"><img alt=\"\" src=\"https:\/\/rocafariners.com\/wp-content\/uploads\/2021\/12\/masa-madre-510x419-1-1.jpg\" \/><\/a><\/div>\r\n        <div class=\"layer-content\">\r\n            <div class=\"element element_0  title_link \">\r\n                    <a target=\"\" href=\"https:\/\/rocafariners.com\/ca\/receptes\/comencar-la-nostra-massa-mare\/\">COMEN\u00c7AR LA NOSTRA MASSA MARE<\/a>\r\n\t\t    <\/div>\r\n        <div class=\"element element_1  excerpt \">\r\n        La massa mare \u00e9s un cultiu natural de llevats i bacteris que utilitzem per fermentar el pa. En aquesta recepta,            <\/div>\r\n                <a class=\"element element_2  read_more \" target=\"\" href=\"https:\/\/rocafariners.com\/ca\/receptes\/comencar-la-nostra-massa-mare\/\"><\/a>\r\n\t\r\n        <\/div>\r\n            <\/div>\r\n    <\/div>\r\n    \r\n    <div class=\"item item-54246 skin flat odd 7 \">\r\n                <div class=\"layer-wrapper layout-\">\r\n                <div class=\"layer-media\"><a href=\"https:\/\/rocafariners.com\/ca\/receptes\/pa-de-sant-jordi\/\"><img alt=\"\" src=\"https:\/\/rocafariners.com\/wp-content\/uploads\/2021\/12\/pan-de-sant-jordi.jpg\" \/><\/a><\/div>\r\n        <div class=\"layer-content\">\r\n            <div class=\"element element_0  title_link \">\r\n                    <a target=\"\" href=\"https:\/\/rocafariners.com\/ca\/receptes\/pa-de-sant-jordi\/\">PA DE SANT JORDI<\/a>\r\n\t\t    <\/div>\r\n        <div class=\"element element_1  excerpt \">\r\n        El pa de Sant Jordi \u00e9s un pa farcit de formatge i sobrassada intercalats perqu\u00e8, quan es talli, es pugui            <\/div>\r\n                <a class=\"element element_2  read_more \" target=\"\" href=\"https:\/\/rocafariners.com\/ca\/receptes\/pa-de-sant-jordi\/\"><\/a>\r\n\t\r\n        <\/div>\r\n            <\/div>\r\n    <\/div>\r\n    \r\n    <div class=\"item item-54113 skin flat even 8 \">\r\n                <div class=\"layer-wrapper layout-\">\r\n                <div class=\"layer-media\"><a href=\"https:\/\/rocafariners.com\/ca\/receptes\/pestinos\/\"><img alt=\"\" src=\"https:\/\/rocafariners.com\/wp-content\/uploads\/2018\/03\/pestinos.jpg\" \/><\/a><\/div>\r\n        <div class=\"layer-content\">\r\n            <div class=\"element element_0  title_link \">\r\n                    <a target=\"\" href=\"https:\/\/rocafariners.com\/ca\/receptes\/pestinos\/\">\u201cPESTI\u00d1OS\u201d<\/a>\r\n\t\t    <\/div>\r\n        <div class=\"element element_1  excerpt \">\r\n        Dol\u00e7 que s\u2019assembla a les \u201chojuelas\u201d a Gal\u00edcia, a les \u201corelletes\u201d a Catalunya, a la \u201cchebakia\u201d marroqu\u00ed, a la \u201cfictilia\u201d            <\/div>\r\n                <a class=\"element element_2  read_more \" target=\"\" href=\"https:\/\/rocafariners.com\/ca\/receptes\/pestinos\/\"><\/a>\r\n\t\r\n        <\/div>\r\n            <\/div>\r\n    <\/div>\r\n            <\/div>\r\n            <div class=\"pagination\">\r\n            <div class=\"paginate\">\r\n        <span aria-current=\"page\" class=\"page-numbers current\">1<\/span>\n<a class=\"page-numbers\" href=\"https:\/\/rocafariners.com\/ca\/wp-json\/wp\/v2\/pages\/45194\/page\/2\/\">2<\/a>\n<a class=\"page-numbers\" href=\"https:\/\/rocafariners.com\/ca\/wp-json\/wp\/v2\/pages\/45194\/page\/3\/\">3<\/a>\n<span class=\"page-numbers dots\">&hellip;<\/span>\n<a class=\"page-numbers\" href=\"https:\/\/rocafariners.com\/ca\/wp-json\/wp\/v2\/pages\/45194\/page\/10\/\">10<\/a>\n<a class=\"next page-numbers\" href=\"https:\/\/rocafariners.com\/ca\/wp-json\/wp\/v2\/pages\/45194\/page\/2\/\">Seg\u00fcent \u00bb<\/a>    <\/div>\r\n    <style type=\"text\/css\">\r\n        #post-grid-45552 .pagination .page-numbers{\r\n            font-size:16px;\r\n            color:#fff;\r\n            background:#646464;\r\n        }\r\n        #post-grid-45552 .pagination .page-numbers:hover,\r\n        #post-grid-45552 .pagination .page-numbers.current{\r\n            background:#4b4b4b;\r\n        }\r\n    <\/style>\r\n        <\/div>\r\n        <style type=\"text\/css\">\r\n                        #post-grid-45552 .element_0{display: block;font-size: 21px;line-height: normal;padding: 5px 10px;text-align: left; text-decoration: none;}\r\n                                #post-grid-45552 .element_1{display: block;font-size: 14px;padding: 5px 10px;text-align: left;}\r\n                                #post-grid-45552 .element_2{display: block;font-size: 12px;font-weight: bold;padding: 0 10px;text-align: left;text-decoration: none;}\r\n                #post-grid-45552 .element_0:hover{}#post-grid-45552 .element_1:hover{}#post-grid-45552 .element_2:hover{}    <\/style>\r\n    \r\n            \r\n        <script>\r\n            <\/script>\r\n        <style type=\"text\/css\">\r\n        #post-grid-45552 {\r\n                    padding:10px;\r\n                                        }\r\n        #post-grid-45552 .grid-items{\r\n                    text-align: center;\r\n                }\r\n        #post-grid-45552 .item{\r\n                    margin:10px;\r\n                            padding:0px;\r\n                            background:#fff;\r\n                }\r\n        #post-grid-45552  .item .layer-media{\r\n            height:auto;        }\r\n        @media only screen and ( min-width: 0px ) and ( max-width: 767px ) {\r\n            #post-grid-45552 .item{\r\n                            width:90%;\r\n                        height:auto;            }\r\n        }\r\n        @media only screen and ( min-width: 768px ) and ( max-width: 1023px ) {\r\n            #post-grid-45552 .item{\r\n                            width:220px;\r\n                        max-height:auto;            }\r\n        }\r\n        @media only screen and (min-width: 1024px ){\r\n            #post-grid-45552 .item{\r\n                            width:250px;\r\n                        height:auto;            }\r\n        }\r\n\r\n        \r\n\r\n    <\/style>\r\n        <\/div>\r\n    [\/vc_column_text][vc_empty_space][\/vc_column_inner][vc_column_inner el_class=&#8221;contenedor_sidebar_receptes&#8221; width=&#8221;1\/4&#8243; css=&#8221;.vc_custom_1611578857789{background-color: #dddddd !important;}&#8221;][vc_widget_sidebar sidebar_id=&#8221;recetas-sidebar&#8221;][\/vc_column_inner][\/vc_row_inner][\/vc_column][\/vc_row]<\/p>\n","protected":false},"excerpt":{"rendered":"<p>[vc_row el_class=&#8221;contenedor_nuestras_recetas&#8221;][vc_column][vc_row_inner][vc_column_inner][vc_custom_heading text=&#8221;Receptes&#8221; font_container=&#8221;tag:h1|font_size:45|text_align:center|color:%230d815c&#8221; use_theme_fonts=&#8221;yes&#8221;][\/vc_column_inner][\/vc_row_inner][vc_row_inner][vc_column_inner el_class=&#8221;contenedor_receptes_grid&#8221; width=&#8221;3\/4&#8243;][vc_column_text][\/vc_column_text][vc_empty_space][\/vc_column_inner][vc_column_inner el_class=&#8221;contenedor_sidebar_receptes&#8221; width=&#8221;1\/4&#8243; css=&#8221;.vc_custom_1611578857789{background-color: #dddddd !important;}&#8221;][vc_widget_sidebar sidebar_id=&#8221;recetas-sidebar&#8221;][\/vc_column_inner][\/vc_row_inner][\/vc_column][\/vc_row]<\/p>\n","protected":false},"author":1,"featured_media":0,"parent":0,"menu_order":0,"comment_status":"closed","ping_status":"closed","template":"page-farinera.php","meta":{"_monsterinsights_skip_tracking":false,"_monsterinsights_sitenote_active":false,"_monsterinsights_sitenote_note":"","_monsterinsights_sitenote_category":0},"yoast_head":"<!-- This site is optimized with the Yoast SEO plugin v15.4 - https:\/\/yoast.com\/wordpress\/plugins\/seo\/ -->\n<title>Receptes - Farinera Roca<\/title>\n<meta name=\"robots\" content=\"index, follow, max-snippet:-1, max-image-preview:large, max-video-preview:-1\" \/>\n<link rel=\"canonical\" href=\"http:\/\/rocafariners.com\/ca\/receptes-harinera\/\" \/>\n<meta property=\"og:locale\" content=\"ca_ES\" \/>\n<meta property=\"og:type\" content=\"article\" \/>\n<meta property=\"og:title\" content=\"Receptes - Farinera Roca\" \/>\n<meta property=\"og:description\" content=\"[vc_row el_class=&#8221;contenedor_nuestras_recetas&#8221;][vc_column][vc_row_inner][vc_column_inner][vc_custom_heading text=&#8221;Receptes&#8221; font_container=&#8221;tag:h1|font_size:45|text_align:center|color:%230d815c&#8221; use_theme_fonts=&#8221;yes&#8221;][\/vc_column_inner][\/vc_row_inner][vc_row_inner][vc_column_inner el_class=&#8221;contenedor_receptes_grid&#8221; width=&#8221;3\/4&#8243;][vc_column_text][\/vc_column_text][vc_empty_space][\/vc_column_inner][vc_column_inner el_class=&#8221;contenedor_sidebar_receptes&#8221; width=&#8221;1\/4&#8243; css=&#8221;.vc_custom_1611578857789{background-color: #dddddd !important;}&#8221;][vc_widget_sidebar sidebar_id=&#8221;recetas-sidebar&#8221;][\/vc_column_inner][\/vc_row_inner][\/vc_column][\/vc_row]\" \/>\n<meta property=\"og:url\" content=\"http:\/\/rocafariners.com\/ca\/receptes-harinera\/\" \/>\n<meta property=\"og:site_name\" content=\"Farinera Roca\" \/>\n<meta property=\"article:modified_time\" content=\"2021-02-02T12:16:42+00:00\" \/>\n<meta name=\"twitter:card\" content=\"summary_large_image\" \/>\n<meta name=\"twitter:label1\" content=\"Escrit per\">\n\t<meta name=\"twitter:data1\" content=\"admin\">\n\t<meta name=\"twitter:label2\" content=\"Temps estimat de lectura\">\n\t<meta name=\"twitter:data2\" content=\"0 minuts\">\n<script type=\"application\/ld+json\" class=\"yoast-schema-graph\">{\"@context\":\"https:\/\/schema.org\",\"@graph\":[{\"@type\":\"WebSite\",\"@id\":\"http:\/\/rocafariners.com\/#website\",\"url\":\"http:\/\/rocafariners.com\/\",\"name\":\"Farinera Roca\",\"description\":\"buen trigo, buena harina, buen pan\",\"potentialAction\":[{\"@type\":\"SearchAction\",\"target\":\"http:\/\/rocafariners.com\/?s={search_term_string}\",\"query-input\":\"required name=search_term_string\"}],\"inLanguage\":\"ca\"},{\"@type\":\"WebPage\",\"@id\":\"http:\/\/rocafariners.com\/ca\/receptes-harinera\/#webpage\",\"url\":\"http:\/\/rocafariners.com\/ca\/receptes-harinera\/\",\"name\":\"Receptes - Farinera Roca\",\"isPartOf\":{\"@id\":\"http:\/\/rocafariners.com\/#website\"},\"datePublished\":\"2021-01-29T08:57:14+00:00\",\"dateModified\":\"2021-02-02T12:16:42+00:00\",\"inLanguage\":\"ca\",\"potentialAction\":[{\"@type\":\"ReadAction\",\"target\":[\"http:\/\/rocafariners.com\/ca\/receptes-harinera\/\"]}]}]}<\/script>\n<!-- \/ Yoast SEO plugin. -->","_links":{"self":[{"href":"https:\/\/rocafariners.com\/ca\/wp-json\/wp\/v2\/pages\/45194\/"}],"collection":[{"href":"https:\/\/rocafariners.com\/ca\/wp-json\/wp\/v2\/pages\/"}],"about":[{"href":"https:\/\/rocafariners.com\/ca\/wp-json\/wp\/v2\/types\/page\/"}],"author":[{"embeddable":true,"href":"https:\/\/rocafariners.com\/ca\/wp-json\/wp\/v2\/users\/1\/"}],"replies":[{"embeddable":true,"href":"https:\/\/rocafariners.com\/ca\/wp-json\/wp\/v2\/comments\/?post=45194"}],"version-history":[{"count":3,"href":"https:\/\/rocafariners.com\/ca\/wp-json\/wp\/v2\/pages\/45194\/revisions\/"}],"predecessor-version":[{"id":45606,"href":"https:\/\/rocafariners.com\/ca\/wp-json\/wp\/v2\/pages\/45194\/revisions\/45606\/"}],"wp:attachment":[{"href":"https:\/\/rocafariners.com\/ca\/wp-json\/wp\/v2\/media\/?parent=45194"}],"curies":[{"name":"wp","href":"https:\/\/api.w.org\/{rel}","templated":true}]}}