{"id":43943,"date":"2021-01-05T10:06:10","date_gmt":"2021-01-05T10:06:10","guid":{"rendered":"http:\/\/rocafariners.com\/?page_id=43943"},"modified":"2021-12-31T08:58:06","modified_gmt":"2021-12-31T08:58:06","slug":"farines-blat-pedra","status":"publish","type":"page","link":"https:\/\/rocafariners.com\/ca\/farines-blat-pedra\/","title":{"rendered":"FARINES DE BLAT A LA PEDRA"},"content":{"rendered":"<p>[vc_row][vc_column][vc_empty_space height=&#8221;25px&#8221;][\/vc_column][\/vc_row][vc_row css=&#8221;.vc_custom_1454575719817{padding-right: 5% !important;}&#8221; type=&#8221;full_width&#8221; background_style=&#8221;normal&#8221;][vc_column width=&#8221;1\/4&#8243; css=&#8221;.vc_custom_1454575534625{padding-left: 4% !important;}&#8221;][vc_column_text]<div class='contenedor_buscador'><input class=\"search_fiches\" type=\"text\" placeholder=\"buscar\" value=\"\"\/>\n\t\t\t\t\t<datalist id=\"fiches\"><option value=\"Blat ecol\u00f2gic T-80\" data_url=\"2001\">Blat ecol\u00f2gic T-80<\/option><option value=\"Blat ecol\u00f2gic T-150\" data_url=\"1999\">Blat ecol\u00f2gic T-150<\/option><option value=\"Farina Xeixa de Menorca T-80\" data_url=\"5681\">Farina Xeixa de Menorca T-80<\/option><option value=\"\" data_url=\"\"><\/option><option value=\"S\u00e8gol ecol\u00f2gic\" data_url=\"1883\">S\u00e8gol ecol\u00f2gic<\/option><option value=\"S\u00e8gol Integral Ecol\u00f2gic T-150\" data_url=\"1886\">S\u00e8gol Integral Ecol\u00f2gic T-150<\/option><option value=\"S\u00e8gol ecol\u00f2gic T-80\" data_url=\"1888\">S\u00e8gol ecol\u00f2gic T-80<\/option><option value=\"Crema\" data_url=\"1903\">Crema<\/option><option value=\"Espelta ecol\u00f2gic\" data_url=\"1906\">Espelta ecol\u00f2gic<\/option><option value=\"Espelta ecol\u00f2gic T-80\" data_url=\"1908\">Espelta ecol\u00f2gic T-80<\/option><option value=\"Espelta integral ecol\u00f2gica\" data_url=\"1910\">Espelta integral ecol\u00f2gica<\/option><option value=\"Espelta integral ecol\u00f2gica T-150\" data_url=\"1913\">Espelta integral ecol\u00f2gica T-150<\/option><option value=\"Farina Extra\" data_url=\"1915\">Farina Extra<\/option><option value=\"Farina integral de s\u00e8gol ecol\u00f2gica\" data_url=\"1917\">Farina integral de s\u00e8gol ecol\u00f2gica<\/option><option value=\"Farina Nacra\" data_url=\"1919\">Farina Nacra<\/option><option value=\"Farina RR\" data_url=\"1921\">Farina RR<\/option><option value=\"Farina RRR\" data_url=\"1923\">Farina RRR<\/option><option value=\"Farina Siscar\" data_url=\"1925\">Farina Siscar<\/option><option value=\"Integral\" data_url=\"1948\">Integral<\/option><option value=\"Massa Mare\" data_url=\"1955\">Massa Mare<\/option><option value=\"Mix de s\u00e8gol\" data_url=\"1957\">Mix de s\u00e8gol<\/option><option value=\"Pa de vidre\" data_url=\"1985\">Pa de vidre<\/option><option value=\"Blat de for\u00e7a ecol\u00f2gic\" data_url=\"1995\">Blat de for\u00e7a ecol\u00f2gic<\/option><option value=\"Blat ecol\u00f2gic\" data_url=\"1997\">Blat ecol\u00f2gic<\/option><option value=\"Blat integral ecol\u00f2gic\" data_url=\"2003\">Blat integral ecol\u00f2gic<\/option><option value=\"Blat sarra\u00ed ecol\u00f2gic\" data_url=\"2006\">Blat sarra\u00ed ecol\u00f2gic<\/option><option value=\"Triticum Durum Ecol\u00f2gica\" data_url=\"2008\">Triticum Durum Ecol\u00f2gica<\/option><option value=\"Triticum Durum Ecol\u00f2gic\" data_url=\"2010\">Triticum Durum Ecol\u00f2gic<\/option><option value=\"Farina blat khorasan Kamut integral ecol\u00f2gica\" data_url=\"4613\">Farina blat khorasan Kamut integral ecol\u00f2gica<\/option><option value=\"FARINA BLAT KHORASAN KAMUT ECOL\u00d2GICA\" data_url=\"4614\">FARINA BLAT KHORASAN KAMUT ECOL\u00d2GICA<\/option><option value=\"Farina espelta petita T80\" data_url=\"4615\">Farina espelta petita T80<\/option><option value=\"FARINA TRITORDEUM ECOL\u00d2GICA\" data_url=\"4974\">FARINA TRITORDEUM ECOL\u00d2GICA<\/option><option value=\"FARINA TRITORDEUM INTEGRAL ECOL\u00d2GICA\" data_url=\"4977\">FARINA TRITORDEUM INTEGRAL ECOL\u00d2GICA<\/option><option value=\"MIX 6 LLAVORS ECOL\u00d2GIC\" data_url=\"5260\">MIX 6 LLAVORS ECOL\u00d2GIC<\/option><option value=\"ECO \u00d2PTIM\" data_url=\"5261\">ECO \u00d2PTIM<\/option><option value=\"MIX AND\u00cd\" data_url=\"5289\">MIX AND\u00cd<\/option><option value=\"S\u00c8MOLA DE BLAT DUR\" data_url=\"5800\">S\u00c8MOLA DE BLAT DUR<\/option><option value=\"FLOCS DE CIVADA\" data_url=\"7498\">FLOCS DE CIVADA<\/option><option value=\"FARINA NOGLUTEN ECO\" data_url=\"10103\">FARINA NOGLUTEN ECO<\/option><option value=\"FARINA DE BLAT ECOL\u00d2GICA FLUIXA \u2192\" data_url=\"12980\">FARINA DE BLAT ECOL\u00d2GICA FLUIXA \u2192<\/option><option value=\"FARINA DE BLAT FOR\u00c7A \u201cMAGNA\u201d  ECOL\u00d2GIC \u2192\" data_url=\"12984\">FARINA DE BLAT FOR\u00c7A \u201cMAGNA\u201d  ECOL\u00d2GIC \u2192<\/option><option value=\"FARINA SELECCI\u00d3\u2192\" data_url=\"42373\">FARINA SELECCI\u00d3\u2192<\/option><option value=\"FARINA BLAT DE MORO\" data_url=\"42924\">FARINA BLAT DE MORO<\/option><option value=\"FARINA DE BLAT FLUIX\" data_url=\"42947\">FARINA DE BLAT FLUIX<\/option><option value=\"FARINA D'ARR\u00d2S\" data_url=\"42979\">FARINA D'ARR\u00d2S<\/option><\/datalist><img class=\"foto_buscar buscar_fiches\" src=\"https:\/\/rocafariners.com\/wp-content\/uploads\/2021\/01\/buscar.png\" width=\"20\"><\/div>[\/vc_column_text][vc_column_text]<\/p>\n<h3><strong><span style=\"color: #684e4e;\">FARINES\u00a0A LA PEDRA<\/span><\/strong><\/h3>\n<p>[\/vc_column_text][vc_widget_sidebar sidebar_id=&#8221;piedra-sidebar&#8221;][\/vc_column][vc_column width=&#8221;2\/3&#8243;][vc_column_text]<\/p>\n<h3 style=\"text-align: center;\"><span style=\"color: #684e4e;\"><strong>FARINES DE BLAT A LA PEDRA<\/strong><\/span><\/h3>\n<p>[\/vc_column_text][vc_column_text]<\/p>\n<h4 style=\"text-align: center;\"><span style=\"color: #684e4e;\">Varietat de Farines Ecol\u00f2giques molturades a la Pedra<\/span><br \/>\n<span style=\"color: #684e4e;\">\u00c0mplia gamma de farines ecol\u00f2giques molturades a la pedra per a diferents processos i productes.<\/span><\/h4>\n<p>[\/vc_column_text][vc_row_inner][vc_column_inner width=&#8221;1\/4&#8243;][vc_single_image image=&#8221;53750&#8243; img_size=&#8221;full&#8221; onclick=&#8221;custom_link&#8221; link=&#8221;https:\/\/rocafariners.com\/ca\/blat-ecologic-t-80\/&#8221;][vc_column_text]<\/p>\n<p style=\"text-align: center;\"><a href=\"https:\/\/rocafariners.com\/ca\/blat-ecologic-t-80\/\" target=\"\" rel=\"noopener\">FARINA DE BLAT ECOL\u00d2GIC T-80<\/a><\/p>\n<p>[\/vc_column_text][\/vc_column_inner][vc_column_inner width=&#8221;1\/4&#8243;][vc_single_image image=&#8221;53652&#8243; img_size=&#8221;full&#8221; onclick=&#8221;custom_link&#8221; link=&#8221;https:\/\/rocafariners.com\/ca\/blat-ecologic-t-150\/&#8221;][vc_column_text]<\/p>\n<p style=\"text-align: center;\"><a href=\"https:\/\/rocafariners.com\/ca\/blat-ecologic-t-150\/\" target=\"\" rel=\"noopener\">FARINA DE BLAT ECOL\u00d2GIC T-150<\/a><\/p>\n<p>[\/vc_column_text][\/vc_column_inner][vc_column_inner width=&#8221;1\/4&#8243;][vc_single_image image=&#8221;53761&#8243; img_size=&#8221;full&#8221; onclick=&#8221;custom_link&#8221; link=&#8221;https:\/\/rocafariners.com\/ca\/espelta-ecologic-t-80\/&#8221;][vc_column_text]<\/p>\n<p style=\"text-align: center;\"><a href=\"https:\/\/rocafariners.com\/ca\/espelta-ecologic-t-80\/\" target=\"\" rel=\"noopener\">FARINA ESPELTA ECOL\u00d2GICA T-80<\/a><\/p>\n<p>[\/vc_column_text][\/vc_column_inner][vc_column_inner width=&#8221;1\/4&#8243;][vc_single_image image=&#8221;53932&#8243; img_size=&#8221;full&#8221; onclick=&#8221;custom_link&#8221; link=&#8221;https:\/\/rocafariners.com\/ca\/espeltal-integral-ecologica-t-150-2\/&#8221;][vc_column_text]<\/p>\n<p style=\"text-align: center;\"><a href=\"https:\/\/rocafariners.com\/ca\/espeltal-integral-ecologica-t-150-2\/\" target=\"\" rel=\"noopener\">FARINA ESPELTA INTEGRAL ECOLOGICA T-150<\/a><\/p>\n<p>[\/vc_column_text][\/vc_column_inner][\/vc_row_inner][vc_row_inner][vc_column_inner width=&#8221;1\/4&#8243;][vc_single_image image=&#8221;53940&#8243; img_size=&#8221;full&#8221; onclick=&#8221;custom_link&#8221; link=&#8221;https:\/\/rocafariners.com\/ca\/segol-t-80\/&#8221;][vc_column_text]<\/p>\n<p style=\"text-align: center;\"><a href=\"https:\/\/rocafariners.com\/ca\/segol-t-80\/\" target=\"\" rel=\"noopener\">FARINA DE S\u00c8GOL ECOL\u00d2GICA T-80<\/a><\/p>\n<p>[\/vc_column_text][\/vc_column_inner][vc_column_inner width=&#8221;1\/4&#8243;][vc_single_image image=&#8221;53942&#8243; img_size=&#8221;full&#8221; onclick=&#8221;custom_link&#8221; link=&#8221;https:\/\/rocafariners.com\/ca\/segol-ecologic-t-150\/&#8221;][vc_column_text]<\/p>\n<p style=\"text-align: center;\"><a href=\"https:\/\/rocafariners.com\/ca\/segol-ecologic-t-150\/\" target=\"\" rel=\"noopener\">FARINA DE S\u00c8GOL INTEGRAL ECOL\u00d2GICA T-150<\/a><\/p>\n<p>[\/vc_column_text][\/vc_column_inner][vc_column_inner width=&#8221;1\/4&#8243;][vc_single_image image=&#8221;53926&#8243; img_size=&#8221;full&#8221; onclick=&#8221;custom_link&#8221; link=&#8221;https:\/\/rocafariners.com\/ca\/harina-espelta-pequena-t80\/&#8221;][vc_column_text]<\/p>\n<p style=\"text-align: center;\"><a href=\"https:\/\/rocafariners.com\/ca\/harina-espelta-pequena-t80\/\" target=\"\" rel=\"noopener\">FARINA D\u2019ESPELTA PETITA \u201cMONOCOCCUM\u201d T-80<\/a><\/p>\n<p>[\/vc_column_text][\/vc_column_inner][vc_column_inner width=&#8221;1\/4&#8243;][vc_single_image image=&#8221;53664&#8243; img_size=&#8221;full&#8221; onclick=&#8221;custom_link&#8221; link=&#8221;https:\/\/rocafariners.com\/ca\/harina-xeixa-de-menorca-t-80\/&#8221;][vc_column_text]<\/p>\n<p style=\"text-align: center;\"><a href=\"https:\/\/rocafariners.com\/ca\/harina-xeixa-de-menorca-t-80\/\" target=\"\" rel=\"noopener\">FARINA XEIXA DE MENORCA T-80<\/a><\/p>\n<p>[\/vc_column_text][\/vc_column_inner][\/vc_row_inner][vc_row_inner][vc_column_inner width=&#8221;1\/3&#8243;][\/vc_column_inner][vc_column_inner width=&#8221;1\/3&#8243;][vc_single_image image=&#8221;53818&#8243; img_size=&#8221;full&#8221; onclick=&#8221;custom_link&#8221; link=&#8221;https:\/\/rocafariners.com\/ca\/farina-seleccio%e2%86%92\/&#8221;][vc_column_text]<\/p>\n<p style=\"text-align: center;\"><a href=\"https:\/\/rocafariners.com\/ca\/farina-seleccio%e2%86%92\/\" target=\"\" rel=\"noopener\">FARINA SELECCI\u00d3<\/a><\/p>\n<p>[\/vc_column_text][\/vc_column_inner][vc_column_inner width=&#8221;1\/3&#8243;][\/vc_column_inner][\/vc_row_inner][vc_empty_space][\/vc_column][\/vc_row]<\/p>\n","protected":false},"excerpt":{"rendered":"<p>[vc_row][vc_column][vc_empty_space height=&#8221;25px&#8221;][\/vc_column][\/vc_row][vc_row css=&#8221;.vc_custom_1454575719817{padding-right: 5% !important;}&#8221; type=&#8221;full_width&#8221; background_style=&#8221;normal&#8221;][vc_column width=&#8221;1\/4&#8243; css=&#8221;.vc_custom_1454575534625{padding-left: 4% !important;}&#8221;][vc_column_text][\/vc_column_text][vc_column_text] FARINES\u00a0A LA PEDRA [\/vc_column_text][vc_widget_sidebar sidebar_id=&#8221;piedra-sidebar&#8221;][\/vc_column][vc_column width=&#8221;2\/3&#8243;][vc_column_text] FARINES DE BLAT A LA PEDRA [\/vc_column_text][vc_column_text] Varietat de Farines Ecol\u00f2giques molturades a la Pedra \u00c0mplia gamma de farines ecol\u00f2giques molturades a la pedra per a diferents processos i productes. [\/vc_column_text][vc_row_inner][vc_column_inner width=&#8221;1\/4&#8243;][vc_single_image image=&#8221;53750&#8243; img_size=&#8221;full&#8221; onclick=&#8221;custom_link&#8221; link=&#8221;https:\/\/rocafariners.com\/ca\/blat-ecologic-t-80\/&#8221;][vc_column_text] FARINA DE [&hellip;]<\/p>\n","protected":false},"author":1,"featured_media":0,"parent":0,"menu_order":0,"comment_status":"closed","ping_status":"closed","template":"page-farinera.php","meta":{"_monsterinsights_skip_tracking":false,"_monsterinsights_sitenote_active":false,"_monsterinsights_sitenote_note":"","_monsterinsights_sitenote_category":0},"yoast_head":"<!-- This site is optimized with the Yoast SEO plugin v15.4 - https:\/\/yoast.com\/wordpress\/plugins\/seo\/ -->\n<title>FARINES DE BLAT A LA PEDRA - Farinera Roca<\/title>\n<meta name=\"robots\" content=\"index, follow, max-snippet:-1, max-image-preview:large, max-video-preview:-1\" \/>\n<link rel=\"canonical\" href=\"https:\/\/rocafariners.com\/ca\/farines-blat-pedra\/\" \/>\n<meta property=\"og:locale\" content=\"ca_ES\" \/>\n<meta property=\"og:type\" content=\"article\" \/>\n<meta property=\"og:title\" content=\"FARINES DE BLAT A LA PEDRA - Farinera Roca\" \/>\n<meta property=\"og:description\" content=\"[vc_row][vc_column][vc_empty_space height=&#8221;25px&#8221;][\/vc_column][\/vc_row][vc_row css=&#8221;.vc_custom_1454575719817{padding-right: 5% !important;}&#8221; type=&#8221;full_width&#8221; background_style=&#8221;normal&#8221;][vc_column width=&#8221;1\/4&#8243; css=&#8221;.vc_custom_1454575534625{padding-left: 4% !important;}&#8221;][vc_column_text][\/vc_column_text][vc_column_text] FARINES\u00a0A LA PEDRA [\/vc_column_text][vc_widget_sidebar sidebar_id=&#8221;piedra-sidebar&#8221;][\/vc_column][vc_column width=&#8221;2\/3&#8243;][vc_column_text] FARINES DE BLAT A LA PEDRA [\/vc_column_text][vc_column_text] Varietat de Farines Ecol\u00f2giques molturades a la Pedra \u00c0mplia gamma de farines ecol\u00f2giques molturades a la pedra per a diferents processos i productes. [\/vc_column_text][vc_row_inner][vc_column_inner width=&#8221;1\/4&#8243;][vc_single_image image=&#8221;53750&#8243; img_size=&#8221;full&#8221; onclick=&#8221;custom_link&#8221; link=&#8221;https:\/\/rocafariners.com\/ca\/blat-ecologic-t-80\/&#8221;][vc_column_text] FARINA DE [&hellip;]\" \/>\n<meta property=\"og:url\" content=\"https:\/\/rocafariners.com\/ca\/farines-blat-pedra\/\" \/>\n<meta property=\"og:site_name\" content=\"Farinera Roca\" \/>\n<meta property=\"article:modified_time\" content=\"2021-12-31T08:58:06+00:00\" \/>\n<meta name=\"twitter:card\" content=\"summary_large_image\" \/>\n<meta name=\"twitter:label1\" content=\"Escrit per\">\n\t<meta name=\"twitter:data1\" content=\"admin\">\n\t<meta name=\"twitter:label2\" content=\"Temps estimat de lectura\">\n\t<meta name=\"twitter:data2\" content=\"2 minuts\">\n<script type=\"application\/ld+json\" class=\"yoast-schema-graph\">{\"@context\":\"https:\/\/schema.org\",\"@graph\":[{\"@type\":\"WebSite\",\"@id\":\"http:\/\/rocafariners.com\/#website\",\"url\":\"http:\/\/rocafariners.com\/\",\"name\":\"Farinera Roca\",\"description\":\"buen trigo, buena harina, buen pan\",\"potentialAction\":[{\"@type\":\"SearchAction\",\"target\":\"http:\/\/rocafariners.com\/?s={search_term_string}\",\"query-input\":\"required name=search_term_string\"}],\"inLanguage\":\"ca\"},{\"@type\":\"WebPage\",\"@id\":\"https:\/\/rocafariners.com\/ca\/farines-blat-pedra\/#webpage\",\"url\":\"https:\/\/rocafariners.com\/ca\/farines-blat-pedra\/\",\"name\":\"FARINES DE BLAT A LA PEDRA - Farinera Roca\",\"isPartOf\":{\"@id\":\"http:\/\/rocafariners.com\/#website\"},\"datePublished\":\"2021-01-05T10:06:10+00:00\",\"dateModified\":\"2021-12-31T08:58:06+00:00\",\"inLanguage\":\"ca\",\"potentialAction\":[{\"@type\":\"ReadAction\",\"target\":[\"https:\/\/rocafariners.com\/ca\/farines-blat-pedra\/\"]}]}]}<\/script>\n<!-- \/ Yoast SEO plugin. -->","_links":{"self":[{"href":"https:\/\/rocafariners.com\/ca\/wp-json\/wp\/v2\/pages\/43943\/"}],"collection":[{"href":"https:\/\/rocafariners.com\/ca\/wp-json\/wp\/v2\/pages\/"}],"about":[{"href":"https:\/\/rocafariners.com\/ca\/wp-json\/wp\/v2\/types\/page\/"}],"author":[{"embeddable":true,"href":"https:\/\/rocafariners.com\/ca\/wp-json\/wp\/v2\/users\/1\/"}],"replies":[{"embeddable":true,"href":"https:\/\/rocafariners.com\/ca\/wp-json\/wp\/v2\/comments\/?post=43943"}],"version-history":[{"count":14,"href":"https:\/\/rocafariners.com\/ca\/wp-json\/wp\/v2\/pages\/43943\/revisions\/"}],"predecessor-version":[{"id":54251,"href":"https:\/\/rocafariners.com\/ca\/wp-json\/wp\/v2\/pages\/43943\/revisions\/54251\/"}],"wp:attachment":[{"href":"https:\/\/rocafariners.com\/ca\/wp-json\/wp\/v2\/media\/?parent=43943"}],"curies":[{"name":"wp","href":"https:\/\/api.w.org\/{rel}","templated":true}]}}