{"id":43734,"date":"2020-12-30T12:05:10","date_gmt":"2020-12-30T12:05:10","guid":{"rendered":"http:\/\/rocafariners.com\/?page_id=43734"},"modified":"2022-02-04T15:34:10","modified_gmt":"2022-02-04T15:34:10","slug":"farines-blat-cilindre","status":"publish","type":"page","link":"https:\/\/rocafariners.com\/ca\/farines-blat-cilindre\/","title":{"rendered":"FARINES DE BLAT AMB CILINDRE"},"content":{"rendered":"<p>[vc_row][vc_column][vc_empty_space height=&#8221;25px&#8221;][\/vc_column][\/vc_row][vc_row css=&#8221;.vc_custom_1454575719817{padding-right: 5% !important;}&#8221; type=&#8221;full_width&#8221; background_style=&#8221;normal&#8221;][vc_column width=&#8221;1\/4&#8243; css=&#8221;.vc_custom_1454575534625{padding-left: 4% !important;}&#8221;][vc_column_text]<div class='contenedor_buscador'><input class=\"search_fiches\" type=\"text\" placeholder=\"buscar\" value=\"\"\/>\n\t\t\t\t\t<datalist id=\"fiches\"><option value=\"Blat integral ecol\u00f2gic\" data_url=\"2003\">Blat integral ecol\u00f2gic<\/option><option value=\"Blat de for\u00e7a ecol\u00f2gic\" data_url=\"1995\">Blat de for\u00e7a ecol\u00f2gic<\/option><option value=\"FARINA DE BLAT FOR\u00c7A \u201cMAGNA\u201d  ECOL\u00d2GIC \u2192\" data_url=\"12984\">FARINA DE BLAT FOR\u00c7A \u201cMAGNA\u201d  ECOL\u00d2GIC \u2192<\/option><option value=\"FARINA DE BLAT ECOL\u00d2GICA FLUIXA \u2192\" data_url=\"12980\">FARINA DE BLAT ECOL\u00d2GICA FLUIXA \u2192<\/option><option value=\"FARINA SELECCI\u00d3\u2192\" data_url=\"42373\">FARINA SELECCI\u00d3\u2192<\/option><option value=\"S\u00e8gol ecol\u00f2gic\" data_url=\"1883\">S\u00e8gol ecol\u00f2gic<\/option><option value=\"S\u00e8gol Integral Ecol\u00f2gic T-150\" data_url=\"1886\">S\u00e8gol Integral Ecol\u00f2gic T-150<\/option><option value=\"S\u00e8gol ecol\u00f2gic T-80\" data_url=\"1888\">S\u00e8gol ecol\u00f2gic T-80<\/option><option value=\"Crema\" data_url=\"1903\">Crema<\/option><option value=\"Espelta ecol\u00f2gic\" data_url=\"1906\">Espelta ecol\u00f2gic<\/option><option value=\"Espelta ecol\u00f2gic T-80\" data_url=\"1908\">Espelta ecol\u00f2gic T-80<\/option><option value=\"Espelta integral ecol\u00f2gica\" data_url=\"1910\">Espelta integral ecol\u00f2gica<\/option><option value=\"Espelta integral ecol\u00f2gica T-150\" data_url=\"1913\">Espelta integral ecol\u00f2gica T-150<\/option><option value=\"Farina Extra\" data_url=\"1915\">Farina Extra<\/option><option value=\"Farina integral de s\u00e8gol ecol\u00f2gica\" data_url=\"1917\">Farina integral de s\u00e8gol ecol\u00f2gica<\/option><option value=\"Farina Nacra\" data_url=\"1919\">Farina Nacra<\/option><option value=\"Farina RR\" data_url=\"1921\">Farina RR<\/option><option value=\"Farina RRR\" data_url=\"1923\">Farina RRR<\/option><option value=\"Farina Siscar\" data_url=\"1925\">Farina Siscar<\/option><option value=\"Integral\" data_url=\"1948\">Integral<\/option><option value=\"Massa Mare\" data_url=\"1955\">Massa Mare<\/option><option value=\"Mix de s\u00e8gol\" data_url=\"1957\">Mix de s\u00e8gol<\/option><option value=\"Pa de vidre\" data_url=\"1985\">Pa de vidre<\/option><option value=\"Blat ecol\u00f2gic\" data_url=\"1997\">Blat ecol\u00f2gic<\/option><option value=\"Blat ecol\u00f2gic T-150\" data_url=\"1999\">Blat ecol\u00f2gic T-150<\/option><option value=\"Blat ecol\u00f2gic T-80\" data_url=\"2001\">Blat ecol\u00f2gic T-80<\/option><option value=\"Blat sarra\u00ed ecol\u00f2gic\" data_url=\"2006\">Blat sarra\u00ed ecol\u00f2gic<\/option><option value=\"Triticum Durum Ecol\u00f2gica\" data_url=\"2008\">Triticum Durum Ecol\u00f2gica<\/option><option value=\"Triticum Durum Ecol\u00f2gic\" data_url=\"2010\">Triticum Durum Ecol\u00f2gic<\/option><option value=\"Farina blat khorasan Kamut integral ecol\u00f2gica\" data_url=\"4613\">Farina blat khorasan Kamut integral ecol\u00f2gica<\/option><option value=\"FARINA BLAT KHORASAN KAMUT ECOL\u00d2GICA\" data_url=\"4614\">FARINA BLAT KHORASAN KAMUT ECOL\u00d2GICA<\/option><option value=\"Farina espelta petita T80\" data_url=\"4615\">Farina espelta petita T80<\/option><option value=\"FARINA TRITORDEUM ECOL\u00d2GICA\" data_url=\"4974\">FARINA TRITORDEUM ECOL\u00d2GICA<\/option><option value=\"FARINA TRITORDEUM INTEGRAL ECOL\u00d2GICA\" data_url=\"4977\">FARINA TRITORDEUM INTEGRAL ECOL\u00d2GICA<\/option><option value=\"MIX 6 LLAVORS ECOL\u00d2GIC\" data_url=\"5260\">MIX 6 LLAVORS ECOL\u00d2GIC<\/option><option value=\"ECO \u00d2PTIM\" data_url=\"5261\">ECO \u00d2PTIM<\/option><option value=\"MIX AND\u00cd\" data_url=\"5289\">MIX AND\u00cd<\/option><option value=\"Farina Xeixa de Menorca T-80\" data_url=\"5681\">Farina Xeixa de Menorca T-80<\/option><option value=\"S\u00c8MOLA DE BLAT DUR\" data_url=\"5800\">S\u00c8MOLA DE BLAT DUR<\/option><option value=\"FLOCS DE CIVADA\" data_url=\"7498\">FLOCS DE CIVADA<\/option><option value=\"FARINA NOGLUTEN ECO\" data_url=\"10103\">FARINA NOGLUTEN ECO<\/option><option value=\"FARINA BLAT DE MORO\" data_url=\"42924\">FARINA BLAT DE MORO<\/option><option value=\"FARINA DE BLAT FLUIX\" data_url=\"42947\">FARINA DE BLAT FLUIX<\/option><option value=\"FARINA D'ARR\u00d2S\" data_url=\"42979\">FARINA D'ARR\u00d2S<\/option><\/datalist><img class=\"foto_buscar buscar_fiches\" src=\"https:\/\/rocafariners.com\/wp-content\/uploads\/2021\/01\/buscar.png\" width=\"20\"><\/div>[\/vc_column_text][vc_column_text]<\/p>\n<h3><span style=\"color: #000000;\">FARINA<\/span> <span style=\"color: #684e4e;\">ECOL\u00d2GICA CILINDRES<\/span><\/h3>\n<p>[\/vc_column_text][vc_widget_sidebar sidebar_id=&#8221;cilindros-sidebar&#8221;][\/vc_column][vc_column width=&#8221;2\/3&#8243;][vc_column_text]<\/p>\n<h3 style=\"text-align: center;\"><span style=\"color: #684e4e;\"><strong>FARINES DE BLAT AMB CILINDRES<br \/>\n<\/strong><\/span><\/h3>\n<p>[\/vc_column_text][vc_column_text]<\/p>\n<div class=\"title_subtitle\">\n<h4 style=\"text-align: center;\">Varietat de Farines de blat ecol\u00f2giques molturases en cilindres<\/h4>\n<\/div>\n<div class=\"wpb_text_column wpb_content_element \" style=\"text-align: center;\">\n<div class=\"wpb_wrapper\"><\/div>\n<\/div>\n<h4 style=\"text-align: center;\">\u00c0mplia gamma de farines ecol\u00f2giques m\u00f2ltes amb cilindres per a diferentes processos i productes.<\/h4>\n<p>[\/vc_column_text][vc_empty_space][vc_row_inner][vc_column_inner width=&#8221;1\/4&#8243;][vc_single_image image=&#8221;45711&#8243; img_size=&#8221;full&#8221; onclick=&#8221;custom_link&#8221; link=&#8221;https:\/\/rocafariners.com\/ca\/blat-ecologic\/&#8221;][vc_column_text]<\/p>\n<p style=\"text-align: center;\"><a href=\"https:\/\/rocafariners.com\/ca\/blat-ecologic\/\" target=\"\" rel=\"noopener\">FARINA DE BLAT ECOL\u00d2GICA<\/a><\/p>\n<p>[\/vc_column_text][\/vc_column_inner][vc_column_inner width=&#8221;1\/4&#8243;][vc_single_image image=&#8221;53696&#8243; img_size=&#8221;full&#8221; onclick=&#8221;custom_link&#8221; link=&#8221;https:\/\/rocafariners.com\/ca\/blat-integral-ecologic\/&#8221;][vc_column_text]<\/p>\n<p style=\"text-align: center;\"><a href=\"https:\/\/rocafariners.com\/ca\/blat-integral-ecologic\/\" target=\"\" rel=\"noopener\">FARINA DE BLAT INTEGRAL ECOL\u00d2GICA<\/a><\/p>\n<p>[\/vc_column_text][\/vc_column_inner][vc_column_inner width=&#8221;1\/4&#8243;][vc_single_image image=&#8221;54287&#8243; img_size=&#8221;full&#8221; onclick=&#8221;custom_link&#8221; link=&#8221;https:\/\/rocafariners.com\/ca\/espelta-ecologic\/&#8221;][vc_column_text]<\/p>\n<p style=\"text-align: center;\"><a href=\"https:\/\/rocafariners.com\/ca\/espelta-ecologic\/\" target=\"\" rel=\"noopener\">FARINA D\u2019ESPELTA ECOL\u00d2GICA<\/a><\/p>\n<p>[\/vc_column_text][\/vc_column_inner][vc_column_inner width=&#8221;1\/4&#8243;][vc_single_image image=&#8221;53866&#8243; img_size=&#8221;full&#8221; onclick=&#8221;custom_link&#8221; link=&#8221;https:\/\/rocafariners.com\/ca\/espelta-integral-ecologica\/&#8221;][vc_column_text]<\/p>\n<p style=\"text-align: center;\"><a href=\"https:\/\/rocafariners.com\/ca\/espelta-integral-ecologica\/\" target=\"\" rel=\"noopener\">HARINA ESPELTA INTEGRAL<\/a><\/p>\n<p>[\/vc_column_text][\/vc_column_inner][\/vc_row_inner][vc_row_inner][vc_column_inner width=&#8221;1\/4&#8243;][vc_single_image image=&#8221;53876&#8243; img_size=&#8221;full&#8221; onclick=&#8221;custom_link&#8221; link=&#8221;https:\/\/rocafariners.com\/ca\/segol-ecologic\/&#8221;][vc_column_text]<\/p>\n<p style=\"text-align: center;\"><a href=\"https:\/\/rocafariners.com\/ca\/segol-ecologic\/&quot;\" target=\"\" rel=\"noopener\">FARINA DE S\u00c8GOL ECOL\u00d2GICA<\/a><\/p>\n<p>[\/vc_column_text][\/vc_column_inner][vc_column_inner width=&#8221;1\/4&#8243;][vc_single_image image=&#8221;53886&#8243; img_size=&#8221;full&#8221; onclick=&#8221;custom_link&#8221; link=&#8221;https:\/\/rocafariners.com\/ca\/farina-integral-de-segol-ecologica\/&#8221;][vc_column_text]<\/p>\n<p style=\"text-align: center;\"><a href=\"https:\/\/rocafariners.com\/ca\/farina-integral-de-segol-ecologica\/\" target=\"\" rel=\"noopener\">FARINA INTEGRAL DE S\u00c8GOL ECOL\u00d2GICA<\/a><\/p>\n<p>[\/vc_column_text][\/vc_column_inner][vc_column_inner width=&#8221;1\/4&#8243;][vc_single_image image=&#8221;53898&#8243; img_size=&#8221;full&#8221; onclick=&#8221;custom_link&#8221; link=&#8221;https:\/\/rocafariners.com\/ca\/triticum-durum-ecologic\/&#8221;][vc_column_text]<\/p>\n<p style=\"text-align: center;\"><a href=\"https:\/\/rocafariners.com\/ca\/triticum-durum-ecologic\/\" target=\"\" rel=\"noopener\">FARINA DE TRITICUM DURUM ECOL\u00d2GICA INTEGRAL<\/a><\/p>\n<p>[\/vc_column_text][\/vc_column_inner][vc_column_inner width=&#8221;1\/4&#8243;][vc_single_image image=&#8221;53734&#8243; img_size=&#8221;full&#8221; onclick=&#8221;custom_link&#8221; link=&#8221;https:\/\/rocafariners.com\/ca\/blat-de-forca\/&#8221;][vc_column_text]<\/p>\n<p style=\"text-align: center;\"><a href=\"https:\/\/rocafariners.com\/ca\/blat-de-forca\/\" target=\"\" rel=\"noopener\">FARINA DE BLAT FOR\u00c7A ECOL\u00d2GICA<\/a><\/p>\n<p>[\/vc_column_text][\/vc_column_inner][\/vc_row_inner][vc_row_inner][vc_column_inner width=&#8221;1\/4&#8243;][vc_single_image image=&#8221;53918&#8243; img_size=&#8221;full&#8221; onclick=&#8221;custom_link&#8221; link=&#8221;https:\/\/rocafariners.com\/ca\/harina-kamut-integral-ecologica\/&#8221;][vc_column_text]<\/p>\n<p style=\"text-align: center;\"><a href=\"https:\/\/rocafariners.com\/ca\/harina-kamut-integral-ecologica\/\" target=\"\" rel=\"noopener\">FARINA DE BLAT KHORASAN KAMUT\u00ae INTEGRAL ECOL\u00d2GICA<\/a><\/p>\n<p>[\/vc_column_text][\/vc_column_inner][vc_column_inner width=&#8221;1\/4&#8243;][vc_single_image image=&#8221;53844&#8243; img_size=&#8221;full&#8221; onclick=&#8221;custom_link&#8221; link=&#8221;https:\/\/rocafariners.com\/ca\/harina-tritordeum-ecologico\/&#8221;][vc_column_text]<\/p>\n<p style=\"text-align: center;\"><a href=\"https:\/\/rocafariners.com\/ca\/harina-tritordeum-ecologico\/\" target=\"\" rel=\"noopener\">FARINA TRITORDEUM ECOL\u00d2GICA<\/a><\/p>\n<p>[\/vc_column_text][\/vc_column_inner][vc_column_inner width=&#8221;1\/4&#8243;][vc_single_image image=&#8221;53834&#8243; img_size=&#8221;full&#8221; onclick=&#8221;custom_link&#8221; link=&#8221;https:\/\/rocafariners.com\/ca\/tritordeum-integral-ecologica\/&#8221;][vc_column_text]<\/p>\n<p><a href=\"https:\/\/rocafariners.com\/ca\/tritordeum-integral-ecologica\/\" target=\"\" rel=\"noopener\">FARINA TRITORDEUM INTEGRAL ECOL\u00d2GICA<\/a><\/p>\n<p>[\/vc_column_text][\/vc_column_inner][vc_column_inner width=&#8221;1\/4&#8243;][vc_single_image image=&#8221;54289&#8243; img_size=&#8221;full&#8221; onclick=&#8221;custom_link&#8221; link=&#8221;https:\/\/rocafariners.com\/ca\/semola-de-trigo-duro\/&#8221;][vc_column_text]<\/p>\n<p style=\"text-align: center;\"><a href=\"https:\/\/rocafariners.com\/ca\/semola-de-trigo-duro\/\" target=\"\" rel=\"noopener\">S\u00c8MOLA DE BLAT DUR<\/a><\/p>\n<p>[\/vc_column_text][\/vc_column_inner][\/vc_row_inner][vc_row_inner][vc_column_inner width=&#8221;1\/4&#8243;][vc_single_image image=&#8221;53683&#8243; img_size=&#8221;full&#8221; onclick=&#8221;custom_link&#8221; link=&#8221;https:\/\/rocafariners.com\/ca\/farina-nogluten-eco\/&#8221;][vc_column_text]<\/p>\n<p style=\"text-align: center;\"><a href=\"https:\/\/rocafariners.com\/ca\/farina-nogluten-eco\/\" target=\"\" rel=\"noopener\">FARINA NOGLUTEN ECO<\/a><\/p>\n<p>[\/vc_column_text][\/vc_column_inner][vc_column_inner width=&#8221;1\/4&#8243;][vc_single_image image=&#8221;53747&#8243; img_size=&#8221;full&#8221; onclick=&#8221;custom_link&#8221; link=&#8221;https:\/\/rocafariners.com\/ca\/farina-de-blat-forca-magna-ecologic\/&#8221;][vc_column_text]<\/p>\n<p style=\"text-align: center;\"><a href=\"https:\/\/rocafariners.com\/ca\/farina-de-blat-forca-magna-ecologic\/\" target=\"\" rel=\"noopener\">FARINA DE BLAT FOR\u00c7A \u201cMAGNA\u201d ECOL\u00d2GICA<\/a><\/p>\n<p>[\/vc_column_text][\/vc_column_inner][vc_column_inner width=&#8221;1\/4&#8243;][vc_single_image image=&#8221;53672&#8243; img_size=&#8221;full&#8221; onclick=&#8221;custom_link&#8221; link=&#8221;https:\/\/rocafariners.com\/ca\/farina-de-blat-ecologica-fluixa-%e2%86%92\/&#8221;][vc_column_text]<\/p>\n<p style=\"text-align: center;\"><a href=\"https:\/\/rocafariners.com\/ca\/farina-de-blat-ecologica-fluixa-%e2%86%92\/\" target=\"\" rel=\"noopener\">FARINA DE BLAT ECOL\u00d2GICA FLUIXA<\/a><\/p>\n<p>[\/vc_column_text][\/vc_column_inner][vc_column_inner width=&#8221;1\/4&#8243;][vc_single_image image=&#8221;53924&#8243; img_size=&#8221;full&#8221; onclick=&#8221;custom_link&#8221; link=&#8221;https:\/\/rocafariners.com\/ca\/blat-sarrai-ecologic\/&#8221;][vc_column_text]<\/p>\n<p style=\"text-align: center;\"><a href=\"https:\/\/rocafariners.com\/ca\/blat-sarrai-ecologic\/\" target=\"\" rel=\"noopener\">FARINA DE BLAT SARRA\u00cd ECOL\u00d2GIC<\/a><\/p>\n<p>[\/vc_column_text][\/vc_column_inner][\/vc_row_inner][vc_row_inner][vc_column_inner width=&#8221;1\/4&#8243;][vc_single_image image=&#8221;54294&#8243; img_size=&#8221;full&#8221; onclick=&#8221;custom_link&#8221; link=&#8221;https:\/\/rocafariners.com\/ca\/triticum-turgidum-ecologica\/&#8221;][vc_column_text]<\/p>\n<p style=\"text-align: center;\"><a href=\"https:\/\/rocafariners.com\/ca\/triticum-turgidum-ecologica\/\" target=\"\" rel=\"noopener\">FARINA DE TRITICUM DURUM ECOL\u00d2GICA<\/a><\/p>\n<p>[\/vc_column_text][\/vc_column_inner][vc_column_inner width=&#8221;1\/4&#8243;][vc_single_image image=&#8221;53908&#8243; img_size=&#8221;full&#8221; onclick=&#8221;custom_link&#8221; link=&#8221;https:\/\/rocafariners.com\/ca\/harina-de-kamut\/&#8221;][vc_column_text]<\/p>\n<p style=\"text-align: center;\"><a href=\"https:\/\/rocafariners.com\/ca\/harina-de-kamut\/\" target=\"\" rel=\"noopener\">FARINA BLAT KHORASAN KAMUT ECOL\u00d2GICA<\/a><\/p>\n<p>[\/vc_column_text][\/vc_column_inner][vc_column_inner width=&#8221;1\/4&#8243;][vc_single_image image=&#8221;53832&#8243; img_size=&#8221;full&#8221; onclick=&#8221;custom_link&#8221; link=&#8221;https:\/\/rocafariners.com\/ca\/farina-blat-de-moro\/&#8221;][vc_column_text]<\/p>\n<p style=\"text-align: center;\"><a href=\"https:\/\/rocafariners.com\/ca\/farina-blat-de-moro\/\" target=\"\" rel=\"noopener\">FARINA BLAT DE MORO<\/a><\/p>\n<p>[\/vc_column_text][\/vc_column_inner][vc_column_inner width=&#8221;1\/4&#8243;][vc_single_image image=&#8221;53824&#8243; img_size=&#8221;full&#8221; onclick=&#8221;custom_link&#8221; link=&#8221;https:\/\/rocafariners.com\/ca\/farina-arros\/&#8221;][vc_column_text]<\/p>\n<p style=\"text-align: center;\"><a href=\"https:\/rocafariners.com\/ca\/farina-arros\/\" target=\"\" rel=\"noopener\" class=\"broken_link\">FARINA D\u2019ARR\u00d2S<\/a><\/p>\n<p>[\/vc_column_text][\/vc_column_inner][\/vc_row_inner][\/vc_column][\/vc_row]<\/p>\n","protected":false},"excerpt":{"rendered":"<p>[vc_row][vc_column][vc_empty_space height=&#8221;25px&#8221;][\/vc_column][\/vc_row][vc_row css=&#8221;.vc_custom_1454575719817{padding-right: 5% !important;}&#8221; type=&#8221;full_width&#8221; background_style=&#8221;normal&#8221;][vc_column width=&#8221;1\/4&#8243; css=&#8221;.vc_custom_1454575534625{padding-left: 4% !important;}&#8221;][vc_column_text][\/vc_column_text][vc_column_text] FARINA ECOL\u00d2GICA CILINDRES [\/vc_column_text][vc_widget_sidebar sidebar_id=&#8221;cilindros-sidebar&#8221;][\/vc_column][vc_column width=&#8221;2\/3&#8243;][vc_column_text] FARINES DE BLAT AMB CILINDRES [\/vc_column_text][vc_column_text] Varietat de Farines de blat ecol\u00f2giques molturases en cilindres \u00c0mplia gamma de farines ecol\u00f2giques m\u00f2ltes amb cilindres per a diferentes processos i productes. [\/vc_column_text][vc_empty_space][vc_row_inner][vc_column_inner width=&#8221;1\/4&#8243;][vc_single_image image=&#8221;45711&#8243; img_size=&#8221;full&#8221; onclick=&#8221;custom_link&#8221; link=&#8221;https:\/\/rocafariners.com\/ca\/blat-ecologic\/&#8221;][vc_column_text] FARINA DE BLAT [&hellip;]<\/p>\n","protected":false},"author":1,"featured_media":0,"parent":0,"menu_order":0,"comment_status":"closed","ping_status":"closed","template":"page-farinera.php","meta":{"_monsterinsights_skip_tracking":false,"_monsterinsights_sitenote_active":false,"_monsterinsights_sitenote_note":"","_monsterinsights_sitenote_category":0},"yoast_head":"<!-- This site is optimized with the Yoast SEO plugin v15.4 - https:\/\/yoast.com\/wordpress\/plugins\/seo\/ -->\n<title>FARINES DE BLAT AMB CILINDRE - Farinera Roca<\/title>\n<meta name=\"robots\" content=\"index, follow, max-snippet:-1, max-image-preview:large, max-video-preview:-1\" \/>\n<link rel=\"canonical\" href=\"https:\/\/rocafariners.com\/ca\/farines-blat-cilindre\/\" \/>\n<meta property=\"og:locale\" content=\"ca_ES\" \/>\n<meta property=\"og:type\" content=\"article\" \/>\n<meta property=\"og:title\" content=\"FARINES DE BLAT AMB CILINDRE - Farinera Roca\" \/>\n<meta property=\"og:description\" content=\"[vc_row][vc_column][vc_empty_space height=&#8221;25px&#8221;][\/vc_column][\/vc_row][vc_row css=&#8221;.vc_custom_1454575719817{padding-right: 5% !important;}&#8221; type=&#8221;full_width&#8221; background_style=&#8221;normal&#8221;][vc_column width=&#8221;1\/4&#8243; css=&#8221;.vc_custom_1454575534625{padding-left: 4% !important;}&#8221;][vc_column_text][\/vc_column_text][vc_column_text] FARINA ECOL\u00d2GICA CILINDRES [\/vc_column_text][vc_widget_sidebar sidebar_id=&#8221;cilindros-sidebar&#8221;][\/vc_column][vc_column width=&#8221;2\/3&#8243;][vc_column_text] FARINES DE BLAT AMB CILINDRES [\/vc_column_text][vc_column_text] Varietat de Farines de blat ecol\u00f2giques molturases en cilindres \u00c0mplia gamma de farines ecol\u00f2giques m\u00f2ltes amb cilindres per a diferentes processos i productes. [\/vc_column_text][vc_empty_space][vc_row_inner][vc_column_inner width=&#8221;1\/4&#8243;][vc_single_image image=&#8221;45711&#8243; img_size=&#8221;full&#8221; onclick=&#8221;custom_link&#8221; link=&#8221;https:\/\/rocafariners.com\/ca\/blat-ecologic\/&#8221;][vc_column_text] FARINA DE BLAT [&hellip;]\" \/>\n<meta property=\"og:url\" content=\"https:\/\/rocafariners.com\/ca\/farines-blat-cilindre\/\" \/>\n<meta property=\"og:site_name\" content=\"Farinera Roca\" \/>\n<meta property=\"article:modified_time\" content=\"2022-02-04T15:34:10+00:00\" \/>\n<meta name=\"twitter:card\" content=\"summary_large_image\" \/>\n<meta name=\"twitter:label1\" content=\"Escrit per\">\n\t<meta name=\"twitter:data1\" content=\"admin\">\n\t<meta name=\"twitter:label2\" content=\"Temps estimat de lectura\">\n\t<meta name=\"twitter:data2\" content=\"3 minuts\">\n<script type=\"application\/ld+json\" class=\"yoast-schema-graph\">{\"@context\":\"https:\/\/schema.org\",\"@graph\":[{\"@type\":\"WebSite\",\"@id\":\"http:\/\/rocafariners.com\/#website\",\"url\":\"http:\/\/rocafariners.com\/\",\"name\":\"Farinera Roca\",\"description\":\"buen trigo, buena harina, buen pan\",\"potentialAction\":[{\"@type\":\"SearchAction\",\"target\":\"http:\/\/rocafariners.com\/?s={search_term_string}\",\"query-input\":\"required name=search_term_string\"}],\"inLanguage\":\"ca\"},{\"@type\":\"WebPage\",\"@id\":\"https:\/\/rocafariners.com\/ca\/farines-blat-cilindre\/#webpage\",\"url\":\"https:\/\/rocafariners.com\/ca\/farines-blat-cilindre\/\",\"name\":\"FARINES DE BLAT AMB CILINDRE - Farinera Roca\",\"isPartOf\":{\"@id\":\"http:\/\/rocafariners.com\/#website\"},\"datePublished\":\"2020-12-30T12:05:10+00:00\",\"dateModified\":\"2022-02-04T15:34:10+00:00\",\"inLanguage\":\"ca\",\"potentialAction\":[{\"@type\":\"ReadAction\",\"target\":[\"https:\/\/rocafariners.com\/ca\/farines-blat-cilindre\/\"]}]}]}<\/script>\n<!-- \/ Yoast SEO plugin. -->","_links":{"self":[{"href":"https:\/\/rocafariners.com\/ca\/wp-json\/wp\/v2\/pages\/43734\/"}],"collection":[{"href":"https:\/\/rocafariners.com\/ca\/wp-json\/wp\/v2\/pages\/"}],"about":[{"href":"https:\/\/rocafariners.com\/ca\/wp-json\/wp\/v2\/types\/page\/"}],"author":[{"embeddable":true,"href":"https:\/\/rocafariners.com\/ca\/wp-json\/wp\/v2\/users\/1\/"}],"replies":[{"embeddable":true,"href":"https:\/\/rocafariners.com\/ca\/wp-json\/wp\/v2\/comments\/?post=43734"}],"version-history":[{"count":18,"href":"https:\/\/rocafariners.com\/ca\/wp-json\/wp\/v2\/pages\/43734\/revisions\/"}],"predecessor-version":[{"id":55108,"href":"https:\/\/rocafariners.com\/ca\/wp-json\/wp\/v2\/pages\/43734\/revisions\/55108\/"}],"wp:attachment":[{"href":"https:\/\/rocafariners.com\/ca\/wp-json\/wp\/v2\/media\/?parent=43734"}],"curies":[{"name":"wp","href":"https:\/\/api.w.org\/{rel}","templated":true}]}}