{"id":42602,"date":"2020-11-27T10:16:17","date_gmt":"2020-11-27T10:16:17","guid":{"rendered":"http:\/\/rocafariners.com\/preguntes-frequents\/"},"modified":"2020-11-27T10:16:17","modified_gmt":"2020-11-27T10:16:17","slug":"preguntes-frequents","status":"publish","type":"page","link":"https:\/\/rocafariners.com\/ca\/preguntes-frequents\/","title":{"rendered":"Preguntes freq\u00fcents"},"content":{"rendered":"<div id=\"sp-ea-42601\" class=\"sp-ea-one sp-easy-accordion\" data-ex-icon=\"fa-minus\" data-col-icon=\"fa-plus\"  data-ea-active=\"ea-click\"  data-ea-mode=\"vertical\" data-preloader=\"\"><div class=\"ea-card ea-expand sp-ea-single\"><h3 class=\"ea-header\"><a class=\"collapsed\" data-sptoggle=\"spcollapse\" data-sptarget=\"#collapse426010\" href=\"\"><i class=\"ea-expand-icon fa fa-minus\"><\/i> Qu\u00e8 \u00e9s RedSys?<\/a><\/h3><div class=\"sp-collapse spcollapse collapsed show\" id=\"collapse426010\" data-parent=\"#sp-ea-42601\"><div class=\"ea-body\"> <p><strong>Redsys<\/strong> \u00e9s un m\u00e8tode de pagament vers\u00e0til que accepta el pagament tant amb targetes de cr\u00e8dit com de d\u00e8bit. Permetent l'\u00fas de targetes Visa, Mastercard i tamb\u00e9 American Express, permet processar els pagaments en l\u00ednia de forma intu\u00eftiva i amb seguretat.<\/p>\n<p>Si vol saber m\u00e9s informaci\u00f3, pot accedir a la seva <a href=\"http:\/\/www.redsys.es\/index.html#inicio\">p\u00e0gina web<\/a>.<\/p>\n <\/div><\/div><\/div><div class=\"ea-card  sp-ea-single\"><h3 class=\"ea-header\"><a class=\"collapsed\" data-sptoggle=\"spcollapse\" data-sptarget=\"#collapse426011\" href=\"\"><i class=\"ea-expand-icon fa fa-plus\"><\/i> Quin \u00e9s el nostre horari de recollida?<\/a><\/h3><div class=\"sp-collapse spcollapse \" id=\"collapse426011\" data-parent=\"#sp-ea-42601\"><div class=\"ea-body\"> <p>Per als clients que desitgin recollir la comanda a f\u00e0brica, el nostre horari de recollida per a comandes pagats pr\u00e8viament \u00e9s de dilluns a dijous de 09:00-14:00 i de 15:00-18:00, i divendres de 09:00-15:00.<\/p>\n <\/div><\/div><\/div><div class=\"ea-card  sp-ea-single\"><h3 class=\"ea-header\"><a class=\"collapsed\" data-sptoggle=\"spcollapse\" data-sptarget=\"#collapse426012\" href=\"\"><i class=\"ea-expand-icon fa fa-plus\"><\/i> Es pot enviar a una altra ag\u00e8ncia de transport a recollir la comanda?<\/a><\/h3><div class=\"sp-collapse spcollapse \" id=\"collapse426012\" data-parent=\"#sp-ea-42601\"><div class=\"ea-body\"> <p>S\u00ed, nom\u00e9s ha de posar recollir a f\u00e0brica, i adjuntar una nota on s'especifiqui.<\/p>\n <\/div><\/div><\/div><div class=\"ea-card  sp-ea-single\"><h3 class=\"ea-header\"><a class=\"collapsed\" data-sptoggle=\"spcollapse\" data-sptarget=\"#collapse426013\" href=\"\"><i class=\"ea-expand-icon fa fa-plus\"><\/i> Quins s\u00f3n els preus d'enviament?<\/a><\/h3><div class=\"sp-collapse spcollapse \" id=\"collapse426013\" data-parent=\"#sp-ea-42601\"><div class=\"ea-body\"> <p>A la web s'indica el preu origen fabrica. Si fa la simulaci\u00f3 de compra a la web, just abans de finalitzar la comanda, se li indicar\u00e0 el preu dels ports segons destinaci\u00f3 i quantitat a enviar. El preu dels ports dep\u00e8n de la destinaci\u00f3 i de la quantitat a enviar, a m\u00e9s kg, proporcionalment l'euro \/ Kg ser\u00e0 m\u00e9s barat.<\/p>\n <\/div><\/div><\/div><div class=\"ea-card  sp-ea-single\"><h3 class=\"ea-header\"><a class=\"collapsed\" data-sptoggle=\"spcollapse\" data-sptarget=\"#collapse426014\" href=\"\"><i class=\"ea-expand-icon fa fa-plus\"><\/i> On envio les meves preguntes?<\/a><\/h3><div class=\"sp-collapse spcollapse \" id=\"collapse426014\" data-parent=\"#sp-ea-42601\"><div class=\"ea-body\"> <p>Preferiblement, les seves preguntes ens les pot enviar al nostre correu <a href=\"mailto:info@harineraroca.com\">info@harineraroca.com<\/a>, per\u00f2 tamb\u00e9 ens les pot fer arribar mitjan\u00e7ant les nostres xarxes socials, o trucant-nos al nostre tel\u00e8fon <a href=\"tel:\/\/+34973390035\">973 390 035<\/a>.<\/p>\n <\/div><\/div><\/div><div class=\"ea-card  sp-ea-single\"><h3 class=\"ea-header\"><a class=\"collapsed\" data-sptoggle=\"spcollapse\" data-sptarget=\"#collapse426015\" href=\"\"><i class=\"ea-expand-icon fa fa-plus\"><\/i> Quines s\u00f3n les regions d'enviament?<\/a><\/h3><div class=\"sp-collapse spcollapse \" id=\"collapse426015\" data-parent=\"#sp-ea-42601\"><div class=\"ea-body\"> <p>Mitjan\u00e7ant compra en l\u00ednia, enviem a Pen\u00ednsula (Espanya), i Balears.<\/p>\n <\/div><\/div><\/div><div class=\"ea-card  sp-ea-single\"><h3 class=\"ea-header\"><a class=\"collapsed\" data-sptoggle=\"spcollapse\" data-sptarget=\"#collapse426016\" href=\"\"><i class=\"ea-expand-icon fa fa-plus\"><\/i> Quin \u00e9s la comanda m\u00ednima?<\/a><\/h3><div class=\"sp-collapse spcollapse \" id=\"collapse426016\" data-parent=\"#sp-ea-42601\"><div class=\"ea-body\"> <p>No tenim comanda m\u00ednima. El preu dels ports dep\u00e8n de la destinaci\u00f3 i de la quantitat a enviar, a m\u00e9s kg, proporcionalment l'euro \/ Kg ser\u00e0 m\u00e9s barat.<\/p>\n <\/div><\/div><\/div><div class=\"ea-card  sp-ea-single\"><h3 class=\"ea-header\"><a class=\"collapsed\" data-sptoggle=\"spcollapse\" data-sptarget=\"#collapse426017\" href=\"\"><i class=\"ea-expand-icon fa fa-plus\"><\/i> Vull fer una comanda a l'engr\u00f2s (de m\u00e9s de 300Kg)<\/a><\/h3><div class=\"sp-collapse spcollapse \" id=\"collapse426017\" data-parent=\"#sp-ea-42601\"><div class=\"ea-body\"> <p>Si desitja realitzar una comanda de m\u00e9s de 300Kg, ha de contactar directament amb nosaltres a trav\u00e9s de l'correu <a href=\"mailto:info@harineraroca.com\">info@harineraroca.com<\/a>, o trucant-nos a l'<a href=\"tel:\/\/+34973390035\">973 390 035<\/a>.<\/p>\n <\/div><\/div><\/div><div class=\"ea-card  sp-ea-single\"><h3 class=\"ea-header\"><a class=\"collapsed\" data-sptoggle=\"spcollapse\" data-sptarget=\"#collapse426018\" href=\"\"><i class=\"ea-expand-icon fa fa-plus\"><\/i> Quins formats tenen els sacs de farina en KG?<\/a><\/h3><div class=\"sp-collapse spcollapse \" id=\"collapse426018\" data-parent=\"#sp-ea-42601\"><div class=\"ea-body\"> <p>Disposem de dos formats de sacs, de 10 kg. I de 25 kg.<\/p>\n<p>Les seves mesures s\u00f3n:<\/p>\n<table style=\"border-collapse: collapse;width: 26.49769585253456%;height: 72px\">\n<tbody>\n<tr style=\"height: 24px\">\n<td style=\"width: 8.026113671274963%;height: 24px\"><strong>Mesures<\/strong><\/td>\n<td style=\"width: 5.952380952380949%;height: 24px\"><strong>Llarg<\/strong><\/td>\n<td style=\"width: 5.875576036866356%;height: 24px\"><strong>Ample<\/strong><\/td>\n<td style=\"width: 8.868715083798893%;height: 24px\"><strong>Alt<\/strong><\/td>\n<\/tr>\n<tr style=\"height: 24px\">\n<td style=\"width: 8.026113671274963%;height: 24px\">10 Kg.<\/td>\n<td style=\"width: 5.952380952380949%;height: 24px\">12 cm.<\/td>\n<td style=\"width: 5.875576036866356%;height: 24px\">24 cm.<\/td>\n<td style=\"width: 8.868715083798893%;height: 24px\">42,5 cm.<\/td>\n<\/tr>\n<tr style=\"height: 24px\">\n<td style=\"width: 8.026113671274963%;height: 24px\">25 Kg.<\/td>\n<td style=\"width: 5.952380952380949%;height: 24px\">11 cm.<\/td>\n<td style=\"width: 5.875576036866356%;height: 24px\">40 cm.<\/td>\n<td style=\"width: 8.868715083798893%;height: 24px\">55 cm.<\/td>\n<\/tr>\n<\/tbody>\n<\/table>\n <\/div><\/div><\/div><div class=\"ea-card  sp-ea-single\"><h3 class=\"ea-header\"><a class=\"collapsed\" data-sptoggle=\"spcollapse\" data-sptarget=\"#collapse426019\" href=\"\"><i class=\"ea-expand-icon fa fa-plus\"><\/i> Hi ha altres tipus de productes a part de la farina?<\/a><\/h3><div class=\"sp-collapse spcollapse \" id=\"collapse426019\" data-parent=\"#sp-ea-42601\"><div class=\"ea-body\"> <p>S\u00ed. Tamb\u00e9 disposem de llevat, 2 mescles de llavors: mix and\u00ed (2 kg i 10Kg) i mix 6 llavors (2Kg i 8Kg), i flocs de civada (2Kg i 7Kg).<\/p>\n<p>Els seus formats s\u00f3n:<\/p>\n<table style=\"border-collapse: collapse;width: 21.812596006144393%;height: 120px\">\n<tbody>\n<tr style=\"height: 24px\">\n<td style=\"width: 14.26174496644295%;height: 24px\"><b>Producte<\/b><\/td>\n<td style=\"width: 3.0201342281879198%;height: 24px\"><strong>Formats<\/strong><\/td>\n<td style=\"width: 1.6778523489932908%;height: 24px\"><\/td>\n<\/tr>\n<tr style=\"height: 24px\">\n<td style=\"width: 14.26174496644295%;height: 24px\">Llevadura<\/td>\n<td style=\"width: 3.0201342281879198%;height: 24px\">500 gr.<\/td>\n<td style=\"width: 1.6778523489932908%;height: 24px\"><\/td>\n<\/tr>\n<tr style=\"height: 24px\">\n<td style=\"width: 14.26174496644295%;height: 24px\">Mix And\u00ed<\/td>\n<td style=\"width: 3.0201342281879198%;height: 24px\">2Kg.<\/td>\n<td style=\"width: 1.6778523489932908%;height: 24px\">10Kg.<\/td>\n<\/tr>\n<tr style=\"height: 24px\">\n<td style=\"width: 14.26174496644295%;height: 24px\">Mix 6 Llavors<\/td>\n<td style=\"width: 3.0201342281879198%;height: 24px\">2Kg.<\/td>\n<td style=\"width: 1.6778523489932908%;height: 24px\">8Kg.<\/td>\n<\/tr>\n<tr style=\"height: 24px\">\n<td style=\"width: 14.26174496644295%;height: 24px\">Flocs de civada<\/td>\n<td style=\"width: 3.0201342281879198%;height: 24px\">2Kg.<\/td>\n<td style=\"width: 1.6778523489932908%;height: 24px\">7Kg.<\/td>\n<\/tr>\n<\/tbody>\n<\/table>\n <\/div><\/div><\/div><div class=\"ea-card  sp-ea-single\"><h3 class=\"ea-header\"><a class=\"collapsed\" data-sptoggle=\"spcollapse\" data-sptarget=\"#collapse4260110\" href=\"\"><i class=\"ea-expand-icon fa fa-plus\"><\/i> Quines mesures tenen les caixes?<\/a><\/h3><div class=\"sp-collapse spcollapse \" id=\"collapse4260110\" data-parent=\"#sp-ea-42601\"><div class=\"ea-body\"> <p>Disposem de dues mesures de caixes, la gran i la petita.<\/p>\n<p>Aquests s\u00f3n els seus mides:<\/p>\n<table style=\"border-collapse: collapse;width: 66.66666666666664%;height: 72px\">\n<tbody>\n<tr style=\"height: 24px\">\n<td style=\"width: 57.63160688413025%;height: 24px\"><strong>Mesures<\/strong><\/td>\n<td style=\"width: 14.657572043609623%;height: 24px\"><strong>Llarg<\/strong><\/td>\n<td style=\"width: 13.844848061189092%;height: 24px\"><strong>Ample<\/strong><\/td>\n<td style=\"width: 195.4348481698154%;height: 24px\"><strong>Alt<\/strong><\/td>\n<\/tr>\n<tr style=\"height: 24px\">\n<td style=\"width: 57.63160688413025%;height: 24px\">Petita (1 sac 10 Kg.)<\/td>\n<td style=\"width: 14.657572043609623%;height: 24px\">42,3 cm.<\/td>\n<td style=\"width: 13.844848061189092%;height: 24px\">27,5 cm.<\/td>\n<td style=\"width: 195.4348481698154%;height: 24px\">16,5 cm.<\/td>\n<\/tr>\n<tr style=\"height: 24px\">\n<td style=\"width: 57.63160688413025%;height: 24px\">Gran (1 sac 25kg o 2 sacs 10 kg)<\/td>\n<td style=\"width: 14.657572043609623%;height: 24px\">66 cm.<\/td>\n<td style=\"width: 13.844848061189092%;height: 24px\">44,5 cm.<\/td>\n<td style=\"width: 195.4348481698154%;height: 24px\">17 cm.<\/td>\n<\/tr>\n<\/tbody>\n<\/table>\n <\/div><\/div><\/div><div class=\"ea-card  sp-ea-single\"><h3 class=\"ea-header\"><a class=\"collapsed\" data-sptoggle=\"spcollapse\" data-sptarget=\"#collapse4260111\" href=\"\"><i class=\"ea-expand-icon fa fa-plus\"><\/i> On puc trobar les fitxes t\u00e8cniques?<\/a><\/h3><div class=\"sp-collapse spcollapse \" id=\"collapse4260111\" data-parent=\"#sp-ea-42601\"><div class=\"ea-body\"> <p>Totes les fitxes t\u00e8cniques les podr\u00e0s trobar a la nostra web corporativa: <a href=\"http:\/\/rocafariners.com\/portada\/\">Farinera Roca<\/a>, en els apartats de les Farines, on hi ha les fitxes dels productes.<\/p>\n<p>A sota dels diferents productes de cada especialitat, a la cantonada inferior esquerra, pot descarregar-se el PDF de les fitxes t\u00e8cniques.<\/p>\n <\/div><\/div><\/div><\/div>\n","protected":false},"excerpt":{"rendered":"Qu\u00e8 \u00e9s RedSys? Redsys \u00e9s un m\u00e8tode de pagament vers\u00e0til que accepta el pagament tant amb targetes de cr\u00e8dit com de d\u00e8bit. Permetent l'\u00fas de targetes Visa, Mastercard i tamb\u00e9 American Express, permet processar els pagaments en l\u00ednia de forma intu\u00eftiva i amb seguretat. Si vol saber m\u00e9s informaci\u00f3, pot accedir a la seva p\u00e0gina [...]","protected":false},"author":1,"featured_media":0,"parent":0,"menu_order":0,"comment_status":"open","ping_status":"open","template":"page-with_left_sidebar.php","meta":{"_monsterinsights_skip_tracking":false,"_monsterinsights_sitenote_active":false,"_monsterinsights_sitenote_note":"","_monsterinsights_sitenote_category":0},"yoast_head":"<!-- This site is optimized with the Yoast SEO plugin v15.4 - https:\/\/yoast.com\/wordpress\/plugins\/seo\/ -->\n<title>Preguntes freq\u00fcents - Farinera Roca<\/title>\n<meta name=\"robots\" content=\"index, follow, max-snippet:-1, max-image-preview:large, max-video-preview:-1\" \/>\n<link rel=\"canonical\" href=\"http:\/\/rocafariners.com\/ca\/preguntes-frequents\/\" \/>\n<meta property=\"og:locale\" content=\"ca_ES\" \/>\n<meta property=\"og:type\" content=\"article\" \/>\n<meta property=\"og:title\" content=\"Preguntes freq\u00fcents - Farinera Roca\" \/>\n<meta property=\"og:url\" content=\"http:\/\/rocafariners.com\/preguntes-frequents\/\" \/>\n<meta property=\"og:site_name\" content=\"Farinera Roca\" \/>\n<meta name=\"twitter:card\" content=\"summary_large_image\" \/>\n<meta name=\"twitter:label1\" content=\"Escrit per\">\n\t<meta name=\"twitter:data1\" content=\"admin\">\n\t<meta name=\"twitter:label2\" content=\"Temps estimat de lectura\">\n\t<meta name=\"twitter:data2\" content=\"0 minuts\">\n<script type=\"application\/ld+json\" class=\"yoast-schema-graph\">{\"@context\":\"https:\/\/schema.org\",\"@graph\":[{\"@type\":\"WebSite\",\"@id\":\"http:\/\/rocafariners.com\/#website\",\"url\":\"http:\/\/rocafariners.com\/\",\"name\":\"Farinera Roca\",\"description\":\"buen trigo, buena harina, buen pan\",\"potentialAction\":[{\"@type\":\"SearchAction\",\"target\":\"http:\/\/rocafariners.com\/?s={search_term_string}\",\"query-input\":\"required name=search_term_string\"}],\"inLanguage\":\"ca\"},{\"@type\":\"WebPage\",\"@id\":\"http:\/\/rocafariners.com\/preguntes-frequents\/#webpage\",\"url\":\"http:\/\/rocafariners.com\/preguntes-frequents\/\",\"name\":\"Preguntes freq\\u00fcents - Farinera Roca\",\"isPartOf\":{\"@id\":\"http:\/\/rocafariners.com\/#website\"},\"datePublished\":\"2020-11-27T10:16:17+00:00\",\"dateModified\":\"2020-11-27T10:16:17+00:00\",\"inLanguage\":\"ca\",\"potentialAction\":[{\"@type\":\"ReadAction\",\"target\":[\"http:\/\/rocafariners.com\/preguntes-frequents\/\"]}]}]}<\/script>\n<!-- \/ Yoast SEO plugin. -->","_links":{"self":[{"href":"https:\/\/rocafariners.com\/ca\/wp-json\/wp\/v2\/pages\/42602\/"}],"collection":[{"href":"https:\/\/rocafariners.com\/ca\/wp-json\/wp\/v2\/pages\/"}],"about":[{"href":"https:\/\/rocafariners.com\/ca\/wp-json\/wp\/v2\/types\/page\/"}],"author":[{"embeddable":true,"href":"https:\/\/rocafariners.com\/ca\/wp-json\/wp\/v2\/users\/1\/"}],"replies":[{"embeddable":true,"href":"https:\/\/rocafariners.com\/ca\/wp-json\/wp\/v2\/comments\/?post=42602"}],"version-history":[{"count":0,"href":"https:\/\/rocafariners.com\/ca\/wp-json\/wp\/v2\/pages\/42602\/revisions\/"}],"wp:attachment":[{"href":"https:\/\/rocafariners.com\/ca\/wp-json\/wp\/v2\/media\/?parent=42602"}],"curies":[{"name":"wp","href":"https:\/\/api.w.org\/{rel}","templated":true}]}}