{"id":42238,"date":"2020-11-13T12:31:36","date_gmt":"2020-11-13T12:31:36","guid":{"rendered":"http:\/\/rocafariners.com\/?page_id=42238"},"modified":"2020-11-13T12:56:51","modified_gmt":"2020-11-13T12:56:51","slug":"politica-de-cookies","status":"publish","type":"page","link":"https:\/\/rocafariners.com\/ca\/politica-de-cookies\/","title":{"rendered":"Pol\u00edtica de Cookies"},"content":{"rendered":"<div class=\"cli_pg_page_contaner\">\n<h3>Sobre aquesta pol\u00edtica de cookies<\/h3>\n<div>Aquesta Pol\u00edtica de galetes explica qu\u00e8 s\u00f3n les galetes i com les fem servir, els tipus de cookies que fem servir, \u00e9s a dir, la informaci\u00f3 que recollim usant galetes i com s&#8217;usa aquesta informaci\u00f3, i com controlar les prefer\u00e8ncies de cookies. Per obtenir m\u00e9s informaci\u00f3 sobre com fem servir, emmagatzemem i mantenim segures les seves dades personals, consulteu la nostra Pol\u00edtica de privacidad.En qualsevol moment pot canviar o retirar el seu consentiment de la Declaraci\u00f3 de cookies al nostre lloc web.Obtenga m\u00e9s informaci\u00f3 sobre qui som, com pot comunicar-se amb nosaltres i com processem les dades personals en la nostra Pol\u00edtica de privacidad.Su consentiment s&#8217;aplica als seg\u00fcents dominis: <a href=\"http:\/\/rocafariners.com\">rocafariners.com<\/a><\/div>\n<div><div class=\"cli_user_consent_state\">L'estat actual: No s'ha donat consentiment. <a class=\"cli_manage_current_consent\" style=\"cursor:pointer;\">Gestiona el consentiment.<\/a> <\/div><\/div>\n<h3>Qu\u00e8 son les cookies?<\/h3>\n<div>Les cookies s\u00f3n petits arxius de text que s&#8217;utilitzen per emmagatzemar petits fragments d&#8217;informaci\u00f3. S&#8217;emmagatzemen en el seu dispositiu quan el lloc web es carrega al seu navegador. Aquestes galetes ens ajuden a fer que el lloc web funcioni correctament, fer-lo m\u00e9s segur, brindar una millor experi\u00e8ncia a l&#8217;usuari i comprendre com funciona el lloc web i analitzar qu\u00e8 funciona i on necessita millorar.<\/div>\n<h3>Com fem servir les cookies?<\/h3>\n<div>Com la majoria dels serveis en l\u00ednia, el nostre lloc web utilitza galetes pr\u00f2pies i de tercers per a diversos prop\u00f2sits. Les galetes d&#8217;origen s\u00f3n principalment necess\u00e0ries perqu\u00e8 el lloc web funcioni correctament i no recopilen cap de les seves dades d&#8217;identificaci\u00f3 personal.Las galetes de tercers que s&#8217;utilitzen en el nostre lloc web s\u00f3n principalment per comprendre com funciona el lloc web, com interactua amb el nostre lloc web, mantenir els nostres serveis segurs, proporcionar anuncis que siguin rellevants per a vost\u00e8 i, en general, brindar-li un usuari millor i millorat. experi\u00e8ncia i ajudi a accelerar les seves interaccions futures amb el nostre lloc web.<\/div>\n<h3>Quins tipus de cookies utilitzem?<\/h3>\n<div><strong>Essencial:<\/strong>\u00a0algunes galetes s\u00f3n essencials perqu\u00e8 pugui experimentar la funcionalitat completa del nostre lloc. Ens permeten mantenir les sessions dels usuaris i prevenir qualsevol amena\u00e7a a la seguretat. No recopilen ni recullen cap informaci\u00f3 personal. Per exemple, aquestes galetes li permeten iniciar la sessi\u00f3 al compte i afegir productes al seu carret i fer el pagament de forma segura.<\/div>\n<div><strong>Estad\u00edstiques:<\/strong>\u00a0aquestes galetes emmagatzemen informaci\u00f3 com el nombre de visitants a la p\u00e0gina web, el nombre de visitants \u00fanics, les p\u00e0gines del lloc web que s&#8217;han visitat, la font de la visita, etc. Aquestes dades ens ajuden a comprendre i analitzar el rendiment del lloc web. i on necessita millorar.<\/div>\n<div><strong>M\u00e0rqueting:<\/strong>\u00a0El\u00a0nostre lloc web mostra anuncis. Aquestes galetes s&#8217;utilitzen per personalitzar els anuncis que li vam mostrar perqu\u00e8 siguin significatius per a vost\u00e8. Aquestes galetes tamb\u00e9 ens ajuden a realitzar un seguiment de l&#8217;efici\u00e8ncia d&#8217;aquestes campanyes publicitarias.Los prove\u00efdors de publicitat de tercers tamb\u00e9 poden utilitzar la informaci\u00f3 emmagatzemada en aquestes cookies per mostrar anuncis en altres llocs web al navegador.<\/div>\n<div><strong>Funcionals:<\/strong> S\u00f3n les galetes que ajuden a determinades funcionalitats no essencials del nostre lloc web. Aquestes funcionalitats inclouen incrustar contingut com v\u00eddeos o compartir contingut del lloc web en plataformes de xarxes socials.<\/div>\n<div><strong>Prefer\u00e8ncies:<\/strong>\u00a0Aquestes galetes ens ajuden a emmagatzemar la seva configuraci\u00f3 i prefer\u00e8ncies de navegaci\u00f3, com les prefer\u00e8ncies d&#8217;idioma, perqu\u00e8 tingui una experi\u00e8ncia millor i m\u00e9s eficient en futures visites a la p\u00e0gina web. <p>The below list details the cookies used in our website.<\/p><table class=\"cookielawinfo-row-cat-table cookielawinfo-classic\"><thead><tr><th class=\"cookielawinfo-column-1\">Galeta<\/th><th class=\"cookielawinfo-column-4\">Descripci\u00f3<\/th><\/tr><\/thead><tbody><tr class=\"cookielawinfo-row\"><td class=\"cookielawinfo-column-1\">tk_lr<\/td><td class=\"cookielawinfo-column-4\"><p><em>Cookie<\/em> <span class=\"JLqJ4b ChMk0b\" data-language-for-alternatives=\"ca\" data-language-to-translate-into=\"es\" data-phrase-index=\"1\">anal\u00edtica de WordPress que recopila informaci\u00f3 de com \u00e9s usat el servei de WordPress. \u00c9s una col\u00b7lecci\u00f3 de m\u00e8triques internes d'activitats de l'usuari per millorar l'experi\u00e8ncia de l'usuari. T\u00e9 una durada d'1 any.<\/span><\/p><\/td><\/tr><tr class=\"cookielawinfo-row\"><td class=\"cookielawinfo-column-1\">tk_or<\/td><td class=\"cookielawinfo-column-4\"><p><em>Cookie<\/em> anal\u00edtica de WordPress que recopila informaci\u00f3 de com \u00e9s usat el servei de WordPress. \u00c9s una col\u00b7lecci\u00f3 de m\u00e8triques internes d'activitats de l'usuari per millorar l'experi\u00e8ncia de l'usuari. T\u00e9 una durada de 5 anys.<\/p><\/td><\/tr><tr class=\"cookielawinfo-row\"><td class=\"cookielawinfo-column-1\">tk_r3d<\/td><td class=\"cookielawinfo-column-4\"><p><em>Cookie<\/em> anal\u00edtica de WordPress que recopila informaci\u00f3 de com \u00e9s usat el servei de WordPress. \u00c9s una col\u00b7lecci\u00f3 de m\u00e8triques internes d'activitats de l'usuari per millorar l'experi\u00e8ncia de l'usuari. S'esborra al tancar la sessi\u00f3.<\/p><\/td><\/tr><tr class=\"cookielawinfo-row\"><td class=\"cookielawinfo-column-1\">wordpress_test_cookie<\/td><td class=\"cookielawinfo-column-4\"><p>Aquesta <em>cookie<\/em><span class=\"JLqJ4b ChMk0b\" data-language-for-alternatives=\"ca\" data-language-to-translate-into=\"es\" data-phrase-index=\"1\"><em>\u00a0<\/em>s'usa perqu\u00e8 el gestor de continguts WordPress comprovi si el navegador t\u00e9 les <em>cookies<\/em>\u00a0activades.<\/span><\/p><\/td><\/tr><\/tbody><\/table><\/div>\n<h3>Com puc controlar les prefer\u00e8ncies de les galetes?<\/h3>\n<div>Si decideix canviar les prefer\u00e8ncies m\u00e9s endavant a trav\u00e9s de la seva sessi\u00f3 de navegaci\u00f3, pot fer clic a la pestanya &#8220;Pol\u00edtica de privacitat i galetes&#8221; a la pantalla. Aix\u00f2 mostrar\u00e0 l&#8217;av\u00eds de consentiment novament, el que li permetr\u00e0 canviar les seves prefer\u00e8ncies o retirar el seu consentiment per completo.Adem\u00e1s d&#8217;aix\u00f2, diferents navegadors proporcionen diferents m\u00e8todes per bloquejar i eliminar les cookies utilitzades pels llocs web. Podeu canviar la configuraci\u00f3 del seu navegador per bloquejar \/ eliminar les cookies. Per obtenir m\u00e9s informaci\u00f3 sobre com administrar i eliminar galetes, visiteu <a href=\"http:\/\/wikipedia.org\">wikipedia.org<\/a>, <a href=\"http:\/\/www.allaboutcookies.org\">www.allaboutcookies.org<\/a>.<\/div>\n<\/div>\n","protected":false},"excerpt":{"rendered":"<p>Sobre aquesta pol\u00edtica de cookies Aquesta Pol\u00edtica de galetes explica qu\u00e8 s\u00f3n les galetes i com les fem servir, els tipus de cookies que fem servir, \u00e9s a dir, la informaci\u00f3 que recollim usant galetes i com s&#8217;usa aquesta informaci\u00f3, i com controlar les prefer\u00e8ncies de cookies. Per obtenir m\u00e9s informaci\u00f3 sobre com fem servir, [&hellip;]<\/p>\n","protected":false},"author":1,"featured_media":0,"parent":0,"menu_order":0,"comment_status":"closed","ping_status":"closed","template":"","meta":{"_monsterinsights_skip_tracking":false,"_monsterinsights_sitenote_active":false,"_monsterinsights_sitenote_note":"","_monsterinsights_sitenote_category":0},"yoast_head":"<!-- This site is optimized with the Yoast SEO plugin v15.4 - https:\/\/yoast.com\/wordpress\/plugins\/seo\/ -->\n<title>Pol\u00edtica de Cookies - Farinera Roca<\/title>\n<meta name=\"robots\" content=\"index, follow, max-snippet:-1, max-image-preview:large, max-video-preview:-1\" \/>\n<link rel=\"canonical\" href=\"http:\/\/rocafariners.com\/ca\/politica-de-cookies\/\" \/>\n<meta property=\"og:locale\" content=\"ca_ES\" \/>\n<meta property=\"og:type\" content=\"article\" \/>\n<meta property=\"og:title\" content=\"Pol\u00edtica de Cookies - Farinera Roca\" \/>\n<meta property=\"og:description\" content=\"Sobre aquesta pol\u00edtica de cookies Aquesta Pol\u00edtica de galetes explica qu\u00e8 s\u00f3n les galetes i com les fem servir, els tipus de cookies que fem servir, \u00e9s a dir, la informaci\u00f3 que recollim usant galetes i com s&#8217;usa aquesta informaci\u00f3, i com controlar les prefer\u00e8ncies de cookies. Per obtenir m\u00e9s informaci\u00f3 sobre com fem servir, [&hellip;]\" \/>\n<meta property=\"og:url\" content=\"http:\/\/rocafariners.com\/ca\/politica-de-cookies\/\" \/>\n<meta property=\"og:site_name\" content=\"Farinera Roca\" \/>\n<meta property=\"article:modified_time\" content=\"2020-11-13T12:56:51+00:00\" \/>\n<meta name=\"twitter:card\" content=\"summary_large_image\" \/>\n<meta name=\"twitter:label1\" content=\"Escrit per\">\n\t<meta name=\"twitter:data1\" content=\"admin\">\n\t<meta name=\"twitter:label2\" content=\"Temps estimat de lectura\">\n\t<meta name=\"twitter:data2\" content=\"3 minuts\">\n<script type=\"application\/ld+json\" class=\"yoast-schema-graph\">{\"@context\":\"https:\/\/schema.org\",\"@graph\":[{\"@type\":\"WebSite\",\"@id\":\"http:\/\/rocafariners.com\/#website\",\"url\":\"http:\/\/rocafariners.com\/\",\"name\":\"Farinera Roca\",\"description\":\"buen trigo, buena harina, buen pan\",\"potentialAction\":[{\"@type\":\"SearchAction\",\"target\":\"http:\/\/rocafariners.com\/?s={search_term_string}\",\"query-input\":\"required name=search_term_string\"}],\"inLanguage\":\"ca\"},{\"@type\":\"WebPage\",\"@id\":\"http:\/\/rocafariners.com\/ca\/politica-de-cookies\/#webpage\",\"url\":\"http:\/\/rocafariners.com\/ca\/politica-de-cookies\/\",\"name\":\"Pol\\u00edtica de Cookies - Farinera Roca\",\"isPartOf\":{\"@id\":\"http:\/\/rocafariners.com\/#website\"},\"datePublished\":\"2020-11-13T12:31:36+00:00\",\"dateModified\":\"2020-11-13T12:56:51+00:00\",\"inLanguage\":\"ca\",\"potentialAction\":[{\"@type\":\"ReadAction\",\"target\":[\"http:\/\/rocafariners.com\/ca\/politica-de-cookies\/\"]}]}]}<\/script>\n<!-- \/ Yoast SEO plugin. -->","_links":{"self":[{"href":"https:\/\/rocafariners.com\/ca\/wp-json\/wp\/v2\/pages\/42238\/"}],"collection":[{"href":"https:\/\/rocafariners.com\/ca\/wp-json\/wp\/v2\/pages\/"}],"about":[{"href":"https:\/\/rocafariners.com\/ca\/wp-json\/wp\/v2\/types\/page\/"}],"author":[{"embeddable":true,"href":"https:\/\/rocafariners.com\/ca\/wp-json\/wp\/v2\/users\/1\/"}],"replies":[{"embeddable":true,"href":"https:\/\/rocafariners.com\/ca\/wp-json\/wp\/v2\/comments\/?post=42238"}],"version-history":[{"count":2,"href":"https:\/\/rocafariners.com\/ca\/wp-json\/wp\/v2\/pages\/42238\/revisions\/"}],"predecessor-version":[{"id":42243,"href":"https:\/\/rocafariners.com\/ca\/wp-json\/wp\/v2\/pages\/42238\/revisions\/42243\/"}],"wp:attachment":[{"href":"https:\/\/rocafariners.com\/ca\/wp-json\/wp\/v2\/media\/?parent=42238"}],"curies":[{"name":"wp","href":"https:\/\/api.w.org\/{rel}","templated":true}]}}