{"id":1997,"date":"2015-06-03T09:02:23","date_gmt":"2015-06-03T09:02:23","guid":{"rendered":"http:\/\/rocafariners.com\/?page_id=1997"},"modified":"2022-02-04T13:03:36","modified_gmt":"2022-02-04T13:03:36","slug":"blat-ecologic","status":"publish","type":"page","link":"https:\/\/rocafariners.com\/ca\/blat-ecologic\/","title":{"rendered":"Blat ecol\u00f2gic"},"content":{"rendered":"<p>[vc_row][vc_column][vc_empty_space height=&#8221;25px&#8221;][\/vc_column][\/vc_row][vc_row css=&#8221;.vc_custom_1433414816306{padding-right: 5% !important;}&#8221; type=&#8221;full_width&#8221; background_style=&#8221;normal&#8221;][vc_column width=&#8221;1\/3&#8243; css=&#8221;.vc_custom_1454583714616{padding-left: 4% !important;}&#8221;][vc_column_text]<div class='contenedor_buscador'><input class=\"search_fiches\" type=\"text\" placeholder=\"buscar\" value=\"\"\/>\n\t\t\t\t\t<datalist id=\"fiches\"><option value=\"Blat integral ecol\u00f2gic\" data_url=\"2003\">Blat integral ecol\u00f2gic<\/option><option value=\"Blat de for\u00e7a ecol\u00f2gic\" data_url=\"1995\">Blat de for\u00e7a ecol\u00f2gic<\/option><option value=\"FARINA DE BLAT FOR\u00c7A \u201cMAGNA\u201d  ECOL\u00d2GIC \u2192\" data_url=\"12984\">FARINA DE BLAT FOR\u00c7A \u201cMAGNA\u201d  ECOL\u00d2GIC \u2192<\/option><option value=\"FARINA DE BLAT ECOL\u00d2GICA FLUIXA \u2192\" data_url=\"12980\">FARINA DE BLAT ECOL\u00d2GICA FLUIXA \u2192<\/option><option value=\"FARINA SELECCI\u00d3\u2192\" data_url=\"42373\">FARINA SELECCI\u00d3\u2192<\/option><option value=\"S\u00e8gol ecol\u00f2gic\" data_url=\"1883\">S\u00e8gol ecol\u00f2gic<\/option><option value=\"S\u00e8gol Integral Ecol\u00f2gic T-150\" data_url=\"1886\">S\u00e8gol Integral Ecol\u00f2gic T-150<\/option><option value=\"S\u00e8gol ecol\u00f2gic T-80\" data_url=\"1888\">S\u00e8gol ecol\u00f2gic T-80<\/option><option value=\"Crema\" data_url=\"1903\">Crema<\/option><option value=\"Espelta ecol\u00f2gic\" data_url=\"1906\">Espelta ecol\u00f2gic<\/option><option value=\"Espelta ecol\u00f2gic T-80\" data_url=\"1908\">Espelta ecol\u00f2gic T-80<\/option><option value=\"Espelta integral ecol\u00f2gica\" data_url=\"1910\">Espelta integral ecol\u00f2gica<\/option><option value=\"Espelta integral ecol\u00f2gica T-150\" data_url=\"1913\">Espelta integral ecol\u00f2gica T-150<\/option><option value=\"Farina Extra\" data_url=\"1915\">Farina Extra<\/option><option value=\"Farina integral de s\u00e8gol ecol\u00f2gica\" data_url=\"1917\">Farina integral de s\u00e8gol ecol\u00f2gica<\/option><option value=\"Farina Nacra\" data_url=\"1919\">Farina Nacra<\/option><option value=\"Farina RR\" data_url=\"1921\">Farina RR<\/option><option value=\"Farina RRR\" data_url=\"1923\">Farina RRR<\/option><option value=\"Farina Siscar\" data_url=\"1925\">Farina Siscar<\/option><option value=\"Integral\" data_url=\"1948\">Integral<\/option><option value=\"Massa Mare\" data_url=\"1955\">Massa Mare<\/option><option value=\"Mix de s\u00e8gol\" data_url=\"1957\">Mix de s\u00e8gol<\/option><option value=\"Pa de vidre\" data_url=\"1985\">Pa de vidre<\/option><option value=\"Blat ecol\u00f2gic\" data_url=\"1997\">Blat ecol\u00f2gic<\/option><option value=\"Blat ecol\u00f2gic T-150\" data_url=\"1999\">Blat ecol\u00f2gic T-150<\/option><option value=\"Blat ecol\u00f2gic T-80\" data_url=\"2001\">Blat ecol\u00f2gic T-80<\/option><option value=\"Blat sarra\u00ed ecol\u00f2gic\" data_url=\"2006\">Blat sarra\u00ed ecol\u00f2gic<\/option><option value=\"Triticum Durum Ecol\u00f2gica\" data_url=\"2008\">Triticum Durum Ecol\u00f2gica<\/option><option value=\"Triticum Durum Ecol\u00f2gic\" data_url=\"2010\">Triticum Durum Ecol\u00f2gic<\/option><option value=\"Farina blat khorasan Kamut integral ecol\u00f2gica\" data_url=\"4613\">Farina blat khorasan Kamut integral ecol\u00f2gica<\/option><option value=\"FARINA BLAT KHORASAN KAMUT ECOL\u00d2GICA\" data_url=\"4614\">FARINA BLAT KHORASAN KAMUT ECOL\u00d2GICA<\/option><option value=\"Farina espelta petita T80\" data_url=\"4615\">Farina espelta petita T80<\/option><option value=\"FARINA TRITORDEUM ECOL\u00d2GICA\" data_url=\"4974\">FARINA TRITORDEUM ECOL\u00d2GICA<\/option><option value=\"FARINA TRITORDEUM INTEGRAL ECOL\u00d2GICA\" data_url=\"4977\">FARINA TRITORDEUM INTEGRAL ECOL\u00d2GICA<\/option><option value=\"MIX 6 LLAVORS ECOL\u00d2GIC\" data_url=\"5260\">MIX 6 LLAVORS ECOL\u00d2GIC<\/option><option value=\"ECO \u00d2PTIM\" data_url=\"5261\">ECO \u00d2PTIM<\/option><option value=\"MIX AND\u00cd\" data_url=\"5289\">MIX AND\u00cd<\/option><option value=\"Farina Xeixa de Menorca T-80\" data_url=\"5681\">Farina Xeixa de Menorca T-80<\/option><option value=\"S\u00c8MOLA DE BLAT DUR\" data_url=\"5800\">S\u00c8MOLA DE BLAT DUR<\/option><option value=\"FLOCS DE CIVADA\" data_url=\"7498\">FLOCS DE CIVADA<\/option><option value=\"FARINA NOGLUTEN ECO\" data_url=\"10103\">FARINA NOGLUTEN ECO<\/option><option value=\"FARINA BLAT DE MORO\" data_url=\"42924\">FARINA BLAT DE MORO<\/option><option value=\"FARINA DE BLAT FLUIX\" data_url=\"42947\">FARINA DE BLAT FLUIX<\/option><option value=\"FARINA D'ARR\u00d2S\" data_url=\"42979\">FARINA D'ARR\u00d2S<\/option><\/datalist><img class=\"foto_buscar buscar_fiches\" src=\"https:\/\/rocafariners.com\/wp-content\/uploads\/2021\/01\/buscar.png\" width=\"20\"><\/div>[\/vc_column_text][vc_column_text]<\/p>\n<h3><span style=\"color: #684e4e;\"><strong>FARINA ECOL\u00d2GICA \u00a0CILINDRES<\/strong><\/span><\/h3>\n<p>[\/vc_column_text][vc_widget_sidebar sidebar_id=&#8221;cilindros-sidebar&#8221;][vc_column_text]<\/p>\n<h3 style=\"text-align: left;\"><span style=\"color: #684e4e;\"><strong>Fitxa t\u00e8cnica<\/strong><\/span><\/h3>\n<h3 style=\"text-align: left;\"><a href=\"\/wp-content\/uploads\/2021\/09\/fitxa-tecnica-blat-eco-cat-1.pdf\"><img class=\"wp-image-1273\" src=\"http:\/\/rocafariners.com\/wp-content\/uploads\/2015\/05\/pdf.png\" alt=\"pdf\" width=\"75\" height=\"75\" srcset=\"https:\/\/rocafariners.com\/wp-content\/uploads\/2015\/05\/pdf.png 300w, https:\/\/rocafariners.com\/wp-content\/uploads\/2015\/05\/pdf-150x150.png 150w, https:\/\/rocafariners.com\/wp-content\/uploads\/2015\/05\/pdf-140x140.png 140w\" sizes=\"(max-width: 75px) 100vw, 75px\" \/><\/a><\/h3>\n<p>[\/vc_column_text][\/vc_column][vc_column width=&#8221;2\/3&#8243;][vc_column_text]<\/p>\n<h3 style=\"text-align: center;\"><strong><span style=\"color: #684e4e;\">FARINA DE BLAT ECOL\u00d2GIC<\/span><\/strong><\/h3>\n<p>[\/vc_column_text][vc_empty_space][vc_row_inner][vc_column_inner width=&#8221;1\/2&#8243;][vc_single_image image=&#8221;45711&#8243; img_size=&#8221;500&#8243;][\/vc_column_inner][vc_column_inner width=&#8221;1\/2&#8243;][vc_empty_space][vc_column_text]<\/p>\n<ul>\n<li><strong><span style=\"color: #684e4e;\">W 170-190<\/span><\/strong><\/li>\n<li class=\"Estilo30\">\n<h4><span style=\"color: #684e4e;\">P\/L- 0.5-0.6<\/span><\/h4>\n<\/li>\n<li class=\"Estilo30\">\n<h4><span style=\"color: #684e4e;\">Gluten min. 32%<\/span><\/h4>\n<\/li>\n<\/ul>\n<p>[\/vc_column_text][vc_column_text]<\/p>\n<h4><span style=\"color: #684e4e;\">Farina de blat seleccionat segons la seva varietat, qualitat i for\u00e7a. Cultivat seguint la normativa de cultiu ecol\u00f2gic i el respecte al medi ambient.<\/span><\/h4>\n<h4><span style=\"color: #684e4e;\">Farina per pa, galetes i productes artesans.<\/span><\/h4>\n<p>[\/vc_column_text][\/vc_column_inner][\/vc_row_inner][vc_column_text]<\/p>\n<h2 style=\"text-align: center;\"><span style=\"color: #684e4e;\">Receptes<\/span><\/h2>\n<p style=\"text-align: center;\">    <div id=\"post-grid-lazy-45647\" class=\"post-grid-lazy\"><img src=\"\"\/><\/div>\r\n    <script>\r\n        jQuery('#post-grid-lazy-45647').ready(function($){\r\n            jQuery('#post-grid-lazy-45647').fadeOut();\r\n            jQuery('#post-grid-45647').fadeIn();\r\n        })\r\n    <\/script>\r\n    <style type=\"text\/css\">\r\n        #post-grid-45647{display: none;}\r\n        .post-grid-lazy{\r\n            text-align: center;\r\n        }\r\n    <\/style>\r\n        <div data-options='{\"id\":\"45647\",\"lazy_load\":\"yes\",\"masonry_enable\":\"no\",\"view_type\":\"grid\"}' id=\"post-grid-45647\" class=\"post-grid grid\">\r\n                <div class=\"grid-items\">\r\n            \r\n    <div class=\"item item-44349 skin flat even 0 \">\r\n                <div class=\"layer-wrapper layout-\">\r\n                <div class=\"layer-media\"><a href=\"https:\/\/rocafariners.com\/ca\/receptes\/nevaditos-amb-oli-doliva\/\"><img alt=\"\" src=\"https:\/\/rocafariners.com\/wp-content\/uploads\/2020\/12\/IMG_0696-768x1024.jpg\" \/><\/a><\/div>\r\n        <div class=\"layer-content\">\r\n            <div class=\"element element_0  title_link \">\r\n                    <a target=\"\" href=\"https:\/\/rocafariners.com\/ca\/receptes\/nevaditos-amb-oli-doliva\/\">&#8220;NEVADITOS&#8221; AMB OLI D&#8217;OLIVA<\/a>\r\n\t\t    <\/div>\r\n        <div class=\"element element_1  excerpt \">\r\n        Amb una massa fullada, aquest dol\u00e7 t\u00edpic de Castella es fon a la boca oferint-te un sabor dol\u00e7 amb un            <\/div>\r\n                <a class=\"element element_2  read_more \" target=\"\" href=\"https:\/\/rocafariners.com\/ca\/receptes\/nevaditos-amb-oli-doliva\/\"><\/a>\r\n\t\r\n        <\/div>\r\n            <\/div>\r\n    <\/div>\r\n    \r\n    <div class=\"item item-44347 skin flat odd 1 \">\r\n                <div class=\"layer-wrapper layout-\">\r\n                <div class=\"layer-media\"><a href=\"https:\/\/rocafariners.com\/ca\/receptes\/galetes-de-gingebre\/\"><img alt=\"\" src=\"https:\/\/rocafariners.com\/wp-content\/uploads\/2021\/01\/IMG_0717-scaled-1-768x1024.jpg\" \/><\/a><\/div>\r\n        <div class=\"layer-content\">\r\n            <div class=\"element element_0  title_link \">\r\n                    <a target=\"\" href=\"https:\/\/rocafariners.com\/ca\/receptes\/galetes-de-gingebre\/\">GALETES DE GINGEBRE<\/a>\r\n\t\t    <\/div>\r\n        <div class=\"element element_1  excerpt \">\r\n        Galetes espaiades t\u00edpiques de el Nord d'Europa. Fetes amb Farina de Blat Eco, tot i que tamb\u00e9 es podria utilitzar            <\/div>\r\n                <a class=\"element element_2  read_more \" target=\"\" href=\"https:\/\/rocafariners.com\/ca\/receptes\/galetes-de-gingebre\/\"><\/a>\r\n\t\r\n        <\/div>\r\n            <\/div>\r\n    <\/div>\r\n    \r\n    <div class=\"item item-44339 skin flat even 2 \">\r\n                <div class=\"layer-wrapper layout-\">\r\n                <div class=\"layer-media\"><a href=\"https:\/\/rocafariners.com\/ca\/receptes\/galetes-de-mantega\/\"><img alt=\"\" src=\"https:\/\/rocafariners.com\/wp-content\/uploads\/2020\/04\/galletas-mantequilla.jpg\" \/><\/a><\/div>\r\n        <div class=\"layer-content\">\r\n            <div class=\"element element_0  title_link \">\r\n                    <a target=\"\" href=\"https:\/\/rocafariners.com\/ca\/receptes\/galetes-de-mantega\/\">GALETES DE MANTEGA<\/a>\r\n\t\t    <\/div>\r\n        <div class=\"element element_1  excerpt \">\r\n        &nbsp; Ingredients Quantitat Farina de Blat Eco 350 g Mantega \u00a0250g Sucre glass 120g Rovell d'ou batut 2 Sal Una            <\/div>\r\n                <a class=\"element element_2  read_more \" target=\"\" href=\"https:\/\/rocafariners.com\/ca\/receptes\/galetes-de-mantega\/\"><\/a>\r\n\t\r\n        <\/div>\r\n            <\/div>\r\n    <\/div>\r\n    \r\n    <div class=\"item item-44338 skin flat odd 3 \">\r\n                <div class=\"layer-wrapper layout-\">\r\n                <div class=\"layer-media\"><a href=\"https:\/\/rocafariners.com\/ca\/receptes\/rosquilletes\/\"><img alt=\"\" src=\"https:\/\/rocafariners.com\/wp-content\/uploads\/2020\/04\/rosquilletas.jpg\" \/><\/a><\/div>\r\n        <div class=\"layer-content\">\r\n            <div class=\"element element_0  title_link \">\r\n                    <a target=\"\" href=\"https:\/\/rocafariners.com\/ca\/receptes\/rosquilletes\/\">ROSQUILLETES<\/a>\r\n\t\t    <\/div>\r\n        <div class=\"element element_1  excerpt \">\r\n        &nbsp; Ingredients Quantitat Farina de Blat eco Roca 1200\u00a0g Sucre 400\u00a0g Ous 4 Llet 600 g Oli 180 g Impulsor            <\/div>\r\n                <a class=\"element element_2  read_more \" target=\"\" href=\"https:\/\/rocafariners.com\/ca\/receptes\/rosquilletes\/\"><\/a>\r\n\t\r\n        <\/div>\r\n            <\/div>\r\n    <\/div>\r\n    \r\n    <div class=\"item item-44333 skin flat even 4 \">\r\n                <div class=\"layer-wrapper layout-\">\r\n                <div class=\"layer-media\"><a href=\"https:\/\/rocafariners.com\/ca\/receptes\/brownie\/\"><img alt=\"\" src=\"https:\/\/rocafariners.com\/wp-content\/uploads\/2018\/10\/IMG_8915-1024x768.jpg\" \/><\/a><\/div>\r\n        <div class=\"layer-content\">\r\n            <div class=\"element element_0  title_link \">\r\n                    <a target=\"\" href=\"https:\/\/rocafariners.com\/ca\/receptes\/brownie\/\">BROWNIE<\/a>\r\n\t\t    <\/div>\r\n        <div class=\"element element_1  excerpt \">\r\n        Ingredients Quantitat\u00a0(g) Xocolata\u00a0fondant 70% cacau 125 Mantega sense sal 125 Sucre \u00a0150 Farina de\u00a0Blat Eco \u00a075 Ous 2 unitats Nous            <\/div>\r\n                <a class=\"element element_2  read_more \" target=\"\" href=\"https:\/\/rocafariners.com\/ca\/receptes\/brownie\/\"><\/a>\r\n\t\r\n        <\/div>\r\n            <\/div>\r\n    <\/div>\r\n    \r\n    <div class=\"item item-44331 skin flat odd 5 \">\r\n                <div class=\"layer-wrapper layout-\">\r\n                <div class=\"layer-media\"><a href=\"https:\/\/rocafariners.com\/ca\/receptes\/barres-amb-poolish\/\"><img alt=\"\" src=\"https:\/\/rocafariners.com\/wp-content\/uploads\/2018\/08\/IMG_7499-768x1024.jpg\" \/><\/a><\/div>\r\n        <div class=\"layer-content\">\r\n            <div class=\"element element_0  title_link \">\r\n                    <a target=\"\" href=\"https:\/\/rocafariners.com\/ca\/receptes\/barres-amb-poolish\/\">BARRES AMB POOLISH<\/a>\r\n\t\t    <\/div>\r\n        <div class=\"element element_1  excerpt \">\r\n        &nbsp; Ingredients Quantitat\u00a0(g) POOLISH \u00a0 \u00a0 \u00a0 -Farina\u00a0blat Eco 1000 \u00a0 \u00a0 \u00a0 -Aigua 1000 \u00a0 \u00a0 \u00a0 -Llevat sec            <\/div>\r\n                <a class=\"element element_2  read_more \" target=\"\" href=\"https:\/\/rocafariners.com\/ca\/receptes\/barres-amb-poolish\/\"><\/a>\r\n\t\r\n        <\/div>\r\n            <\/div>\r\n    <\/div>\r\n            <\/div>\r\n            <div class=\"pagination\">\r\n            <div class=\"paginate\">\r\n        <span aria-current=\"page\" class=\"page-numbers current\">1<\/span>\n<a class=\"page-numbers\" href=\"https:\/\/rocafariners.com\/ca\/wp-json\/wp\/v2\/pages\/1997\/page\/2\/\">2<\/a>\n<a class=\"next page-numbers\" href=\"https:\/\/rocafariners.com\/ca\/wp-json\/wp\/v2\/pages\/1997\/page\/2\/\">Next \u00bb<\/a>    <\/div>\r\n    <style type=\"text\/css\">\r\n        #post-grid-45647 .pagination .page-numbers{\r\n            font-size:16px;\r\n            color:#fff;\r\n            background:#646464;\r\n        }\r\n        #post-grid-45647 .pagination .page-numbers:hover,\r\n        #post-grid-45647 .pagination .page-numbers.current{\r\n            background:#4b4b4b;\r\n        }\r\n    <\/style>\r\n        <\/div>\r\n        <style type=\"text\/css\">\r\n                        #post-grid-45647 .element_0{display: block;font-size: 21px;line-height: normal;padding: 5px 10px;text-align: left; text-decoration: none;}\r\n                                #post-grid-45647 .element_1{display: block;font-size: 14px;padding: 5px 10px;text-align: left;}\r\n                                #post-grid-45647 .element_2{display: block;font-size: 12px;font-weight: bold;padding: 0 10px;text-align: left;text-decoration: none;}\r\n                #post-grid-45647 .element_0:hover{}#post-grid-45647 .element_1:hover{}#post-grid-45647 .element_2:hover{}    <\/style>\r\n    \r\n            \r\n        <script>\r\n            <\/script>\r\n        <style type=\"text\/css\">\r\n        #post-grid-45647 {\r\n                    padding:10px;\r\n                                        }\r\n        #post-grid-45647 .grid-items{\r\n                    text-align: center;\r\n                }\r\n        #post-grid-45647 .item{\r\n                    margin:10px;\r\n                            padding:0px;\r\n                            background:#fff;\r\n                }\r\n        #post-grid-45647  .item .layer-media{\r\n            height:auto;        }\r\n        @media only screen and ( min-width: 0px ) and ( max-width: 767px ) {\r\n            #post-grid-45647 .item{\r\n                            width:90%;\r\n                        height:auto;            }\r\n        }\r\n        @media only screen and ( min-width: 768px ) and ( max-width: 1023px ) {\r\n            #post-grid-45647 .item{\r\n                            width:280px;\r\n                        max-height:auto;            }\r\n        }\r\n        @media only screen and (min-width: 1024px ){\r\n            #post-grid-45647 .item{\r\n                            width:280px;\r\n                        height:auto;            }\r\n        }\r\n\r\n        \r\n\r\n    <\/style>\r\n        <\/div>\n<p>[\/vc_column_text][\/vc_column][\/vc_row]<\/p>\n","protected":false},"excerpt":{"rendered":"<p>[vc_row][vc_column][vc_empty_space height=&#8221;25px&#8221;][\/vc_column][\/vc_row][vc_row css=&#8221;.vc_custom_1433414816306{padding-right: 5% !important;}&#8221; type=&#8221;full_width&#8221; background_style=&#8221;normal&#8221;][vc_column width=&#8221;1\/3&#8243; css=&#8221;.vc_custom_1454583714616{padding-left: 4% !important;}&#8221;][vc_column_text][\/vc_column_text][vc_column_text] FARINA ECOL\u00d2GICA \u00a0CILINDRES [\/vc_column_text][vc_widget_sidebar sidebar_id=&#8221;cilindros-sidebar&#8221;][vc_column_text] Fitxa t\u00e8cnica [\/vc_column_text][\/vc_column][vc_column width=&#8221;2\/3&#8243;][vc_column_text] FARINA DE BLAT ECOL\u00d2GIC [\/vc_column_text][vc_empty_space][vc_row_inner][vc_column_inner width=&#8221;1\/2&#8243;][vc_single_image image=&#8221;45711&#8243; img_size=&#8221;500&#8243;][\/vc_column_inner][vc_column_inner width=&#8221;1\/2&#8243;][vc_empty_space][vc_column_text] W 170-190 P\/L- 0.5-0.6 Gluten min. 32% [\/vc_column_text][vc_column_text] Farina de blat seleccionat segons la seva varietat, qualitat i for\u00e7a. Cultivat seguint la normativa de cultiu ecol\u00f2gic [&hellip;]<\/p>\n","protected":false},"author":1,"featured_media":0,"parent":0,"menu_order":0,"comment_status":"open","ping_status":"closed","template":"page-farinera.php","meta":{"_monsterinsights_skip_tracking":false,"_monsterinsights_sitenote_active":false,"_monsterinsights_sitenote_note":"","_monsterinsights_sitenote_category":0},"yoast_head":"<!-- This site is optimized with the Yoast SEO plugin v15.4 - https:\/\/yoast.com\/wordpress\/plugins\/seo\/ -->\n<title>Blat ecol\u00f2gic - Farinera Roca<\/title>\n<meta name=\"robots\" content=\"index, follow, max-snippet:-1, max-image-preview:large, max-video-preview:-1\" \/>\n<link rel=\"canonical\" href=\"https:\/\/rocafariners.com\/ca\/blat-ecologic\/\" \/>\n<meta property=\"og:locale\" content=\"ca_ES\" \/>\n<meta property=\"og:type\" content=\"article\" \/>\n<meta property=\"og:title\" content=\"Blat ecol\u00f2gic - Farinera Roca\" \/>\n<meta property=\"og:description\" content=\"[vc_row][vc_column][vc_empty_space height=&#8221;25px&#8221;][\/vc_column][\/vc_row][vc_row css=&#8221;.vc_custom_1433414816306{padding-right: 5% !important;}&#8221; type=&#8221;full_width&#8221; background_style=&#8221;normal&#8221;][vc_column width=&#8221;1\/3&#8243; css=&#8221;.vc_custom_1454583714616{padding-left: 4% !important;}&#8221;][vc_column_text][\/vc_column_text][vc_column_text] FARINA ECOL\u00d2GICA \u00a0CILINDRES [\/vc_column_text][vc_widget_sidebar sidebar_id=&#8221;cilindros-sidebar&#8221;][vc_column_text] Fitxa t\u00e8cnica [\/vc_column_text][\/vc_column][vc_column width=&#8221;2\/3&#8243;][vc_column_text] FARINA DE BLAT ECOL\u00d2GIC [\/vc_column_text][vc_empty_space][vc_row_inner][vc_column_inner width=&#8221;1\/2&#8243;][vc_single_image image=&#8221;45711&#8243; img_size=&#8221;500&#8243;][\/vc_column_inner][vc_column_inner width=&#8221;1\/2&#8243;][vc_empty_space][vc_column_text] W 170-190 P\/L- 0.5-0.6 Gluten min. 32% [\/vc_column_text][vc_column_text] Farina de blat seleccionat segons la seva varietat, qualitat i for\u00e7a. Cultivat seguint la normativa de cultiu ecol\u00f2gic [&hellip;]\" \/>\n<meta property=\"og:url\" content=\"https:\/\/rocafariners.com\/ca\/blat-ecologic\/\" \/>\n<meta property=\"og:site_name\" content=\"Farinera Roca\" \/>\n<meta property=\"article:modified_time\" content=\"2022-02-04T13:03:36+00:00\" \/>\n<meta property=\"og:image\" content=\"http:\/\/rocafariners.com\/wp-content\/uploads\/2015\/05\/pdf.png\" \/>\n<meta name=\"twitter:card\" content=\"summary_large_image\" \/>\n<meta name=\"twitter:label1\" content=\"Escrit per\">\n\t<meta name=\"twitter:data1\" content=\"admin\">\n\t<meta name=\"twitter:label2\" content=\"Temps estimat de lectura\">\n\t<meta name=\"twitter:data2\" content=\"1 minut\">\n<script type=\"application\/ld+json\" class=\"yoast-schema-graph\">{\"@context\":\"https:\/\/schema.org\",\"@graph\":[{\"@type\":\"WebSite\",\"@id\":\"http:\/\/rocafariners.com\/#website\",\"url\":\"http:\/\/rocafariners.com\/\",\"name\":\"Farinera Roca\",\"description\":\"buen trigo, buena harina, buen pan\",\"potentialAction\":[{\"@type\":\"SearchAction\",\"target\":\"http:\/\/rocafariners.com\/?s={search_term_string}\",\"query-input\":\"required name=search_term_string\"}],\"inLanguage\":\"ca\"},{\"@type\":\"ImageObject\",\"@id\":\"https:\/\/rocafariners.com\/ca\/blat-ecologic\/#primaryimage\",\"inLanguage\":\"ca\",\"url\":\"http:\/\/rocafariners.com\/wp-content\/uploads\/2015\/05\/pdf.png\"},{\"@type\":\"WebPage\",\"@id\":\"https:\/\/rocafariners.com\/ca\/blat-ecologic\/#webpage\",\"url\":\"https:\/\/rocafariners.com\/ca\/blat-ecologic\/\",\"name\":\"Blat ecol\\u00f2gic - Farinera Roca\",\"isPartOf\":{\"@id\":\"http:\/\/rocafariners.com\/#website\"},\"primaryImageOfPage\":{\"@id\":\"https:\/\/rocafariners.com\/ca\/blat-ecologic\/#primaryimage\"},\"datePublished\":\"2015-06-03T09:02:23+00:00\",\"dateModified\":\"2022-02-04T13:03:36+00:00\",\"inLanguage\":\"ca\",\"potentialAction\":[{\"@type\":\"ReadAction\",\"target\":[\"https:\/\/rocafariners.com\/ca\/blat-ecologic\/\"]}]}]}<\/script>\n<!-- \/ Yoast SEO plugin. -->","_links":{"self":[{"href":"https:\/\/rocafariners.com\/ca\/wp-json\/wp\/v2\/pages\/1997\/"}],"collection":[{"href":"https:\/\/rocafariners.com\/ca\/wp-json\/wp\/v2\/pages\/"}],"about":[{"href":"https:\/\/rocafariners.com\/ca\/wp-json\/wp\/v2\/types\/page\/"}],"author":[{"embeddable":true,"href":"https:\/\/rocafariners.com\/ca\/wp-json\/wp\/v2\/users\/1\/"}],"replies":[{"embeddable":true,"href":"https:\/\/rocafariners.com\/ca\/wp-json\/wp\/v2\/comments\/?post=1997"}],"version-history":[{"count":15,"href":"https:\/\/rocafariners.com\/ca\/wp-json\/wp\/v2\/pages\/1997\/revisions\/"}],"predecessor-version":[{"id":55066,"href":"https:\/\/rocafariners.com\/ca\/wp-json\/wp\/v2\/pages\/1997\/revisions\/55066\/"}],"wp:attachment":[{"href":"https:\/\/rocafariners.com\/ca\/wp-json\/wp\/v2\/media\/?parent=1997"}],"curies":[{"name":"wp","href":"https:\/\/api.w.org\/{rel}","templated":true}]}}