{"id":1988,"date":"2015-06-03T08:52:15","date_gmt":"2015-06-03T08:52:15","guid":{"rendered":"http:\/\/rocafariners.com\/?page_id=1988"},"modified":"2021-01-05T08:31:57","modified_gmt":"2021-01-05T08:31:57","slug":"politica-de-privacitat","status":"publish","type":"page","link":"https:\/\/rocafariners.com\/ca\/politica-de-privacitat\/","title":{"rendered":"Pol\u00edtica de privacitat"},"content":{"rendered":"<p><strong>Pol\u00edtica de privacidad y protecci\u00f3n de datos de car\u00e1cter personal:<\/strong><\/p>\n<p>Harinera Roca SA mantiene una pol\u00edtica de confidencialidad de los datos aportados por los usuarios \/ usuarias, y se compromete a la protecci\u00f3n de los datos personales de los Usuarios de la web. La protecci\u00f3n de datos se extiende a todo lo relativo a la recogida y uso de la informaci\u00f3n proporcionada a trav\u00e9s de la web. En este sentido, Harinera Roca SA le garantiza, en los t\u00e9rminos establecidos en la Ley Org\u00e1nica 15\/1999, de 13 de diciembre, de Protecci\u00f3n de Datos de Car\u00e1cter Personal (LOPD), que tratar\u00e1 confidencialmente sus datos personales.<\/p>\n<p>A tal efecto, Harinera Roca SA garantiza que ha adoptado las medidas de car\u00e1cter t\u00e9cnico y organizativo de seguridad en sus instalaciones, sistemas y ficheros, conforme a lo establecido en el Real Decreto 994\/1999, de 11 de junio, por el que se<br \/>\naprueban las medidas de seguridad aplicables a ficheros automatizados con datos de car\u00e1cter personal, as\u00ed como otras normativas de desarrollo. Sin embargo, Harinera Roca SA puede revelar a las autoridades p\u00fablicas competentes los datos de car\u00e1cter personal y cualquier otra informaci\u00f3n que est\u00e9 en su poder, por medio de sus sistemas inform\u00e1ticos, cuando le sea requerida, de conformidad con las disposiciones legales y reglamentarias aplicables a cada caso.<\/p>\n<p>El Usuario \/ a podr\u00e1 ejercer los derechos de acceso, rectificaci\u00f3n, cancelaci\u00f3n y oposici\u00f3n de sus datos de car\u00e1cter personal, en los t\u00e9rminos establecidos en la LOPD, siento el responsable del fichero que los trata el propio Harinera Roca SA el domicilio de la que est\u00e1 fijado en: Ronda Comtes d\u00b4Urgell, 20. Para su comodidad, podr\u00e1 ejercer los derechos antes mencionados tambi\u00e9n por correo electr\u00f3nico a <a href=\"mailto:info@harineraroca.com\">info@harineraroca.com<\/a>.<\/p>\n<p>&nbsp;<\/p>\n<p><strong>Pol\u00edtica de privacitat Newsletters:<\/strong><\/p>\n<p>De conformitat amb el Reglament (UE) 2016\/679, de 27 d\u2019abril de 2016, relatiu a la protecci\u00f3 de les persones f\u00edsiques pel que fa a el tractament de dades personals ia la lliure circulaci\u00f3 d\u2019aquestes dades (RGPD), HARINERA ROCA S.A. l\u2019informa:<\/p>\n<ul>\n<li>Que les seves dades personals seran tractades per HARINERA ROCA S.A., pertanyents a el sector de l\u2019alimentaci\u00f3, amb domicili a Ronda Comtes d\u2019Urgell 20, 25310, Agramunt.<\/li>\n<li>Que les seves dades personals seran recollides amb la finalitat de:\n<ul>\n<li>Remetre peri\u00f2dicament la Newsletter sol\u00b7licitada, que pot incloure informaci\u00f3 dels productes i serveis de HARINERA ROCA S.A.<\/li>\n<li>Remetre-li informaci\u00f3 sobre els productes i serveis oferts per HARINERA ROCA S.A., en cas que aix\u00ed ens hagi autoritzat.<\/li>\n<\/ul>\n<\/li>\n<li>Que qui facilita les dades a trav\u00e9s dels formularis i el registre d\u2019aquesta web, i accepta el seu tractament, declara ser major de 14 anys, quedant prohibit l\u2019acc\u00e9s i \u00fas de el portal a menors d\u2019aquesta edat. Si en algun moment, HARINERA ROCA S.A. t\u00e9 const\u00e0ncia que un menor de 14 anys ha proporcionat dades de car\u00e0cter personal, procedirem a la cancel\u00b7laci\u00f3 dels mateixos dels nostres fitxers. Aix\u00ed mateix, els pares o tutors podran en qualsevol cas dirigir-se a HARINERA ROCA S.A. per bloquejar el compte d\u2019acc\u00e9s dels menors al seu c\u00e0rrec que s\u2019haguessin registrat falsejant la seva identitat.<\/li>\n<li>Que pot exercir els drets d\u2019acc\u00e9s, rectificaci\u00f3, supressi\u00f3, limitaci\u00f3 de l\u2019tractament, portabilitat de les dades i oposici\u00f3, aix\u00ed com revocar el consentiment prestat per a l\u2019enviament de comunicacions comercials enviant un correu electr\u00f2nic a info@harineraroca.com o b\u00e9 dirigint la seva sol\u00b7licitud per escrit amb la refer\u00e8ncia \u201cDades Personals\u201d a Ronda Comtes d\u2019Urgell 20, 25310, Agramunt.<\/li>\n<li>Que conservarem les seves dades personals mentre que. No es doni de baixa de la recepci\u00f3 d\u2019aquesta o no revoqui el seu consentiment a l\u2019tractament.<\/li>\n<\/ul>\n<p>L\u2019informem que podr\u00e0 exercir el seu dret de reclamaci\u00f3 davant l\u2019autoritat de control competent, Ag\u00e8ncia Espanyola de Protecci\u00f3 de Dades en <a href=\"http:\/\/www.agpd.es\">www.agpd.es<\/a>.<\/p>\n","protected":false},"excerpt":{"rendered":"<p>Pol\u00edtica de privacidad y protecci\u00f3n de datos de car\u00e1cter personal: Harinera Roca SA mantiene una pol\u00edtica de confidencialidad de los datos aportados por los usuarios \/ usuarias, y se compromete a la protecci\u00f3n de los datos personales de los Usuarios de la web. La protecci\u00f3n de datos se extiende a todo lo relativo a la [&hellip;]<\/p>\n","protected":false},"author":1,"featured_media":0,"parent":0,"menu_order":0,"comment_status":"open","ping_status":"open","template":"page-with_left_sidebar.php","meta":{"_monsterinsights_skip_tracking":false,"_monsterinsights_sitenote_active":false,"_monsterinsights_sitenote_note":"","_monsterinsights_sitenote_category":0},"yoast_head":"<!-- This site is optimized with the Yoast SEO plugin v15.4 - https:\/\/yoast.com\/wordpress\/plugins\/seo\/ -->\n<title>Pol\u00edtica de privacitat - Farinera Roca<\/title>\n<meta name=\"robots\" content=\"index, follow, max-snippet:-1, max-image-preview:large, max-video-preview:-1\" \/>\n<link rel=\"canonical\" href=\"http:\/\/rocafariners.com\/ca\/politica-de-privacitat\/\" \/>\n<meta property=\"og:locale\" content=\"ca_ES\" \/>\n<meta property=\"og:type\" content=\"article\" \/>\n<meta property=\"og:title\" content=\"Pol\u00edtica de privacitat - Farinera Roca\" \/>\n<meta property=\"og:description\" content=\"Pol\u00edtica de privacidad y protecci\u00f3n de datos de car\u00e1cter personal: Harinera Roca SA mantiene una pol\u00edtica de confidencialidad de los datos aportados por los usuarios \/ usuarias, y se compromete a la protecci\u00f3n de los datos personales de los Usuarios de la web. La protecci\u00f3n de datos se extiende a todo lo relativo a la [&hellip;]\" \/>\n<meta property=\"og:url\" content=\"http:\/\/rocafariners.com\/ca\/politica-de-privacitat\/\" \/>\n<meta property=\"og:site_name\" content=\"Farinera Roca\" \/>\n<meta property=\"article:modified_time\" content=\"2021-01-05T08:31:57+00:00\" \/>\n<meta name=\"twitter:card\" content=\"summary_large_image\" \/>\n<meta name=\"twitter:label1\" content=\"Escrit per\">\n\t<meta name=\"twitter:data1\" content=\"admin\">\n\t<meta name=\"twitter:label2\" content=\"Temps estimat de lectura\">\n\t<meta name=\"twitter:data2\" content=\"3 minuts\">\n<script type=\"application\/ld+json\" class=\"yoast-schema-graph\">{\"@context\":\"https:\/\/schema.org\",\"@graph\":[{\"@type\":\"WebSite\",\"@id\":\"http:\/\/rocafariners.com\/#website\",\"url\":\"http:\/\/rocafariners.com\/\",\"name\":\"Farinera Roca\",\"description\":\"buen trigo, buena harina, buen pan\",\"potentialAction\":[{\"@type\":\"SearchAction\",\"target\":\"http:\/\/rocafariners.com\/?s={search_term_string}\",\"query-input\":\"required name=search_term_string\"}],\"inLanguage\":\"ca\"},{\"@type\":\"WebPage\",\"@id\":\"http:\/\/rocafariners.com\/ca\/politica-de-privacitat\/#webpage\",\"url\":\"http:\/\/rocafariners.com\/ca\/politica-de-privacitat\/\",\"name\":\"Pol\\u00edtica de privacitat - Farinera Roca\",\"isPartOf\":{\"@id\":\"http:\/\/rocafariners.com\/#website\"},\"datePublished\":\"2015-06-03T08:52:15+00:00\",\"dateModified\":\"2021-01-05T08:31:57+00:00\",\"inLanguage\":\"ca\",\"potentialAction\":[{\"@type\":\"ReadAction\",\"target\":[\"http:\/\/rocafariners.com\/ca\/politica-de-privacitat\/\"]}]}]}<\/script>\n<!-- \/ Yoast SEO plugin. -->","_links":{"self":[{"href":"https:\/\/rocafariners.com\/ca\/wp-json\/wp\/v2\/pages\/1988\/"}],"collection":[{"href":"https:\/\/rocafariners.com\/ca\/wp-json\/wp\/v2\/pages\/"}],"about":[{"href":"https:\/\/rocafariners.com\/ca\/wp-json\/wp\/v2\/types\/page\/"}],"author":[{"embeddable":true,"href":"https:\/\/rocafariners.com\/ca\/wp-json\/wp\/v2\/users\/1\/"}],"replies":[{"embeddable":true,"href":"https:\/\/rocafariners.com\/ca\/wp-json\/wp\/v2\/comments\/?post=1988"}],"version-history":[{"count":4,"href":"https:\/\/rocafariners.com\/ca\/wp-json\/wp\/v2\/pages\/1988\/revisions\/"}],"predecessor-version":[{"id":43917,"href":"https:\/\/rocafariners.com\/ca\/wp-json\/wp\/v2\/pages\/1988\/revisions\/43917\/"}],"wp:attachment":[{"href":"https:\/\/rocafariners.com\/ca\/wp-json\/wp\/v2\/media\/?parent=1988"}],"curies":[{"name":"wp","href":"https:\/\/api.w.org\/{rel}","templated":true}]}}