{"id":1897,"date":"2015-06-03T07:26:34","date_gmt":"2015-06-03T07:26:34","guid":{"rendered":"http:\/\/rocafariners.com\/?page_id=1897"},"modified":"2021-01-26T12:15:55","modified_gmt":"2021-01-26T12:15:55","slug":"condicions-generals","status":"publish","type":"page","link":"https:\/\/rocafariners.com\/ca\/condicions-generals\/","title":{"rendered":"Condicions generals"},"content":{"rendered":"<p><strong>Els preus inclouen:<\/strong><\/p>\n<p>&#8211; Lliurament a peu de carrerdavant de la porta de la direcci\u00f3 d&#8217;entrega del client en 48\/72 hores des de la recollida en tota la pen\u00ednsula. Les comandes amb dest\u00ed les Illes Balears surten de f\u00e0brica als Dimarts i als Dijous i poden trigar fins a 1 setmana.<\/p>\n<p>&#8211; Per lliuraments amb horari concertat \u00e9s necessari un dia m\u00e9s<\/p>\n<p>&#8211; Sobre cost per despaletizaci\u00f3n 15 eur<\/p>\n<p>&#8211; Sobre cost per espera a partir de l&#8217;1\/2 hora: 15 eur cada fracci\u00f3 de 1\/2 hora<\/p>\n<p>&#8211; Nom\u00e9s s&#8217;acceptaran reclamacions posteriors al lliurament quan en la recepci\u00f3 de la mercaderia el consignatari faci constar a l&#8217;albar\u00e0 algun tipus de reserva (falta d&#8217;embalatge insuficient, trencament &#8230;). Ha d&#8217;efectuar la reclamaci\u00f3 final per mail adjuntant una foto al termini m\u00e0xim de 24 hores<\/p>\n<p>&#8211; Cal que el client faci una inspecci\u00f3 visual i comprovi que els quilos i la mercaderia rebuda coincideixi amb l&#8217;albar\u00e0 abans de signar-lo, i en cas de no ser correcte fer-ho constar per escrit.<\/p>\n","protected":false},"excerpt":{"rendered":"<p>Els preus inclouen: &#8211; Lliurament a peu de carrerdavant de la porta de la direcci\u00f3 d&#8217;entrega del client en 48\/72 hores des de la recollida en tota la pen\u00ednsula. Les comandes amb dest\u00ed les Illes Balears surten de f\u00e0brica als Dimarts i als Dijous i poden trigar fins a 1 setmana. &#8211; Per lliuraments amb [&hellip;]<\/p>\n","protected":false},"author":1,"featured_media":0,"parent":0,"menu_order":0,"comment_status":"open","ping_status":"open","template":"page-with_left_sidebar.php","meta":{"_monsterinsights_skip_tracking":false,"_monsterinsights_sitenote_active":false,"_monsterinsights_sitenote_note":"","_monsterinsights_sitenote_category":0},"yoast_head":"<!-- This site is optimized with the Yoast SEO plugin v15.4 - https:\/\/yoast.com\/wordpress\/plugins\/seo\/ -->\n<title>Condicions generals - Farinera Roca<\/title>\n<meta name=\"robots\" content=\"index, follow, max-snippet:-1, max-image-preview:large, max-video-preview:-1\" \/>\n<link rel=\"canonical\" href=\"http:\/\/rocafariners.com\/ca\/condicions-generals\/\" \/>\n<meta property=\"og:locale\" content=\"ca_ES\" \/>\n<meta property=\"og:type\" content=\"article\" \/>\n<meta property=\"og:title\" content=\"Condicions generals - Farinera Roca\" \/>\n<meta property=\"og:description\" content=\"Els preus inclouen: &#8211; Lliurament a peu de carrerdavant de la porta de la direcci\u00f3 d&#8217;entrega del client en 48\/72 hores des de la recollida en tota la pen\u00ednsula. Les comandes amb dest\u00ed les Illes Balears surten de f\u00e0brica als Dimarts i als Dijous i poden trigar fins a 1 setmana. &#8211; Per lliuraments amb [&hellip;]\" \/>\n<meta property=\"og:url\" content=\"http:\/\/rocafariners.com\/ca\/condicions-generals\/\" \/>\n<meta property=\"og:site_name\" content=\"Farinera Roca\" \/>\n<meta property=\"article:modified_time\" content=\"2021-01-26T12:15:55+00:00\" \/>\n<meta name=\"twitter:card\" content=\"summary_large_image\" \/>\n<meta name=\"twitter:label1\" content=\"Escrit per\">\n\t<meta name=\"twitter:data1\" content=\"admin\">\n\t<meta name=\"twitter:label2\" content=\"Temps estimat de lectura\">\n\t<meta name=\"twitter:data2\" content=\"1 minut\">\n<script type=\"application\/ld+json\" class=\"yoast-schema-graph\">{\"@context\":\"https:\/\/schema.org\",\"@graph\":[{\"@type\":\"WebSite\",\"@id\":\"http:\/\/rocafariners.com\/#website\",\"url\":\"http:\/\/rocafariners.com\/\",\"name\":\"Farinera Roca\",\"description\":\"buen trigo, buena harina, buen pan\",\"potentialAction\":[{\"@type\":\"SearchAction\",\"target\":\"http:\/\/rocafariners.com\/?s={search_term_string}\",\"query-input\":\"required name=search_term_string\"}],\"inLanguage\":\"ca\"},{\"@type\":\"WebPage\",\"@id\":\"http:\/\/rocafariners.com\/ca\/condicions-generals\/#webpage\",\"url\":\"http:\/\/rocafariners.com\/ca\/condicions-generals\/\",\"name\":\"Condicions generals - Farinera Roca\",\"isPartOf\":{\"@id\":\"http:\/\/rocafariners.com\/#website\"},\"datePublished\":\"2015-06-03T07:26:34+00:00\",\"dateModified\":\"2021-01-26T12:15:55+00:00\",\"inLanguage\":\"ca\",\"potentialAction\":[{\"@type\":\"ReadAction\",\"target\":[\"http:\/\/rocafariners.com\/ca\/condicions-generals\/\"]}]}]}<\/script>\n<!-- \/ Yoast SEO plugin. -->","_links":{"self":[{"href":"https:\/\/rocafariners.com\/ca\/wp-json\/wp\/v2\/pages\/1897\/"}],"collection":[{"href":"https:\/\/rocafariners.com\/ca\/wp-json\/wp\/v2\/pages\/"}],"about":[{"href":"https:\/\/rocafariners.com\/ca\/wp-json\/wp\/v2\/types\/page\/"}],"author":[{"embeddable":true,"href":"https:\/\/rocafariners.com\/ca\/wp-json\/wp\/v2\/users\/1\/"}],"replies":[{"embeddable":true,"href":"https:\/\/rocafariners.com\/ca\/wp-json\/wp\/v2\/comments\/?post=1897"}],"version-history":[{"count":2,"href":"https:\/\/rocafariners.com\/ca\/wp-json\/wp\/v2\/pages\/1897\/revisions\/"}],"predecessor-version":[{"id":45031,"href":"https:\/\/rocafariners.com\/ca\/wp-json\/wp\/v2\/pages\/1897\/revisions\/45031\/"}],"wp:attachment":[{"href":"https:\/\/rocafariners.com\/ca\/wp-json\/wp\/v2\/media\/?parent=1897"}],"curies":[{"name":"wp","href":"https:\/\/api.w.org\/{rel}","templated":true}]}}