{"id":1782,"date":"2015-06-02T10:17:52","date_gmt":"2015-06-02T10:17:52","guid":{"rendered":"http:\/\/rocafariners.com\/?page_id=1782"},"modified":"2015-06-02T10:17:52","modified_gmt":"2015-06-02T10:17:52","slug":"entrega-2","status":"publish","type":"page","link":"https:\/\/rocafariners.com\/ca\/entrega-2\/","title":{"rendered":"Entrega"},"content":{"rendered":"<h1>Informaci\u00f3 important del client<\/h1>\n<div>\n<p>&nbsp;<\/p>\n<p>L&#8217;internauta declara tenir divuit anys i la capacitat jur\u00eddica d&#8217;efectuar una compra a la p\u00e0gina en la web webnova.rocafariners.com, l&#8217;internauta s&#8217;obliga a respectar les presents condicions generals de compravenda.<\/p>\n<p>La compravenda en webnova.rocafariners.com nom\u00e9s aquesta disponible per a adreces d&#8217;enviament d&#8217;Espanya (Illes Can\u00e0ries: nom\u00e9s Tenerife i Gran Can\u00e0ria).<\/p>\n<p>Per una venda-online:<\/p>\n<p><strong>1 Accedeix a webnova.rocafariners.com\u00a0<\/strong><\/p>\n<p>&#8211; Seleccione el tipus de producte que desitgi segons les diferents categories de les farines: Farines convenionales i Farines ecol\u00f2giques.<\/p>\n<p>&#8211; Utilitzar el motor de cerca<\/p>\n<p>&#8211; Quan hagis trobat el producte que desitges, clicar sobre la foto del producte i seleccionar el pes desitjat. Clica a continuaci\u00f3 afegir a la cistella.<\/p>\n<p><strong>2 Cistella<\/strong><\/p>\n<p>&#8211; Podr\u00e0s visualitzar els productes afegits a la cistella.<\/p>\n<p>&#8211; Si desitges finalitzar compra, fes clic al bot\u00f3 comprar.<\/p>\n<p><strong>3 identificaci\u00f3<\/strong><\/p>\n<p>&#8211; Si ets un usuari registrat, introdueix el teu mail i contrasenya a &#8220;identificaci\u00f3 per a clients registrats&#8221; i punxa identificar-se.<\/p>\n<p>&#8211; Si ets un client nou introdueix en: &#8220;fer la comanda i registris com a client&#8221;, totes les dades sol\u00b7licitades.<\/p>\n<p>&#8211; Tamb\u00e9 pot realitzar la seva comanda sense registrar-se, omplint les seves dades per l&#8217;enviament.<\/p>\n<p><strong>4 M\u00e8tode de lliurament<\/strong><\/p>\n<p>&#8211; Recollida a f\u00e0brica Agramunt: &#8220;recollida pel client&#8221;<\/p>\n<p>&#8211; Lliurament a domicili: has de triar la zona on vols que s&#8217;envii el producte<\/p>\n<p><strong>5 pagament<\/strong><\/p>\n<p>&#8211; Transfer\u00e8ncia banc\u00e0ria<\/p>\n<p>&#8211; Targeta de cr\u00e8dit<\/p>\n<p><strong>6 \u00a0Recepci\u00f3 de la teva comanda\u00a0<\/strong><\/p>\n<p>&#8211; Es realitzar\u00e0 el lliurament de la comanda en dos o tres dies des de la seva recollida en tota la pen\u00ednsula, depenent dels articles sol\u00b7licitats i de la direcci\u00f3 d&#8217;enviament.<\/p>\n<p>&#8211; Per lliuraments en una hora concertada, ser\u00e0 necessari un dia m\u00e9s<\/p>\n<p><strong>7 Pol\u00edtica de devoluci\u00f3 o reposici\u00f3<\/strong><\/p>\n<p>&#8211; Nom\u00e9s s&#8217;acceptaran reclamacions posteriors al lliurament, quan en la recepci\u00f3 de la mercaderia el consignatari faci constar a l&#8217;albar\u00e0 algun tipus de reserva (falta, embalatge insuficient, trencament &#8230;)<\/p>\n<p>&#8211; Has efectuar la reclamaci\u00f3 final amb una foto adjunta per mail, com a m\u00e0xim durant el dia seg\u00fcent a la recepci\u00f3 (24 hores) del producte.<\/p>\n<\/div>\n","protected":false},"excerpt":{"rendered":"<p>Informaci\u00f3 important del client &nbsp; L&#8217;internauta declara tenir divuit anys i la capacitat jur\u00eddica d&#8217;efectuar una compra a la p\u00e0gina en la web webnova.rocafariners.com, l&#8217;internauta s&#8217;obliga a respectar les presents condicions generals de compravenda. La compravenda en webnova.rocafariners.com nom\u00e9s aquesta disponible per a adreces d&#8217;enviament d&#8217;Espanya (Illes Can\u00e0ries: nom\u00e9s Tenerife i Gran Can\u00e0ria). Per una [&hellip;]<\/p>\n","protected":false},"author":1,"featured_media":0,"parent":0,"menu_order":0,"comment_status":"open","ping_status":"open","template":"","meta":{"_monsterinsights_skip_tracking":false,"_monsterinsights_sitenote_active":false,"_monsterinsights_sitenote_note":"","_monsterinsights_sitenote_category":0},"yoast_head":"<!-- This site is optimized with the Yoast SEO plugin v15.4 - https:\/\/yoast.com\/wordpress\/plugins\/seo\/ -->\n<title>Entrega - Farinera Roca<\/title>\n<meta name=\"robots\" content=\"index, follow, max-snippet:-1, max-image-preview:large, max-video-preview:-1\" \/>\n<link rel=\"canonical\" href=\"http:\/\/rocafariners.com\/ca\/entrega-2\/\" \/>\n<meta property=\"og:locale\" content=\"ca_ES\" \/>\n<meta property=\"og:type\" content=\"article\" \/>\n<meta property=\"og:title\" content=\"Entrega - Farinera Roca\" \/>\n<meta property=\"og:description\" content=\"Informaci\u00f3 important del client &nbsp; L&#8217;internauta declara tenir divuit anys i la capacitat jur\u00eddica d&#8217;efectuar una compra a la p\u00e0gina en la web webnova.rocafariners.com, l&#8217;internauta s&#8217;obliga a respectar les presents condicions generals de compravenda. La compravenda en webnova.rocafariners.com nom\u00e9s aquesta disponible per a adreces d&#8217;enviament d&#8217;Espanya (Illes Can\u00e0ries: nom\u00e9s Tenerife i Gran Can\u00e0ria). Per una [&hellip;]\" \/>\n<meta property=\"og:url\" content=\"http:\/\/rocafariners.com\/ca\/entrega-2\/\" \/>\n<meta property=\"og:site_name\" content=\"Farinera Roca\" \/>\n<meta name=\"twitter:card\" content=\"summary_large_image\" \/>\n<meta name=\"twitter:label1\" content=\"Escrit per\">\n\t<meta name=\"twitter:data1\" content=\"admin\">\n\t<meta name=\"twitter:label2\" content=\"Temps estimat de lectura\">\n\t<meta name=\"twitter:data2\" content=\"1 minut\">\n<script type=\"application\/ld+json\" class=\"yoast-schema-graph\">{\"@context\":\"https:\/\/schema.org\",\"@graph\":[{\"@type\":\"WebSite\",\"@id\":\"http:\/\/rocafariners.com\/#website\",\"url\":\"http:\/\/rocafariners.com\/\",\"name\":\"Farinera Roca\",\"description\":\"buen trigo, buena harina, buen pan\",\"potentialAction\":[{\"@type\":\"SearchAction\",\"target\":\"http:\/\/rocafariners.com\/?s={search_term_string}\",\"query-input\":\"required name=search_term_string\"}],\"inLanguage\":\"ca\"},{\"@type\":\"WebPage\",\"@id\":\"http:\/\/rocafariners.com\/ca\/entrega-2\/#webpage\",\"url\":\"http:\/\/rocafariners.com\/ca\/entrega-2\/\",\"name\":\"Entrega - Farinera Roca\",\"isPartOf\":{\"@id\":\"http:\/\/rocafariners.com\/#website\"},\"datePublished\":\"2015-06-02T10:17:52+00:00\",\"dateModified\":\"2015-06-02T10:17:52+00:00\",\"inLanguage\":\"ca\",\"potentialAction\":[{\"@type\":\"ReadAction\",\"target\":[\"http:\/\/rocafariners.com\/ca\/entrega-2\/\"]}]}]}<\/script>\n<!-- \/ Yoast SEO plugin. -->","_links":{"self":[{"href":"https:\/\/rocafariners.com\/ca\/wp-json\/wp\/v2\/pages\/1782\/"}],"collection":[{"href":"https:\/\/rocafariners.com\/ca\/wp-json\/wp\/v2\/pages\/"}],"about":[{"href":"https:\/\/rocafariners.com\/ca\/wp-json\/wp\/v2\/types\/page\/"}],"author":[{"embeddable":true,"href":"https:\/\/rocafariners.com\/ca\/wp-json\/wp\/v2\/users\/1\/"}],"replies":[{"embeddable":true,"href":"https:\/\/rocafariners.com\/ca\/wp-json\/wp\/v2\/comments\/?post=1782"}],"version-history":[{"count":0,"href":"https:\/\/rocafariners.com\/ca\/wp-json\/wp\/v2\/pages\/1782\/revisions\/"}],"wp:attachment":[{"href":"https:\/\/rocafariners.com\/ca\/wp-json\/wp\/v2\/media\/?parent=1782"}],"curies":[{"name":"wp","href":"https:\/\/api.w.org\/{rel}","templated":true}]}}